{"id":24010,"date":"2024-12-02T17:53:41","date_gmt":"2024-12-02T17:53:41","guid":{"rendered":"https:\/\/www.cryoport.com\/gracias-ver-webinar-cuando-tiene-sentido-externalizar-la-cualificacion-de-los-centros-de-extraccion-autologa-y-la-cadena-de-suministro-de-terapia-celular\/"},"modified":"2026-02-12T14:32:13","modified_gmt":"2026-02-12T19:32:13","slug":"gracias-ver-webinar-cuando-tiene-sentido-externalizar-la-cualificacion-de-los-centros-de-extraccion-autologa-y-la-cadena-de-suministro-de-terapia-celular","status":"publish","type":"page","link":"https:\/\/www.cryoport.com\/es\/gracias-ver-webinar-cuando-tiene-sentido-externalizar-la-cualificacion-de-los-centros-de-extraccion-autologa-y-la-cadena-de-suministro-de-terapia-celular\/","title":{"rendered":"\u00a1Gracias! Ver Webinar: \u00bfCu\u00e1ndo tiene sentido externalizar la cualificaci\u00f3n de los centros de extracci\u00f3n aut\u00f3loga y la cadena de suministro de terapia celular?"},"content":{"rendered":"","protected":false},"excerpt":{"rendered":"","protected":false},"author":31,"featured_media":15136,"parent":0,"menu_order":0,"comment_status":"closed","ping_status":"closed","template":"","meta":{"_acf_changed":false,"footnotes":""},"class_list":["post-24010","page","type-page","status-publish","has-post-thumbnail","hentry"],"acf":[],"yoast_head":"<!-- This site is optimized with the Yoast SEO plugin v27.4 - https:\/\/yoast.com\/product\/yoast-seo-wordpress\/ -->\n<title>\u00a1Gracias! Ver Webinar: \u00bfCu\u00e1ndo tiene sentido externalizar la cualificaci\u00f3n de los centros de extracci\u00f3n aut\u00f3loga y la cadena de suministro de terapia celular? - Cryoport Systems<\/title>\n<meta name=\"robots\" content=\"index, follow, max-snippet:-1, max-image-preview:large, max-video-preview:-1\" \/>\n<link rel=\"canonical\" href=\"https:\/\/www.cryoport.com\/es\/gracias-ver-webinar-cuando-tiene-sentido-externalizar-la-cualificacion-de-los-centros-de-extraccion-autologa-y-la-cadena-de-suministro-de-terapia-celular\/\" \/>\n<meta property=\"og:locale\" content=\"es_ES\" \/>\n<meta property=\"og:type\" content=\"article\" \/>\n<meta property=\"og:title\" content=\"\u00a1Gracias! Ver Webinar: \u00bfCu\u00e1ndo tiene sentido externalizar la cualificaci\u00f3n de los centros de extracci\u00f3n aut\u00f3loga y la cadena de suministro de terapia celular? - Cryoport Systems\" \/>\n<meta property=\"og:url\" content=\"https:\/\/www.cryoport.com\/es\/gracias-ver-webinar-cuando-tiene-sentido-externalizar-la-cualificacion-de-los-centros-de-extraccion-autologa-y-la-cadena-de-suministro-de-terapia-celular\/\" \/>\n<meta property=\"og:site_name\" content=\"Cryoport Systems\" \/>\n<meta property=\"article:modified_time\" content=\"2026-02-12T19:32:13+00:00\" \/>\n<meta property=\"og:image\" content=\"https:\/\/www.cryoport.com\/wp-content\/uploads\/2024\/12\/Webinar-Header-NMDP-with-AmyIntegriCell-1024x394.png\" \/>\n\t<meta property=\"og:image:width\" content=\"1024\" \/>\n\t<meta property=\"og:image:height\" content=\"394\" \/>\n\t<meta property=\"og:image:type\" content=\"image\/png\" \/>\n<meta name=\"twitter:card\" content=\"summary_large_image\" \/>\n<meta name=\"twitter:site\" content=\"@cryoport\" \/>\n<script type=\"application\/ld+json\" class=\"yoast-schema-graph\">{\"@context\":\"https:\\\/\\\/schema.org\",\"@graph\":[{\"@type\":\"WebPage\",\"@id\":\"https:\\\/\\\/www.cryoport.com\\\/es\\\/gracias-ver-webinar-cuando-tiene-sentido-externalizar-la-cualificacion-de-los-centros-de-extraccion-autologa-y-la-cadena-de-suministro-de-terapia-celular\\\/\",\"url\":\"https:\\\/\\\/www.cryoport.com\\\/es\\\/gracias-ver-webinar-cuando-tiene-sentido-externalizar-la-cualificacion-de-los-centros-de-extraccion-autologa-y-la-cadena-de-suministro-de-terapia-celular\\\/\",\"name\":\"\u00a1Gracias! Ver Webinar: \u00bfCu\u00e1ndo tiene sentido externalizar la cualificaci\u00f3n de los centros de extracci\u00f3n aut\u00f3loga y la cadena de suministro de terapia celular? - Cryoport Systems\",\"isPartOf\":{\"@id\":\"https:\\\/\\\/www.cryoport.com\\\/es\\\/#website\"},\"primaryImageOfPage\":{\"@id\":\"https:\\\/\\\/www.cryoport.com\\\/es\\\/gracias-ver-webinar-cuando-tiene-sentido-externalizar-la-cualificacion-de-los-centros-de-extraccion-autologa-y-la-cadena-de-suministro-de-terapia-celular\\\/#primaryimage\"},\"image\":{\"@id\":\"https:\\\/\\\/www.cryoport.com\\\/es\\\/gracias-ver-webinar-cuando-tiene-sentido-externalizar-la-cualificacion-de-los-centros-de-extraccion-autologa-y-la-cadena-de-suministro-de-terapia-celular\\\/#primaryimage\"},\"thumbnailUrl\":\"https:\\\/\\\/www.cryoport.com\\\/wp-content\\\/uploads\\\/2024\\\/12\\\/Webinar-Header-NMDP-with-AmyIntegriCell.png\",\"datePublished\":\"2024-12-02T17:53:41+00:00\",\"dateModified\":\"2026-02-12T19:32:13+00:00\",\"breadcrumb\":{\"@id\":\"https:\\\/\\\/www.cryoport.com\\\/es\\\/gracias-ver-webinar-cuando-tiene-sentido-externalizar-la-cualificacion-de-los-centros-de-extraccion-autologa-y-la-cadena-de-suministro-de-terapia-celular\\\/#breadcrumb\"},\"inLanguage\":\"es\",\"potentialAction\":[{\"@type\":\"ReadAction\",\"target\":[\"https:\\\/\\\/www.cryoport.com\\\/es\\\/gracias-ver-webinar-cuando-tiene-sentido-externalizar-la-cualificacion-de-los-centros-de-extraccion-autologa-y-la-cadena-de-suministro-de-terapia-celular\\\/\"]}]},{\"@type\":\"ImageObject\",\"inLanguage\":\"es\",\"@id\":\"https:\\\/\\\/www.cryoport.com\\\/es\\\/gracias-ver-webinar-cuando-tiene-sentido-externalizar-la-cualificacion-de-los-centros-de-extraccion-autologa-y-la-cadena-de-suministro-de-terapia-celular\\\/#primaryimage\",\"url\":\"https:\\\/\\\/www.cryoport.com\\\/wp-content\\\/uploads\\\/2024\\\/12\\\/Webinar-Header-NMDP-with-AmyIntegriCell.png\",\"contentUrl\":\"https:\\\/\\\/www.cryoport.com\\\/wp-content\\\/uploads\\\/2024\\\/12\\\/Webinar-Header-NMDP-with-AmyIntegriCell.png\",\"width\":3600,\"height\":1386},{\"@type\":\"BreadcrumbList\",\"@id\":\"https:\\\/\\\/www.cryoport.com\\\/es\\\/gracias-ver-webinar-cuando-tiene-sentido-externalizar-la-cualificacion-de-los-centros-de-extraccion-autologa-y-la-cadena-de-suministro-de-terapia-celular\\\/#breadcrumb\",\"itemListElement\":[{\"@type\":\"ListItem\",\"position\":1,\"name\":\"Home\",\"item\":\"https:\\\/\\\/www.cryoport.com\\\/es\\\/pagina-de-inicio\\\/\"},{\"@type\":\"ListItem\",\"position\":2,\"name\":\"\u00a1Gracias! Ver Webinar: \u00bfCu\u00e1ndo tiene sentido externalizar la cualificaci\u00f3n de los centros de extracci\u00f3n aut\u00f3loga y la cadena de suministro de terapia celular?\"}]},{\"@type\":\"WebSite\",\"@id\":\"https:\\\/\\\/www.cryoport.com\\\/es\\\/#website\",\"url\":\"https:\\\/\\\/www.cryoport.com\\\/es\\\/\",\"name\":\"Cryoport Systems\",\"description\":\"Enabling the Future of Medicine\",\"publisher\":{\"@id\":\"https:\\\/\\\/www.cryoport.com\\\/es\\\/#organization\"},\"potentialAction\":[{\"@type\":\"SearchAction\",\"target\":{\"@type\":\"EntryPoint\",\"urlTemplate\":\"https:\\\/\\\/www.cryoport.com\\\/es\\\/?s={search_term_string}\"},\"query-input\":{\"@type\":\"PropertyValueSpecification\",\"valueRequired\":true,\"valueName\":\"search_term_string\"}}],\"inLanguage\":\"es\"},{\"@type\":\"Organization\",\"@id\":\"https:\\\/\\\/www.cryoport.com\\\/es\\\/#organization\",\"name\":\"Cryoport Systems\",\"url\":\"https:\\\/\\\/www.cryoport.com\\\/es\\\/\",\"logo\":{\"@type\":\"ImageObject\",\"inLanguage\":\"es\",\"@id\":\"https:\\\/\\\/www.cryoport.com\\\/es\\\/#\\\/schema\\\/logo\\\/image\\\/\",\"url\":\"https:\\\/\\\/www.cryoport.com\\\/wp-content\\\/uploads\\\/2023\\\/12\\\/systems-square.png\",\"contentUrl\":\"https:\\\/\\\/www.cryoport.com\\\/wp-content\\\/uploads\\\/2023\\\/12\\\/systems-square.png\",\"width\":1200,\"height\":1200,\"caption\":\"Cryoport Systems\"},\"image\":{\"@id\":\"https:\\\/\\\/www.cryoport.com\\\/es\\\/#\\\/schema\\\/logo\\\/image\\\/\"},\"sameAs\":[\"https:\\\/\\\/x.com\\\/cryoport\",\"https:\\\/\\\/www.linkedin.com\\\/company\\\/856887\",\"https:\\\/\\\/www.youtube.com\\\/user\\\/CryoportVideo\"]}]}<\/script>\n<!-- \/ Yoast SEO plugin. -->","yoast_head_json":{"title":"\u00a1Gracias! Ver Webinar: \u00bfCu\u00e1ndo tiene sentido externalizar la cualificaci\u00f3n de los centros de extracci\u00f3n aut\u00f3loga y la cadena de suministro de terapia celular? - Cryoport Systems","robots":{"index":"index","follow":"follow","max-snippet":"max-snippet:-1","max-image-preview":"max-image-preview:large","max-video-preview":"max-video-preview:-1"},"canonical":"https:\/\/www.cryoport.com\/es\/gracias-ver-webinar-cuando-tiene-sentido-externalizar-la-cualificacion-de-los-centros-de-extraccion-autologa-y-la-cadena-de-suministro-de-terapia-celular\/","og_locale":"es_ES","og_type":"article","og_title":"\u00a1Gracias! Ver Webinar: \u00bfCu\u00e1ndo tiene sentido externalizar la cualificaci\u00f3n de los centros de extracci\u00f3n aut\u00f3loga y la cadena de suministro de terapia celular? - Cryoport Systems","og_url":"https:\/\/www.cryoport.com\/es\/gracias-ver-webinar-cuando-tiene-sentido-externalizar-la-cualificacion-de-los-centros-de-extraccion-autologa-y-la-cadena-de-suministro-de-terapia-celular\/","og_site_name":"Cryoport Systems","article_modified_time":"2026-02-12T19:32:13+00:00","og_image":[{"width":1024,"height":394,"url":"https:\/\/www.cryoport.com\/wp-content\/uploads\/2024\/12\/Webinar-Header-NMDP-with-AmyIntegriCell-1024x394.png","type":"image\/png"}],"twitter_card":"summary_large_image","twitter_site":"@cryoport","schema":{"@context":"https:\/\/schema.org","@graph":[{"@type":"WebPage","@id":"https:\/\/www.cryoport.com\/es\/gracias-ver-webinar-cuando-tiene-sentido-externalizar-la-cualificacion-de-los-centros-de-extraccion-autologa-y-la-cadena-de-suministro-de-terapia-celular\/","url":"https:\/\/www.cryoport.com\/es\/gracias-ver-webinar-cuando-tiene-sentido-externalizar-la-cualificacion-de-los-centros-de-extraccion-autologa-y-la-cadena-de-suministro-de-terapia-celular\/","name":"\u00a1Gracias! Ver Webinar: \u00bfCu\u00e1ndo tiene sentido externalizar la cualificaci\u00f3n de los centros de extracci\u00f3n aut\u00f3loga y la cadena de suministro de terapia celular? - Cryoport Systems","isPartOf":{"@id":"https:\/\/www.cryoport.com\/es\/#website"},"primaryImageOfPage":{"@id":"https:\/\/www.cryoport.com\/es\/gracias-ver-webinar-cuando-tiene-sentido-externalizar-la-cualificacion-de-los-centros-de-extraccion-autologa-y-la-cadena-de-suministro-de-terapia-celular\/#primaryimage"},"image":{"@id":"https:\/\/www.cryoport.com\/es\/gracias-ver-webinar-cuando-tiene-sentido-externalizar-la-cualificacion-de-los-centros-de-extraccion-autologa-y-la-cadena-de-suministro-de-terapia-celular\/#primaryimage"},"thumbnailUrl":"https:\/\/www.cryoport.com\/wp-content\/uploads\/2024\/12\/Webinar-Header-NMDP-with-AmyIntegriCell.png","datePublished":"2024-12-02T17:53:41+00:00","dateModified":"2026-02-12T19:32:13+00:00","breadcrumb":{"@id":"https:\/\/www.cryoport.com\/es\/gracias-ver-webinar-cuando-tiene-sentido-externalizar-la-cualificacion-de-los-centros-de-extraccion-autologa-y-la-cadena-de-suministro-de-terapia-celular\/#breadcrumb"},"inLanguage":"es","potentialAction":[{"@type":"ReadAction","target":["https:\/\/www.cryoport.com\/es\/gracias-ver-webinar-cuando-tiene-sentido-externalizar-la-cualificacion-de-los-centros-de-extraccion-autologa-y-la-cadena-de-suministro-de-terapia-celular\/"]}]},{"@type":"ImageObject","inLanguage":"es","@id":"https:\/\/www.cryoport.com\/es\/gracias-ver-webinar-cuando-tiene-sentido-externalizar-la-cualificacion-de-los-centros-de-extraccion-autologa-y-la-cadena-de-suministro-de-terapia-celular\/#primaryimage","url":"https:\/\/www.cryoport.com\/wp-content\/uploads\/2024\/12\/Webinar-Header-NMDP-with-AmyIntegriCell.png","contentUrl":"https:\/\/www.cryoport.com\/wp-content\/uploads\/2024\/12\/Webinar-Header-NMDP-with-AmyIntegriCell.png","width":3600,"height":1386},{"@type":"BreadcrumbList","@id":"https:\/\/www.cryoport.com\/es\/gracias-ver-webinar-cuando-tiene-sentido-externalizar-la-cualificacion-de-los-centros-de-extraccion-autologa-y-la-cadena-de-suministro-de-terapia-celular\/#breadcrumb","itemListElement":[{"@type":"ListItem","position":1,"name":"Home","item":"https:\/\/www.cryoport.com\/es\/pagina-de-inicio\/"},{"@type":"ListItem","position":2,"name":"\u00a1Gracias! Ver Webinar: \u00bfCu\u00e1ndo tiene sentido externalizar la cualificaci\u00f3n de los centros de extracci\u00f3n aut\u00f3loga y la cadena de suministro de terapia celular?"}]},{"@type":"WebSite","@id":"https:\/\/www.cryoport.com\/es\/#website","url":"https:\/\/www.cryoport.com\/es\/","name":"Cryoport Systems","description":"Enabling the Future of Medicine","publisher":{"@id":"https:\/\/www.cryoport.com\/es\/#organization"},"potentialAction":[{"@type":"SearchAction","target":{"@type":"EntryPoint","urlTemplate":"https:\/\/www.cryoport.com\/es\/?s={search_term_string}"},"query-input":{"@type":"PropertyValueSpecification","valueRequired":true,"valueName":"search_term_string"}}],"inLanguage":"es"},{"@type":"Organization","@id":"https:\/\/www.cryoport.com\/es\/#organization","name":"Cryoport Systems","url":"https:\/\/www.cryoport.com\/es\/","logo":{"@type":"ImageObject","inLanguage":"es","@id":"https:\/\/www.cryoport.com\/es\/#\/schema\/logo\/image\/","url":"https:\/\/www.cryoport.com\/wp-content\/uploads\/2023\/12\/systems-square.png","contentUrl":"https:\/\/www.cryoport.com\/wp-content\/uploads\/2023\/12\/systems-square.png","width":1200,"height":1200,"caption":"Cryoport Systems"},"image":{"@id":"https:\/\/www.cryoport.com\/es\/#\/schema\/logo\/image\/"},"sameAs":["https:\/\/x.com\/cryoport","https:\/\/www.linkedin.com\/company\/856887","https:\/\/www.youtube.com\/user\/CryoportVideo"]}]}},"_links":{"self":[{"href":"https:\/\/www.cryoport.com\/es\/wp-json\/wp\/v2\/pages\/24010","targetHints":{"allow":["GET"]}}],"collection":[{"href":"https:\/\/www.cryoport.com\/es\/wp-json\/wp\/v2\/pages"}],"about":[{"href":"https:\/\/www.cryoport.com\/es\/wp-json\/wp\/v2\/types\/page"}],"author":[{"embeddable":true,"href":"https:\/\/www.cryoport.com\/es\/wp-json\/wp\/v2\/users\/31"}],"replies":[{"embeddable":true,"href":"https:\/\/www.cryoport.com\/es\/wp-json\/wp\/v2\/comments?post=24010"}],"version-history":[{"count":1,"href":"https:\/\/www.cryoport.com\/es\/wp-json\/wp\/v2\/pages\/24010\/revisions"}],"predecessor-version":[{"id":25303,"href":"https:\/\/www.cryoport.com\/es\/wp-json\/wp\/v2\/pages\/24010\/revisions\/25303"}],"wp:featuredmedia":[{"embeddable":true,"href":"https:\/\/www.cryoport.com\/es\/wp-json\/wp\/v2\/media\/15136"}],"wp:attachment":[{"href":"https:\/\/www.cryoport.com\/es\/wp-json\/wp\/v2\/media?parent=24010"}],"curies":[{"name":"wp","href":"https:\/\/api.w.org\/{rel}","templated":true}]}}