{"id":24082,"date":"2025-01-29T17:51:56","date_gmt":"2025-01-29T17:51:56","guid":{"rendered":"https:\/\/www.cryoport.com\/gracias-ver-video-las-ultimas-innovaciones-de-cryoport-systems-permiten-resultados-excepcionales-para-los-pacientes\/"},"modified":"2026-02-12T14:17:55","modified_gmt":"2026-02-12T19:17:55","slug":"gracias-ver-video-las-ultimas-innovaciones-de-cryoport-systems-permiten-resultados-excepcionales-para-los-pacientes","status":"publish","type":"page","link":"https:\/\/www.cryoport.com\/es\/gracias-ver-video-las-ultimas-innovaciones-de-cryoport-systems-permiten-resultados-excepcionales-para-los-pacientes\/","title":{"rendered":"\u00a1Gracias! Ver V\u00eddeo: Las \u00faltimas innovaciones de Cryoport Systems permiten resultados excepcionales para los pacientes"},"content":{"rendered":"","protected":false},"excerpt":{"rendered":"","protected":false},"author":38,"featured_media":15904,"parent":0,"menu_order":0,"comment_status":"closed","ping_status":"closed","template":"","meta":{"_acf_changed":false,"footnotes":""},"class_list":["post-24082","page","type-page","status-publish","has-post-thumbnail","hentry"],"acf":[],"yoast_head":"<!-- This site is optimized with the Yoast SEO plugin v27.4 - https:\/\/yoast.com\/product\/yoast-seo-wordpress\/ -->\n<title>\u00a1Gracias! Ver V\u00eddeo: Las \u00faltimas innovaciones de Cryoport Systems permiten resultados excepcionales para los pacientes - Cryoport Systems<\/title>\n<meta name=\"description\" content=\"\u00danete a nuestro equipo mientras profundizamos en nuestras soluciones integrales de gesti\u00f3n de la cadena de suministro adaptadas a la industria biofarmac\u00e9utica.\" \/>\n<meta name=\"robots\" content=\"index, follow, max-snippet:-1, max-image-preview:large, max-video-preview:-1\" \/>\n<link rel=\"canonical\" href=\"https:\/\/www.cryoport.com\/es\/gracias-ver-video-las-ultimas-innovaciones-de-cryoport-systems-permiten-resultados-excepcionales-para-los-pacientes\/\" \/>\n<meta property=\"og:locale\" content=\"es_ES\" \/>\n<meta property=\"og:type\" content=\"article\" \/>\n<meta property=\"og:title\" content=\"\u00a1Gracias! Ver V\u00eddeo: Las \u00faltimas innovaciones de Cryoport Systems permiten resultados excepcionales para los pacientes - Cryoport Systems\" \/>\n<meta property=\"og:description\" content=\"\u00danete a nuestro equipo mientras profundizamos en nuestras soluciones integrales de gesti\u00f3n de la cadena de suministro adaptadas a la industria biofarmac\u00e9utica.\" \/>\n<meta property=\"og:url\" content=\"https:\/\/www.cryoport.com\/es\/gracias-ver-video-las-ultimas-innovaciones-de-cryoport-systems-permiten-resultados-excepcionales-para-los-pacientes\/\" \/>\n<meta property=\"og:site_name\" content=\"Cryoport Systems\" \/>\n<meta property=\"article:modified_time\" content=\"2026-02-12T19:17:55+00:00\" \/>\n<meta property=\"og:image\" content=\"https:\/\/www.cryoport.com\/wp-content\/uploads\/2025\/01\/ATW-Video-Gated-Content.png\" \/>\n\t<meta property=\"og:image:width\" content=\"1350\" \/>\n\t<meta property=\"og:image:height\" content=\"550\" \/>\n\t<meta property=\"og:image:type\" content=\"image\/png\" \/>\n<meta name=\"twitter:card\" content=\"summary_large_image\" \/>\n<meta name=\"twitter:site\" content=\"@cryoport\" \/>\n<script type=\"application\/ld+json\" class=\"yoast-schema-graph\">{\"@context\":\"https:\\\/\\\/schema.org\",\"@graph\":[{\"@type\":\"WebPage\",\"@id\":\"https:\\\/\\\/www.cryoport.com\\\/es\\\/gracias-ver-video-las-ultimas-innovaciones-de-cryoport-systems-permiten-resultados-excepcionales-para-los-pacientes\\\/\",\"url\":\"https:\\\/\\\/www.cryoport.com\\\/es\\\/gracias-ver-video-las-ultimas-innovaciones-de-cryoport-systems-permiten-resultados-excepcionales-para-los-pacientes\\\/\",\"name\":\"\u00a1Gracias! Ver V\u00eddeo: Las \u00faltimas innovaciones de Cryoport Systems permiten resultados excepcionales para los pacientes - Cryoport Systems\",\"isPartOf\":{\"@id\":\"https:\\\/\\\/www.cryoport.com\\\/es\\\/#website\"},\"primaryImageOfPage\":{\"@id\":\"https:\\\/\\\/www.cryoport.com\\\/es\\\/gracias-ver-video-las-ultimas-innovaciones-de-cryoport-systems-permiten-resultados-excepcionales-para-los-pacientes\\\/#primaryimage\"},\"image\":{\"@id\":\"https:\\\/\\\/www.cryoport.com\\\/es\\\/gracias-ver-video-las-ultimas-innovaciones-de-cryoport-systems-permiten-resultados-excepcionales-para-los-pacientes\\\/#primaryimage\"},\"thumbnailUrl\":\"https:\\\/\\\/www.cryoport.com\\\/wp-content\\\/uploads\\\/2025\\\/01\\\/ATW-Video-Gated-Content.png\",\"datePublished\":\"2025-01-29T17:51:56+00:00\",\"dateModified\":\"2026-02-12T19:17:55+00:00\",\"description\":\"\u00danete a nuestro equipo mientras profundizamos en nuestras soluciones integrales de gesti\u00f3n de la cadena de suministro adaptadas a la industria biofarmac\u00e9utica.\",\"breadcrumb\":{\"@id\":\"https:\\\/\\\/www.cryoport.com\\\/es\\\/gracias-ver-video-las-ultimas-innovaciones-de-cryoport-systems-permiten-resultados-excepcionales-para-los-pacientes\\\/#breadcrumb\"},\"inLanguage\":\"es\",\"potentialAction\":[{\"@type\":\"ReadAction\",\"target\":[\"https:\\\/\\\/www.cryoport.com\\\/es\\\/gracias-ver-video-las-ultimas-innovaciones-de-cryoport-systems-permiten-resultados-excepcionales-para-los-pacientes\\\/\"]}]},{\"@type\":\"ImageObject\",\"inLanguage\":\"es\",\"@id\":\"https:\\\/\\\/www.cryoport.com\\\/es\\\/gracias-ver-video-las-ultimas-innovaciones-de-cryoport-systems-permiten-resultados-excepcionales-para-los-pacientes\\\/#primaryimage\",\"url\":\"https:\\\/\\\/www.cryoport.com\\\/wp-content\\\/uploads\\\/2025\\\/01\\\/ATW-Video-Gated-Content.png\",\"contentUrl\":\"https:\\\/\\\/www.cryoport.com\\\/wp-content\\\/uploads\\\/2025\\\/01\\\/ATW-Video-Gated-Content.png\",\"width\":1350,\"height\":550},{\"@type\":\"BreadcrumbList\",\"@id\":\"https:\\\/\\\/www.cryoport.com\\\/es\\\/gracias-ver-video-las-ultimas-innovaciones-de-cryoport-systems-permiten-resultados-excepcionales-para-los-pacientes\\\/#breadcrumb\",\"itemListElement\":[{\"@type\":\"ListItem\",\"position\":1,\"name\":\"Home\",\"item\":\"https:\\\/\\\/www.cryoport.com\\\/es\\\/pagina-de-inicio\\\/\"},{\"@type\":\"ListItem\",\"position\":2,\"name\":\"\u00a1Gracias! Ver V\u00eddeo: Las \u00faltimas innovaciones de Cryoport Systems permiten resultados excepcionales para los pacientes\"}]},{\"@type\":\"WebSite\",\"@id\":\"https:\\\/\\\/www.cryoport.com\\\/es\\\/#website\",\"url\":\"https:\\\/\\\/www.cryoport.com\\\/es\\\/\",\"name\":\"Cryoport Systems\",\"description\":\"Enabling the Future of Medicine\",\"publisher\":{\"@id\":\"https:\\\/\\\/www.cryoport.com\\\/es\\\/#organization\"},\"potentialAction\":[{\"@type\":\"SearchAction\",\"target\":{\"@type\":\"EntryPoint\",\"urlTemplate\":\"https:\\\/\\\/www.cryoport.com\\\/es\\\/?s={search_term_string}\"},\"query-input\":{\"@type\":\"PropertyValueSpecification\",\"valueRequired\":true,\"valueName\":\"search_term_string\"}}],\"inLanguage\":\"es\"},{\"@type\":\"Organization\",\"@id\":\"https:\\\/\\\/www.cryoport.com\\\/es\\\/#organization\",\"name\":\"Cryoport Systems\",\"url\":\"https:\\\/\\\/www.cryoport.com\\\/es\\\/\",\"logo\":{\"@type\":\"ImageObject\",\"inLanguage\":\"es\",\"@id\":\"https:\\\/\\\/www.cryoport.com\\\/es\\\/#\\\/schema\\\/logo\\\/image\\\/\",\"url\":\"https:\\\/\\\/www.cryoport.com\\\/wp-content\\\/uploads\\\/2023\\\/12\\\/systems-square.png\",\"contentUrl\":\"https:\\\/\\\/www.cryoport.com\\\/wp-content\\\/uploads\\\/2023\\\/12\\\/systems-square.png\",\"width\":1200,\"height\":1200,\"caption\":\"Cryoport Systems\"},\"image\":{\"@id\":\"https:\\\/\\\/www.cryoport.com\\\/es\\\/#\\\/schema\\\/logo\\\/image\\\/\"},\"sameAs\":[\"https:\\\/\\\/x.com\\\/cryoport\",\"https:\\\/\\\/www.linkedin.com\\\/company\\\/856887\",\"https:\\\/\\\/www.youtube.com\\\/user\\\/CryoportVideo\"]}]}<\/script>\n<!-- \/ Yoast SEO plugin. -->","yoast_head_json":{"title":"\u00a1Gracias! Ver V\u00eddeo: Las \u00faltimas innovaciones de Cryoport Systems permiten resultados excepcionales para los pacientes - Cryoport Systems","description":"\u00danete a nuestro equipo mientras profundizamos en nuestras soluciones integrales de gesti\u00f3n de la cadena de suministro adaptadas a la industria biofarmac\u00e9utica.","robots":{"index":"index","follow":"follow","max-snippet":"max-snippet:-1","max-image-preview":"max-image-preview:large","max-video-preview":"max-video-preview:-1"},"canonical":"https:\/\/www.cryoport.com\/es\/gracias-ver-video-las-ultimas-innovaciones-de-cryoport-systems-permiten-resultados-excepcionales-para-los-pacientes\/","og_locale":"es_ES","og_type":"article","og_title":"\u00a1Gracias! Ver V\u00eddeo: Las \u00faltimas innovaciones de Cryoport Systems permiten resultados excepcionales para los pacientes - Cryoport Systems","og_description":"\u00danete a nuestro equipo mientras profundizamos en nuestras soluciones integrales de gesti\u00f3n de la cadena de suministro adaptadas a la industria biofarmac\u00e9utica.","og_url":"https:\/\/www.cryoport.com\/es\/gracias-ver-video-las-ultimas-innovaciones-de-cryoport-systems-permiten-resultados-excepcionales-para-los-pacientes\/","og_site_name":"Cryoport Systems","article_modified_time":"2026-02-12T19:17:55+00:00","og_image":[{"width":1350,"height":550,"url":"https:\/\/www.cryoport.com\/wp-content\/uploads\/2025\/01\/ATW-Video-Gated-Content.png","type":"image\/png"}],"twitter_card":"summary_large_image","twitter_site":"@cryoport","schema":{"@context":"https:\/\/schema.org","@graph":[{"@type":"WebPage","@id":"https:\/\/www.cryoport.com\/es\/gracias-ver-video-las-ultimas-innovaciones-de-cryoport-systems-permiten-resultados-excepcionales-para-los-pacientes\/","url":"https:\/\/www.cryoport.com\/es\/gracias-ver-video-las-ultimas-innovaciones-de-cryoport-systems-permiten-resultados-excepcionales-para-los-pacientes\/","name":"\u00a1Gracias! Ver V\u00eddeo: Las \u00faltimas innovaciones de Cryoport Systems permiten resultados excepcionales para los pacientes - Cryoport Systems","isPartOf":{"@id":"https:\/\/www.cryoport.com\/es\/#website"},"primaryImageOfPage":{"@id":"https:\/\/www.cryoport.com\/es\/gracias-ver-video-las-ultimas-innovaciones-de-cryoport-systems-permiten-resultados-excepcionales-para-los-pacientes\/#primaryimage"},"image":{"@id":"https:\/\/www.cryoport.com\/es\/gracias-ver-video-las-ultimas-innovaciones-de-cryoport-systems-permiten-resultados-excepcionales-para-los-pacientes\/#primaryimage"},"thumbnailUrl":"https:\/\/www.cryoport.com\/wp-content\/uploads\/2025\/01\/ATW-Video-Gated-Content.png","datePublished":"2025-01-29T17:51:56+00:00","dateModified":"2026-02-12T19:17:55+00:00","description":"\u00danete a nuestro equipo mientras profundizamos en nuestras soluciones integrales de gesti\u00f3n de la cadena de suministro adaptadas a la industria biofarmac\u00e9utica.","breadcrumb":{"@id":"https:\/\/www.cryoport.com\/es\/gracias-ver-video-las-ultimas-innovaciones-de-cryoport-systems-permiten-resultados-excepcionales-para-los-pacientes\/#breadcrumb"},"inLanguage":"es","potentialAction":[{"@type":"ReadAction","target":["https:\/\/www.cryoport.com\/es\/gracias-ver-video-las-ultimas-innovaciones-de-cryoport-systems-permiten-resultados-excepcionales-para-los-pacientes\/"]}]},{"@type":"ImageObject","inLanguage":"es","@id":"https:\/\/www.cryoport.com\/es\/gracias-ver-video-las-ultimas-innovaciones-de-cryoport-systems-permiten-resultados-excepcionales-para-los-pacientes\/#primaryimage","url":"https:\/\/www.cryoport.com\/wp-content\/uploads\/2025\/01\/ATW-Video-Gated-Content.png","contentUrl":"https:\/\/www.cryoport.com\/wp-content\/uploads\/2025\/01\/ATW-Video-Gated-Content.png","width":1350,"height":550},{"@type":"BreadcrumbList","@id":"https:\/\/www.cryoport.com\/es\/gracias-ver-video-las-ultimas-innovaciones-de-cryoport-systems-permiten-resultados-excepcionales-para-los-pacientes\/#breadcrumb","itemListElement":[{"@type":"ListItem","position":1,"name":"Home","item":"https:\/\/www.cryoport.com\/es\/pagina-de-inicio\/"},{"@type":"ListItem","position":2,"name":"\u00a1Gracias! Ver V\u00eddeo: Las \u00faltimas innovaciones de Cryoport Systems permiten resultados excepcionales para los pacientes"}]},{"@type":"WebSite","@id":"https:\/\/www.cryoport.com\/es\/#website","url":"https:\/\/www.cryoport.com\/es\/","name":"Cryoport Systems","description":"Enabling the Future of Medicine","publisher":{"@id":"https:\/\/www.cryoport.com\/es\/#organization"},"potentialAction":[{"@type":"SearchAction","target":{"@type":"EntryPoint","urlTemplate":"https:\/\/www.cryoport.com\/es\/?s={search_term_string}"},"query-input":{"@type":"PropertyValueSpecification","valueRequired":true,"valueName":"search_term_string"}}],"inLanguage":"es"},{"@type":"Organization","@id":"https:\/\/www.cryoport.com\/es\/#organization","name":"Cryoport Systems","url":"https:\/\/www.cryoport.com\/es\/","logo":{"@type":"ImageObject","inLanguage":"es","@id":"https:\/\/www.cryoport.com\/es\/#\/schema\/logo\/image\/","url":"https:\/\/www.cryoport.com\/wp-content\/uploads\/2023\/12\/systems-square.png","contentUrl":"https:\/\/www.cryoport.com\/wp-content\/uploads\/2023\/12\/systems-square.png","width":1200,"height":1200,"caption":"Cryoport Systems"},"image":{"@id":"https:\/\/www.cryoport.com\/es\/#\/schema\/logo\/image\/"},"sameAs":["https:\/\/x.com\/cryoport","https:\/\/www.linkedin.com\/company\/856887","https:\/\/www.youtube.com\/user\/CryoportVideo"]}]}},"_links":{"self":[{"href":"https:\/\/www.cryoport.com\/es\/wp-json\/wp\/v2\/pages\/24082","targetHints":{"allow":["GET"]}}],"collection":[{"href":"https:\/\/www.cryoport.com\/es\/wp-json\/wp\/v2\/pages"}],"about":[{"href":"https:\/\/www.cryoport.com\/es\/wp-json\/wp\/v2\/types\/page"}],"author":[{"embeddable":true,"href":"https:\/\/www.cryoport.com\/es\/wp-json\/wp\/v2\/users\/38"}],"replies":[{"embeddable":true,"href":"https:\/\/www.cryoport.com\/es\/wp-json\/wp\/v2\/comments?post=24082"}],"version-history":[{"count":1,"href":"https:\/\/www.cryoport.com\/es\/wp-json\/wp\/v2\/pages\/24082\/revisions"}],"predecessor-version":[{"id":25224,"href":"https:\/\/www.cryoport.com\/es\/wp-json\/wp\/v2\/pages\/24082\/revisions\/25224"}],"wp:featuredmedia":[{"embeddable":true,"href":"https:\/\/www.cryoport.com\/es\/wp-json\/wp\/v2\/media\/15904"}],"wp:attachment":[{"href":"https:\/\/www.cryoport.com\/es\/wp-json\/wp\/v2\/media?parent=24082"}],"curies":[{"name":"wp","href":"https:\/\/api.w.org\/{rel}","templated":true}]}}