{"id":24130,"date":"2022-10-11T17:07:05","date_gmt":"2022-10-11T16:07:05","guid":{"rendered":"https:\/\/www.cryoport.com\/quienes-somos\/"},"modified":"2026-02-12T14:56:27","modified_gmt":"2026-02-12T19:56:27","slug":"quienes-somos","status":"publish","type":"page","link":"https:\/\/www.cryoport.com\/es\/quienes-somos\/","title":{"rendered":"Qui\u00e9nes somos"},"content":{"rendered":"","protected":false},"excerpt":{"rendered":"","protected":false},"author":1,"featured_media":3901,"parent":0,"menu_order":0,"comment_status":"closed","ping_status":"closed","template":"","meta":{"_acf_changed":false,"footnotes":""},"class_list":["post-24130","page","type-page","status-publish","has-post-thumbnail","hentry"],"acf":[],"yoast_head":"<!-- This site is optimized with the Yoast SEO plugin v27.2 - https:\/\/yoast.com\/product\/yoast-seo-wordpress\/ -->\n<title>Qui\u00e9nes somos - Cryoport Systems<\/title>\n<meta name=\"description\" content=\"Cryoport Systems ofrece soluciones de gesti\u00f3n de la cadena de suministro a gran escala que apoyan los viajes cr\u00edticos de la industria de las ciencias de la vida.\" \/>\n<meta name=\"robots\" content=\"index, follow, max-snippet:-1, max-image-preview:large, max-video-preview:-1\" \/>\n<link rel=\"canonical\" href=\"https:\/\/www.cryoport.com\/es\/quienes-somos\/\" \/>\n<meta property=\"og:locale\" content=\"es_ES\" \/>\n<meta property=\"og:type\" content=\"article\" \/>\n<meta property=\"og:title\" content=\"Qui\u00e9nes somos - Cryoport Systems\" \/>\n<meta property=\"og:description\" content=\"Cryoport Systems ofrece soluciones de gesti\u00f3n de la cadena de suministro a gran escala que apoyan los viajes cr\u00edticos de la industria de las ciencias de la vida.\" \/>\n<meta property=\"og:url\" content=\"https:\/\/www.cryoport.com\/es\/quienes-somos\/\" \/>\n<meta property=\"og:site_name\" content=\"Cryoport Systems\" \/>\n<meta property=\"article:modified_time\" content=\"2026-02-12T19:56:27+00:00\" \/>\n<meta property=\"og:image\" content=\"https:\/\/www.cryoport.com\/wp-content\/uploads\/2023\/11\/About-Us-Header.jpg\" \/>\n\t<meta property=\"og:image:width\" content=\"1920\" \/>\n\t<meta property=\"og:image:height\" content=\"1049\" \/>\n\t<meta property=\"og:image:type\" content=\"image\/jpeg\" \/>\n<meta name=\"twitter:card\" content=\"summary_large_image\" \/>\n<meta name=\"twitter:site\" content=\"@cryoport\" \/>\n<script type=\"application\/ld+json\" class=\"yoast-schema-graph\">{\"@context\":\"https:\/\/schema.org\",\"@graph\":[{\"@type\":\"WebPage\",\"@id\":\"https:\/\/www.cryoport.com\/es\/quienes-somos\/\",\"url\":\"https:\/\/www.cryoport.com\/es\/quienes-somos\/\",\"name\":\"Qui\u00e9nes somos - Cryoport Systems\",\"isPartOf\":{\"@id\":\"https:\/\/www.cryoport.com\/es\/#website\"},\"primaryImageOfPage\":{\"@id\":\"https:\/\/www.cryoport.com\/es\/quienes-somos\/#primaryimage\"},\"image\":{\"@id\":\"https:\/\/www.cryoport.com\/es\/quienes-somos\/#primaryimage\"},\"thumbnailUrl\":\"https:\/\/www.cryoport.com\/wp-content\/uploads\/2023\/11\/About-Us-Header.jpg\",\"datePublished\":\"2022-10-11T16:07:05+00:00\",\"dateModified\":\"2026-02-12T19:56:27+00:00\",\"description\":\"Cryoport Systems ofrece soluciones de gesti\u00f3n de la cadena de suministro a gran escala que apoyan los viajes cr\u00edticos de la industria de las ciencias de la vida.\",\"breadcrumb\":{\"@id\":\"https:\/\/www.cryoport.com\/es\/quienes-somos\/#breadcrumb\"},\"inLanguage\":\"es\",\"potentialAction\":[{\"@type\":\"ReadAction\",\"target\":[\"https:\/\/www.cryoport.com\/es\/quienes-somos\/\"]}]},{\"@type\":\"ImageObject\",\"inLanguage\":\"es\",\"@id\":\"https:\/\/www.cryoport.com\/es\/quienes-somos\/#primaryimage\",\"url\":\"https:\/\/www.cryoport.com\/wp-content\/uploads\/2023\/11\/About-Us-Header.jpg\",\"contentUrl\":\"https:\/\/www.cryoport.com\/wp-content\/uploads\/2023\/11\/About-Us-Header.jpg\",\"width\":1920,\"height\":1049,\"caption\":\"T\u00e9cnicos de BioServicios\"},{\"@type\":\"BreadcrumbList\",\"@id\":\"https:\/\/www.cryoport.com\/es\/quienes-somos\/#breadcrumb\",\"itemListElement\":[{\"@type\":\"ListItem\",\"position\":1,\"name\":\"Home\",\"item\":\"https:\/\/www.cryoport.com\/es\/pagina-de-inicio\/\"},{\"@type\":\"ListItem\",\"position\":2,\"name\":\"Qui\u00e9nes somos\"}]},{\"@type\":\"WebSite\",\"@id\":\"https:\/\/www.cryoport.com\/es\/#website\",\"url\":\"https:\/\/www.cryoport.com\/es\/\",\"name\":\"Cryoport Systems\",\"description\":\"Enabling the Future of Medicine\",\"publisher\":{\"@id\":\"https:\/\/www.cryoport.com\/es\/#organization\"},\"potentialAction\":[{\"@type\":\"SearchAction\",\"target\":{\"@type\":\"EntryPoint\",\"urlTemplate\":\"https:\/\/www.cryoport.com\/es\/?s={search_term_string}\"},\"query-input\":{\"@type\":\"PropertyValueSpecification\",\"valueRequired\":true,\"valueName\":\"search_term_string\"}}],\"inLanguage\":\"es\"},{\"@type\":\"Organization\",\"@id\":\"https:\/\/www.cryoport.com\/es\/#organization\",\"name\":\"Cryoport Systems\",\"url\":\"https:\/\/www.cryoport.com\/es\/\",\"logo\":{\"@type\":\"ImageObject\",\"inLanguage\":\"es\",\"@id\":\"https:\/\/www.cryoport.com\/es\/#\/schema\/logo\/image\/\",\"url\":\"https:\/\/www.cryoport.com\/wp-content\/uploads\/2023\/12\/systems-square.png\",\"contentUrl\":\"https:\/\/www.cryoport.com\/wp-content\/uploads\/2023\/12\/systems-square.png\",\"width\":1200,\"height\":1200,\"caption\":\"Cryoport Systems\"},\"image\":{\"@id\":\"https:\/\/www.cryoport.com\/es\/#\/schema\/logo\/image\/\"},\"sameAs\":[\"https:\/\/x.com\/cryoport\",\"https:\/\/www.linkedin.com\/company\/856887\",\"https:\/\/www.youtube.com\/user\/CryoportVideo\"]}]}<\/script>\n<!-- \/ Yoast SEO plugin. -->","yoast_head_json":{"title":"Qui\u00e9nes somos - Cryoport Systems","description":"Cryoport Systems ofrece soluciones de gesti\u00f3n de la cadena de suministro a gran escala que apoyan los viajes cr\u00edticos de la industria de las ciencias de la vida.","robots":{"index":"index","follow":"follow","max-snippet":"max-snippet:-1","max-image-preview":"max-image-preview:large","max-video-preview":"max-video-preview:-1"},"canonical":"https:\/\/www.cryoport.com\/es\/quienes-somos\/","og_locale":"es_ES","og_type":"article","og_title":"Qui\u00e9nes somos - Cryoport Systems","og_description":"Cryoport Systems ofrece soluciones de gesti\u00f3n de la cadena de suministro a gran escala que apoyan los viajes cr\u00edticos de la industria de las ciencias de la vida.","og_url":"https:\/\/www.cryoport.com\/es\/quienes-somos\/","og_site_name":"Cryoport Systems","article_modified_time":"2026-02-12T19:56:27+00:00","og_image":[{"width":1920,"height":1049,"url":"https:\/\/www.cryoport.com\/wp-content\/uploads\/2023\/11\/About-Us-Header.jpg","type":"image\/jpeg"}],"twitter_card":"summary_large_image","twitter_site":"@cryoport","schema":{"@context":"https:\/\/schema.org","@graph":[{"@type":"WebPage","@id":"https:\/\/www.cryoport.com\/es\/quienes-somos\/","url":"https:\/\/www.cryoport.com\/es\/quienes-somos\/","name":"Qui\u00e9nes somos - Cryoport Systems","isPartOf":{"@id":"https:\/\/www.cryoport.com\/es\/#website"},"primaryImageOfPage":{"@id":"https:\/\/www.cryoport.com\/es\/quienes-somos\/#primaryimage"},"image":{"@id":"https:\/\/www.cryoport.com\/es\/quienes-somos\/#primaryimage"},"thumbnailUrl":"https:\/\/www.cryoport.com\/wp-content\/uploads\/2023\/11\/About-Us-Header.jpg","datePublished":"2022-10-11T16:07:05+00:00","dateModified":"2026-02-12T19:56:27+00:00","description":"Cryoport Systems ofrece soluciones de gesti\u00f3n de la cadena de suministro a gran escala que apoyan los viajes cr\u00edticos de la industria de las ciencias de la vida.","breadcrumb":{"@id":"https:\/\/www.cryoport.com\/es\/quienes-somos\/#breadcrumb"},"inLanguage":"es","potentialAction":[{"@type":"ReadAction","target":["https:\/\/www.cryoport.com\/es\/quienes-somos\/"]}]},{"@type":"ImageObject","inLanguage":"es","@id":"https:\/\/www.cryoport.com\/es\/quienes-somos\/#primaryimage","url":"https:\/\/www.cryoport.com\/wp-content\/uploads\/2023\/11\/About-Us-Header.jpg","contentUrl":"https:\/\/www.cryoport.com\/wp-content\/uploads\/2023\/11\/About-Us-Header.jpg","width":1920,"height":1049,"caption":"T\u00e9cnicos de BioServicios"},{"@type":"BreadcrumbList","@id":"https:\/\/www.cryoport.com\/es\/quienes-somos\/#breadcrumb","itemListElement":[{"@type":"ListItem","position":1,"name":"Home","item":"https:\/\/www.cryoport.com\/es\/pagina-de-inicio\/"},{"@type":"ListItem","position":2,"name":"Qui\u00e9nes somos"}]},{"@type":"WebSite","@id":"https:\/\/www.cryoport.com\/es\/#website","url":"https:\/\/www.cryoport.com\/es\/","name":"Cryoport Systems","description":"Enabling the Future of Medicine","publisher":{"@id":"https:\/\/www.cryoport.com\/es\/#organization"},"potentialAction":[{"@type":"SearchAction","target":{"@type":"EntryPoint","urlTemplate":"https:\/\/www.cryoport.com\/es\/?s={search_term_string}"},"query-input":{"@type":"PropertyValueSpecification","valueRequired":true,"valueName":"search_term_string"}}],"inLanguage":"es"},{"@type":"Organization","@id":"https:\/\/www.cryoport.com\/es\/#organization","name":"Cryoport Systems","url":"https:\/\/www.cryoport.com\/es\/","logo":{"@type":"ImageObject","inLanguage":"es","@id":"https:\/\/www.cryoport.com\/es\/#\/schema\/logo\/image\/","url":"https:\/\/www.cryoport.com\/wp-content\/uploads\/2023\/12\/systems-square.png","contentUrl":"https:\/\/www.cryoport.com\/wp-content\/uploads\/2023\/12\/systems-square.png","width":1200,"height":1200,"caption":"Cryoport Systems"},"image":{"@id":"https:\/\/www.cryoport.com\/es\/#\/schema\/logo\/image\/"},"sameAs":["https:\/\/x.com\/cryoport","https:\/\/www.linkedin.com\/company\/856887","https:\/\/www.youtube.com\/user\/CryoportVideo"]}]}},"_links":{"self":[{"href":"https:\/\/www.cryoport.com\/es\/wp-json\/wp\/v2\/pages\/24130","targetHints":{"allow":["GET"]}}],"collection":[{"href":"https:\/\/www.cryoport.com\/es\/wp-json\/wp\/v2\/pages"}],"about":[{"href":"https:\/\/www.cryoport.com\/es\/wp-json\/wp\/v2\/types\/page"}],"author":[{"embeddable":true,"href":"https:\/\/www.cryoport.com\/es\/wp-json\/wp\/v2\/users\/1"}],"replies":[{"embeddable":true,"href":"https:\/\/www.cryoport.com\/es\/wp-json\/wp\/v2\/comments?post=24130"}],"version-history":[{"count":1,"href":"https:\/\/www.cryoport.com\/es\/wp-json\/wp\/v2\/pages\/24130\/revisions"}],"predecessor-version":[{"id":24734,"href":"https:\/\/www.cryoport.com\/es\/wp-json\/wp\/v2\/pages\/24130\/revisions\/24734"}],"wp:featuredmedia":[{"embeddable":true,"href":"https:\/\/www.cryoport.com\/es\/wp-json\/wp\/v2\/media\/3901"}],"wp:attachment":[{"href":"https:\/\/www.cryoport.com\/es\/wp-json\/wp\/v2\/media?parent=24130"}],"curies":[{"name":"wp","href":"https:\/\/api.w.org\/{rel}","templated":true}]}}