{"id":24144,"date":"2023-09-11T15:01:22","date_gmt":"2023-09-11T14:01:22","guid":{"rendered":"https:\/\/www.cryoport.com\/crioconservacion-integricell\/"},"modified":"2026-02-12T14:49:19","modified_gmt":"2026-02-12T19:49:19","slug":"crioconservacion-integricell","status":"publish","type":"page","link":"https:\/\/www.cryoport.com\/es\/soluciones\/crioconservacion-integricell\/","title":{"rendered":"Crioconservaci\u00f3n IntegriCell"},"content":{"rendered":"","protected":false},"excerpt":{"rendered":"","protected":false},"author":1,"featured_media":13241,"parent":24257,"menu_order":3,"comment_status":"closed","ping_status":"closed","template":"","meta":{"_acf_changed":false,"footnotes":""},"class_list":["post-24144","page","type-page","status-publish","has-post-thumbnail","hentry"],"acf":[],"yoast_head":"<!-- This site is optimized with the Yoast SEO plugin v27.4 - https:\/\/yoast.com\/product\/yoast-seo-wordpress\/ -->\n<title>Crioconservaci\u00f3n IntegriCell - Cryoport Systems<\/title>\n<meta name=\"description\" content=\"IntegriCell\u2122 es una soluci\u00f3n estandarizada de crioconservaci\u00f3n y distribuci\u00f3n para el mercado mundial de terapia celular. M\u00e1s informaci\u00f3n.\" \/>\n<meta name=\"robots\" content=\"index, follow, max-snippet:-1, max-image-preview:large, max-video-preview:-1\" \/>\n<link rel=\"canonical\" href=\"https:\/\/www.cryoport.com\/es\/soluciones\/crioconservacion-integricell\/\" \/>\n<meta property=\"og:locale\" content=\"es_ES\" \/>\n<meta property=\"og:type\" content=\"article\" \/>\n<meta property=\"og:title\" content=\"Crioconservaci\u00f3n IntegriCell - Cryoport Systems\" \/>\n<meta property=\"og:description\" content=\"IntegriCell\u2122 es una soluci\u00f3n estandarizada de crioconservaci\u00f3n y distribuci\u00f3n para el mercado mundial de terapia celular. M\u00e1s informaci\u00f3n.\" \/>\n<meta property=\"og:url\" content=\"https:\/\/www.cryoport.com\/es\/soluciones\/crioconservacion-integricell\/\" \/>\n<meta property=\"og:site_name\" content=\"Cryoport Systems\" \/>\n<meta property=\"article:modified_time\" content=\"2026-02-12T19:49:19+00:00\" \/>\n<meta property=\"og:image\" content=\"https:\/\/www.cryoport.com\/wp-content\/uploads\/2024\/07\/Infographic_Integricell_RGB.png\" \/>\n\t<meta property=\"og:image:width\" content=\"2093\" \/>\n\t<meta property=\"og:image:height\" content=\"1850\" \/>\n\t<meta property=\"og:image:type\" content=\"image\/png\" \/>\n<meta name=\"twitter:card\" content=\"summary_large_image\" \/>\n<meta name=\"twitter:site\" content=\"@cryoport\" \/>\n<script type=\"application\/ld+json\" class=\"yoast-schema-graph\">{\"@context\":\"https:\\\/\\\/schema.org\",\"@graph\":[{\"@type\":\"WebPage\",\"@id\":\"https:\\\/\\\/www.cryoport.com\\\/es\\\/soluciones\\\/crioconservacion-integricell\\\/\",\"url\":\"https:\\\/\\\/www.cryoport.com\\\/es\\\/soluciones\\\/crioconservacion-integricell\\\/\",\"name\":\"Crioconservaci\u00f3n IntegriCell - Cryoport Systems\",\"isPartOf\":{\"@id\":\"https:\\\/\\\/www.cryoport.com\\\/es\\\/#website\"},\"primaryImageOfPage\":{\"@id\":\"https:\\\/\\\/www.cryoport.com\\\/es\\\/soluciones\\\/crioconservacion-integricell\\\/#primaryimage\"},\"image\":{\"@id\":\"https:\\\/\\\/www.cryoport.com\\\/es\\\/soluciones\\\/crioconservacion-integricell\\\/#primaryimage\"},\"thumbnailUrl\":\"https:\\\/\\\/www.cryoport.com\\\/wp-content\\\/uploads\\\/2024\\\/07\\\/Infographic_Integricell_RGB.png\",\"datePublished\":\"2023-09-11T14:01:22+00:00\",\"dateModified\":\"2026-02-12T19:49:19+00:00\",\"description\":\"IntegriCell\u2122 es una soluci\u00f3n estandarizada de crioconservaci\u00f3n y distribuci\u00f3n para el mercado mundial de terapia celular. M\u00e1s informaci\u00f3n.\",\"breadcrumb\":{\"@id\":\"https:\\\/\\\/www.cryoport.com\\\/es\\\/soluciones\\\/crioconservacion-integricell\\\/#breadcrumb\"},\"inLanguage\":\"es\",\"potentialAction\":[{\"@type\":\"ReadAction\",\"target\":[\"https:\\\/\\\/www.cryoport.com\\\/es\\\/soluciones\\\/crioconservacion-integricell\\\/\"]}]},{\"@type\":\"ImageObject\",\"inLanguage\":\"es\",\"@id\":\"https:\\\/\\\/www.cryoport.com\\\/es\\\/soluciones\\\/crioconservacion-integricell\\\/#primaryimage\",\"url\":\"https:\\\/\\\/www.cryoport.com\\\/wp-content\\\/uploads\\\/2024\\\/07\\\/Infographic_Integricell_RGB.png\",\"contentUrl\":\"https:\\\/\\\/www.cryoport.com\\\/wp-content\\\/uploads\\\/2024\\\/07\\\/Infographic_Integricell_RGB.png\",\"width\":2093,\"height\":1850},{\"@type\":\"BreadcrumbList\",\"@id\":\"https:\\\/\\\/www.cryoport.com\\\/es\\\/soluciones\\\/crioconservacion-integricell\\\/#breadcrumb\",\"itemListElement\":[{\"@type\":\"ListItem\",\"position\":1,\"name\":\"Home\",\"item\":\"https:\\\/\\\/www.cryoport.com\\\/es\\\/pagina-de-inicio\\\/\"},{\"@type\":\"ListItem\",\"position\":2,\"name\":\"Soluciones\",\"item\":\"https:\\\/\\\/www.cryoport.com\\\/es\\\/soluciones\\\/\"},{\"@type\":\"ListItem\",\"position\":3,\"name\":\"Crioconservaci\u00f3n IntegriCell\"}]},{\"@type\":\"WebSite\",\"@id\":\"https:\\\/\\\/www.cryoport.com\\\/es\\\/#website\",\"url\":\"https:\\\/\\\/www.cryoport.com\\\/es\\\/\",\"name\":\"Cryoport Systems\",\"description\":\"Enabling the Future of Medicine\",\"publisher\":{\"@id\":\"https:\\\/\\\/www.cryoport.com\\\/es\\\/#organization\"},\"potentialAction\":[{\"@type\":\"SearchAction\",\"target\":{\"@type\":\"EntryPoint\",\"urlTemplate\":\"https:\\\/\\\/www.cryoport.com\\\/es\\\/?s={search_term_string}\"},\"query-input\":{\"@type\":\"PropertyValueSpecification\",\"valueRequired\":true,\"valueName\":\"search_term_string\"}}],\"inLanguage\":\"es\"},{\"@type\":\"Organization\",\"@id\":\"https:\\\/\\\/www.cryoport.com\\\/es\\\/#organization\",\"name\":\"Cryoport Systems\",\"url\":\"https:\\\/\\\/www.cryoport.com\\\/es\\\/\",\"logo\":{\"@type\":\"ImageObject\",\"inLanguage\":\"es\",\"@id\":\"https:\\\/\\\/www.cryoport.com\\\/es\\\/#\\\/schema\\\/logo\\\/image\\\/\",\"url\":\"https:\\\/\\\/www.cryoport.com\\\/wp-content\\\/uploads\\\/2023\\\/12\\\/systems-square.png\",\"contentUrl\":\"https:\\\/\\\/www.cryoport.com\\\/wp-content\\\/uploads\\\/2023\\\/12\\\/systems-square.png\",\"width\":1200,\"height\":1200,\"caption\":\"Cryoport Systems\"},\"image\":{\"@id\":\"https:\\\/\\\/www.cryoport.com\\\/es\\\/#\\\/schema\\\/logo\\\/image\\\/\"},\"sameAs\":[\"https:\\\/\\\/x.com\\\/cryoport\",\"https:\\\/\\\/www.linkedin.com\\\/company\\\/856887\",\"https:\\\/\\\/www.youtube.com\\\/user\\\/CryoportVideo\"]}]}<\/script>\n<!-- \/ Yoast SEO plugin. -->","yoast_head_json":{"title":"Crioconservaci\u00f3n IntegriCell - Cryoport Systems","description":"IntegriCell\u2122 es una soluci\u00f3n estandarizada de crioconservaci\u00f3n y distribuci\u00f3n para el mercado mundial de terapia celular. M\u00e1s informaci\u00f3n.","robots":{"index":"index","follow":"follow","max-snippet":"max-snippet:-1","max-image-preview":"max-image-preview:large","max-video-preview":"max-video-preview:-1"},"canonical":"https:\/\/www.cryoport.com\/es\/soluciones\/crioconservacion-integricell\/","og_locale":"es_ES","og_type":"article","og_title":"Crioconservaci\u00f3n IntegriCell - Cryoport Systems","og_description":"IntegriCell\u2122 es una soluci\u00f3n estandarizada de crioconservaci\u00f3n y distribuci\u00f3n para el mercado mundial de terapia celular. M\u00e1s informaci\u00f3n.","og_url":"https:\/\/www.cryoport.com\/es\/soluciones\/crioconservacion-integricell\/","og_site_name":"Cryoport Systems","article_modified_time":"2026-02-12T19:49:19+00:00","og_image":[{"width":2093,"height":1850,"url":"https:\/\/www.cryoport.com\/wp-content\/uploads\/2024\/07\/Infographic_Integricell_RGB.png","type":"image\/png"}],"twitter_card":"summary_large_image","twitter_site":"@cryoport","schema":{"@context":"https:\/\/schema.org","@graph":[{"@type":"WebPage","@id":"https:\/\/www.cryoport.com\/es\/soluciones\/crioconservacion-integricell\/","url":"https:\/\/www.cryoport.com\/es\/soluciones\/crioconservacion-integricell\/","name":"Crioconservaci\u00f3n IntegriCell - Cryoport Systems","isPartOf":{"@id":"https:\/\/www.cryoport.com\/es\/#website"},"primaryImageOfPage":{"@id":"https:\/\/www.cryoport.com\/es\/soluciones\/crioconservacion-integricell\/#primaryimage"},"image":{"@id":"https:\/\/www.cryoport.com\/es\/soluciones\/crioconservacion-integricell\/#primaryimage"},"thumbnailUrl":"https:\/\/www.cryoport.com\/wp-content\/uploads\/2024\/07\/Infographic_Integricell_RGB.png","datePublished":"2023-09-11T14:01:22+00:00","dateModified":"2026-02-12T19:49:19+00:00","description":"IntegriCell\u2122 es una soluci\u00f3n estandarizada de crioconservaci\u00f3n y distribuci\u00f3n para el mercado mundial de terapia celular. M\u00e1s informaci\u00f3n.","breadcrumb":{"@id":"https:\/\/www.cryoport.com\/es\/soluciones\/crioconservacion-integricell\/#breadcrumb"},"inLanguage":"es","potentialAction":[{"@type":"ReadAction","target":["https:\/\/www.cryoport.com\/es\/soluciones\/crioconservacion-integricell\/"]}]},{"@type":"ImageObject","inLanguage":"es","@id":"https:\/\/www.cryoport.com\/es\/soluciones\/crioconservacion-integricell\/#primaryimage","url":"https:\/\/www.cryoport.com\/wp-content\/uploads\/2024\/07\/Infographic_Integricell_RGB.png","contentUrl":"https:\/\/www.cryoport.com\/wp-content\/uploads\/2024\/07\/Infographic_Integricell_RGB.png","width":2093,"height":1850},{"@type":"BreadcrumbList","@id":"https:\/\/www.cryoport.com\/es\/soluciones\/crioconservacion-integricell\/#breadcrumb","itemListElement":[{"@type":"ListItem","position":1,"name":"Home","item":"https:\/\/www.cryoport.com\/es\/pagina-de-inicio\/"},{"@type":"ListItem","position":2,"name":"Soluciones","item":"https:\/\/www.cryoport.com\/es\/soluciones\/"},{"@type":"ListItem","position":3,"name":"Crioconservaci\u00f3n IntegriCell"}]},{"@type":"WebSite","@id":"https:\/\/www.cryoport.com\/es\/#website","url":"https:\/\/www.cryoport.com\/es\/","name":"Cryoport Systems","description":"Enabling the Future of Medicine","publisher":{"@id":"https:\/\/www.cryoport.com\/es\/#organization"},"potentialAction":[{"@type":"SearchAction","target":{"@type":"EntryPoint","urlTemplate":"https:\/\/www.cryoport.com\/es\/?s={search_term_string}"},"query-input":{"@type":"PropertyValueSpecification","valueRequired":true,"valueName":"search_term_string"}}],"inLanguage":"es"},{"@type":"Organization","@id":"https:\/\/www.cryoport.com\/es\/#organization","name":"Cryoport Systems","url":"https:\/\/www.cryoport.com\/es\/","logo":{"@type":"ImageObject","inLanguage":"es","@id":"https:\/\/www.cryoport.com\/es\/#\/schema\/logo\/image\/","url":"https:\/\/www.cryoport.com\/wp-content\/uploads\/2023\/12\/systems-square.png","contentUrl":"https:\/\/www.cryoport.com\/wp-content\/uploads\/2023\/12\/systems-square.png","width":1200,"height":1200,"caption":"Cryoport Systems"},"image":{"@id":"https:\/\/www.cryoport.com\/es\/#\/schema\/logo\/image\/"},"sameAs":["https:\/\/x.com\/cryoport","https:\/\/www.linkedin.com\/company\/856887","https:\/\/www.youtube.com\/user\/CryoportVideo"]}]}},"_links":{"self":[{"href":"https:\/\/www.cryoport.com\/es\/wp-json\/wp\/v2\/pages\/24144","targetHints":{"allow":["GET"]}}],"collection":[{"href":"https:\/\/www.cryoport.com\/es\/wp-json\/wp\/v2\/pages"}],"about":[{"href":"https:\/\/www.cryoport.com\/es\/wp-json\/wp\/v2\/types\/page"}],"author":[{"embeddable":true,"href":"https:\/\/www.cryoport.com\/es\/wp-json\/wp\/v2\/users\/1"}],"replies":[{"embeddable":true,"href":"https:\/\/www.cryoport.com\/es\/wp-json\/wp\/v2\/comments?post=24144"}],"version-history":[{"count":1,"href":"https:\/\/www.cryoport.com\/es\/wp-json\/wp\/v2\/pages\/24144\/revisions"}],"predecessor-version":[{"id":24262,"href":"https:\/\/www.cryoport.com\/es\/wp-json\/wp\/v2\/pages\/24144\/revisions\/24262"}],"up":[{"embeddable":true,"href":"https:\/\/www.cryoport.com\/es\/wp-json\/wp\/v2\/pages\/24257"}],"wp:featuredmedia":[{"embeddable":true,"href":"https:\/\/www.cryoport.com\/es\/wp-json\/wp\/v2\/media\/13241"}],"wp:attachment":[{"href":"https:\/\/www.cryoport.com\/es\/wp-json\/wp\/v2\/media?parent=24144"}],"curies":[{"name":"wp","href":"https:\/\/api.w.org\/{rel}","templated":true}]}}