{"id":24145,"date":"2023-03-30T16:34:01","date_gmt":"2023-03-30T15:34:01","guid":{"rendered":"https:\/\/www.cryoport.com\/desarrollo-de-envases-y-accesorios-personalizados\/"},"modified":"2026-02-12T14:51:57","modified_gmt":"2026-02-12T19:51:57","slug":"desarrollo-de-envases-y-accesorios-personalizados","status":"publish","type":"page","link":"https:\/\/www.cryoport.com\/es\/soluciones\/servicios-de-consultoria\/desarrollo-de-envases-y-accesorios-personalizados\/","title":{"rendered":"Desarrollo de envases y accesorios personalizados"},"content":{"rendered":"","protected":false},"excerpt":{"rendered":"","protected":false},"author":1,"featured_media":21977,"parent":24229,"menu_order":0,"comment_status":"closed","ping_status":"closed","template":"","meta":{"_acf_changed":false,"footnotes":""},"class_list":["post-24145","page","type-page","status-publish","has-post-thumbnail","hentry"],"acf":[],"yoast_head":"<!-- This site is optimized with the Yoast SEO plugin v27.4 - https:\/\/yoast.com\/product\/yoast-seo-wordpress\/ -->\n<title>Desarrollo de envases y accesorios personalizados - Cryoport Systems<\/title>\n<meta name=\"description\" content=\"El equipo de servicios de consultor\u00eda de Cryoport trabaja en colaboraci\u00f3n con nuestros socios y clientes en proyectos personalizados. M\u00e1s informaci\u00f3n sobre nuestros servicios.\" \/>\n<meta name=\"robots\" content=\"index, follow, max-snippet:-1, max-image-preview:large, max-video-preview:-1\" \/>\n<link rel=\"canonical\" href=\"https:\/\/www.cryoport.com\/es\/soluciones\/servicios-de-consultoria\/desarrollo-de-envases-y-accesorios-personalizados\/\" \/>\n<meta property=\"og:locale\" content=\"es_ES\" \/>\n<meta property=\"og:type\" content=\"article\" \/>\n<meta property=\"og:title\" content=\"Desarrollo de envases y accesorios personalizados - Cryoport Systems\" \/>\n<meta property=\"og:description\" content=\"El equipo de servicios de consultor\u00eda de Cryoport trabaja en colaboraci\u00f3n con nuestros socios y clientes en proyectos personalizados. M\u00e1s informaci\u00f3n sobre nuestros servicios.\" \/>\n<meta property=\"og:url\" content=\"https:\/\/www.cryoport.com\/es\/soluciones\/servicios-de-consultoria\/desarrollo-de-envases-y-accesorios-personalizados\/\" \/>\n<meta property=\"og:site_name\" content=\"Cryoport Systems\" \/>\n<meta property=\"article:modified_time\" content=\"2026-02-12T19:51:57+00:00\" \/>\n<meta property=\"og:image\" content=\"https:\/\/www.cryoport.com\/wp-content\/uploads\/2025\/11\/Custom-Packaging-and-Access.png\" \/>\n\t<meta property=\"og:image:width\" content=\"450\" \/>\n\t<meta property=\"og:image:height\" content=\"250\" \/>\n\t<meta property=\"og:image:type\" content=\"image\/png\" \/>\n<meta name=\"twitter:card\" content=\"summary_large_image\" \/>\n<meta name=\"twitter:site\" content=\"@cryoport\" \/>\n<script type=\"application\/ld+json\" class=\"yoast-schema-graph\">{\"@context\":\"https:\\\/\\\/schema.org\",\"@graph\":[{\"@type\":\"WebPage\",\"@id\":\"https:\\\/\\\/www.cryoport.com\\\/es\\\/soluciones\\\/servicios-de-consultoria\\\/desarrollo-de-envases-y-accesorios-personalizados\\\/\",\"url\":\"https:\\\/\\\/www.cryoport.com\\\/es\\\/soluciones\\\/servicios-de-consultoria\\\/desarrollo-de-envases-y-accesorios-personalizados\\\/\",\"name\":\"Desarrollo de envases y accesorios personalizados - Cryoport Systems\",\"isPartOf\":{\"@id\":\"https:\\\/\\\/www.cryoport.com\\\/es\\\/#website\"},\"primaryImageOfPage\":{\"@id\":\"https:\\\/\\\/www.cryoport.com\\\/es\\\/soluciones\\\/servicios-de-consultoria\\\/desarrollo-de-envases-y-accesorios-personalizados\\\/#primaryimage\"},\"image\":{\"@id\":\"https:\\\/\\\/www.cryoport.com\\\/es\\\/soluciones\\\/servicios-de-consultoria\\\/desarrollo-de-envases-y-accesorios-personalizados\\\/#primaryimage\"},\"thumbnailUrl\":\"https:\\\/\\\/www.cryoport.com\\\/wp-content\\\/uploads\\\/2025\\\/11\\\/Custom-Packaging-and-Access.png\",\"datePublished\":\"2023-03-30T15:34:01+00:00\",\"dateModified\":\"2026-02-12T19:51:57+00:00\",\"description\":\"El equipo de servicios de consultor\u00eda de Cryoport trabaja en colaboraci\u00f3n con nuestros socios y clientes en proyectos personalizados. M\u00e1s informaci\u00f3n sobre nuestros servicios.\",\"breadcrumb\":{\"@id\":\"https:\\\/\\\/www.cryoport.com\\\/es\\\/soluciones\\\/servicios-de-consultoria\\\/desarrollo-de-envases-y-accesorios-personalizados\\\/#breadcrumb\"},\"inLanguage\":\"es\",\"potentialAction\":[{\"@type\":\"ReadAction\",\"target\":[\"https:\\\/\\\/www.cryoport.com\\\/es\\\/soluciones\\\/servicios-de-consultoria\\\/desarrollo-de-envases-y-accesorios-personalizados\\\/\"]}]},{\"@type\":\"ImageObject\",\"inLanguage\":\"es\",\"@id\":\"https:\\\/\\\/www.cryoport.com\\\/es\\\/soluciones\\\/servicios-de-consultoria\\\/desarrollo-de-envases-y-accesorios-personalizados\\\/#primaryimage\",\"url\":\"https:\\\/\\\/www.cryoport.com\\\/wp-content\\\/uploads\\\/2025\\\/11\\\/Custom-Packaging-and-Access.png\",\"contentUrl\":\"https:\\\/\\\/www.cryoport.com\\\/wp-content\\\/uploads\\\/2025\\\/11\\\/Custom-Packaging-and-Access.png\",\"width\":450,\"height\":250},{\"@type\":\"BreadcrumbList\",\"@id\":\"https:\\\/\\\/www.cryoport.com\\\/es\\\/soluciones\\\/servicios-de-consultoria\\\/desarrollo-de-envases-y-accesorios-personalizados\\\/#breadcrumb\",\"itemListElement\":[{\"@type\":\"ListItem\",\"position\":1,\"name\":\"Home\",\"item\":\"https:\\\/\\\/www.cryoport.com\\\/es\\\/pagina-de-inicio\\\/\"},{\"@type\":\"ListItem\",\"position\":2,\"name\":\"Soluciones\",\"item\":\"https:\\\/\\\/www.cryoport.com\\\/es\\\/soluciones\\\/\"},{\"@type\":\"ListItem\",\"position\":3,\"name\":\"Servicios de consultor\u00eda\",\"item\":\"https:\\\/\\\/www.cryoport.com\\\/es\\\/soluciones\\\/servicios-de-consultoria\\\/\"},{\"@type\":\"ListItem\",\"position\":4,\"name\":\"Desarrollo de envases y accesorios personalizados\"}]},{\"@type\":\"WebSite\",\"@id\":\"https:\\\/\\\/www.cryoport.com\\\/es\\\/#website\",\"url\":\"https:\\\/\\\/www.cryoport.com\\\/es\\\/\",\"name\":\"Cryoport Systems\",\"description\":\"Enabling the Future of Medicine\",\"publisher\":{\"@id\":\"https:\\\/\\\/www.cryoport.com\\\/es\\\/#organization\"},\"potentialAction\":[{\"@type\":\"SearchAction\",\"target\":{\"@type\":\"EntryPoint\",\"urlTemplate\":\"https:\\\/\\\/www.cryoport.com\\\/es\\\/?s={search_term_string}\"},\"query-input\":{\"@type\":\"PropertyValueSpecification\",\"valueRequired\":true,\"valueName\":\"search_term_string\"}}],\"inLanguage\":\"es\"},{\"@type\":\"Organization\",\"@id\":\"https:\\\/\\\/www.cryoport.com\\\/es\\\/#organization\",\"name\":\"Cryoport Systems\",\"url\":\"https:\\\/\\\/www.cryoport.com\\\/es\\\/\",\"logo\":{\"@type\":\"ImageObject\",\"inLanguage\":\"es\",\"@id\":\"https:\\\/\\\/www.cryoport.com\\\/es\\\/#\\\/schema\\\/logo\\\/image\\\/\",\"url\":\"https:\\\/\\\/www.cryoport.com\\\/wp-content\\\/uploads\\\/2023\\\/12\\\/systems-square.png\",\"contentUrl\":\"https:\\\/\\\/www.cryoport.com\\\/wp-content\\\/uploads\\\/2023\\\/12\\\/systems-square.png\",\"width\":1200,\"height\":1200,\"caption\":\"Cryoport Systems\"},\"image\":{\"@id\":\"https:\\\/\\\/www.cryoport.com\\\/es\\\/#\\\/schema\\\/logo\\\/image\\\/\"},\"sameAs\":[\"https:\\\/\\\/x.com\\\/cryoport\",\"https:\\\/\\\/www.linkedin.com\\\/company\\\/856887\",\"https:\\\/\\\/www.youtube.com\\\/user\\\/CryoportVideo\"]}]}<\/script>\n<!-- \/ Yoast SEO plugin. -->","yoast_head_json":{"title":"Desarrollo de envases y accesorios personalizados - Cryoport Systems","description":"El equipo de servicios de consultor\u00eda de Cryoport trabaja en colaboraci\u00f3n con nuestros socios y clientes en proyectos personalizados. M\u00e1s informaci\u00f3n sobre nuestros servicios.","robots":{"index":"index","follow":"follow","max-snippet":"max-snippet:-1","max-image-preview":"max-image-preview:large","max-video-preview":"max-video-preview:-1"},"canonical":"https:\/\/www.cryoport.com\/es\/soluciones\/servicios-de-consultoria\/desarrollo-de-envases-y-accesorios-personalizados\/","og_locale":"es_ES","og_type":"article","og_title":"Desarrollo de envases y accesorios personalizados - Cryoport Systems","og_description":"El equipo de servicios de consultor\u00eda de Cryoport trabaja en colaboraci\u00f3n con nuestros socios y clientes en proyectos personalizados. M\u00e1s informaci\u00f3n sobre nuestros servicios.","og_url":"https:\/\/www.cryoport.com\/es\/soluciones\/servicios-de-consultoria\/desarrollo-de-envases-y-accesorios-personalizados\/","og_site_name":"Cryoport Systems","article_modified_time":"2026-02-12T19:51:57+00:00","og_image":[{"width":450,"height":250,"url":"https:\/\/www.cryoport.com\/wp-content\/uploads\/2025\/11\/Custom-Packaging-and-Access.png","type":"image\/png"}],"twitter_card":"summary_large_image","twitter_site":"@cryoport","schema":{"@context":"https:\/\/schema.org","@graph":[{"@type":"WebPage","@id":"https:\/\/www.cryoport.com\/es\/soluciones\/servicios-de-consultoria\/desarrollo-de-envases-y-accesorios-personalizados\/","url":"https:\/\/www.cryoport.com\/es\/soluciones\/servicios-de-consultoria\/desarrollo-de-envases-y-accesorios-personalizados\/","name":"Desarrollo de envases y accesorios personalizados - Cryoport Systems","isPartOf":{"@id":"https:\/\/www.cryoport.com\/es\/#website"},"primaryImageOfPage":{"@id":"https:\/\/www.cryoport.com\/es\/soluciones\/servicios-de-consultoria\/desarrollo-de-envases-y-accesorios-personalizados\/#primaryimage"},"image":{"@id":"https:\/\/www.cryoport.com\/es\/soluciones\/servicios-de-consultoria\/desarrollo-de-envases-y-accesorios-personalizados\/#primaryimage"},"thumbnailUrl":"https:\/\/www.cryoport.com\/wp-content\/uploads\/2025\/11\/Custom-Packaging-and-Access.png","datePublished":"2023-03-30T15:34:01+00:00","dateModified":"2026-02-12T19:51:57+00:00","description":"El equipo de servicios de consultor\u00eda de Cryoport trabaja en colaboraci\u00f3n con nuestros socios y clientes en proyectos personalizados. M\u00e1s informaci\u00f3n sobre nuestros servicios.","breadcrumb":{"@id":"https:\/\/www.cryoport.com\/es\/soluciones\/servicios-de-consultoria\/desarrollo-de-envases-y-accesorios-personalizados\/#breadcrumb"},"inLanguage":"es","potentialAction":[{"@type":"ReadAction","target":["https:\/\/www.cryoport.com\/es\/soluciones\/servicios-de-consultoria\/desarrollo-de-envases-y-accesorios-personalizados\/"]}]},{"@type":"ImageObject","inLanguage":"es","@id":"https:\/\/www.cryoport.com\/es\/soluciones\/servicios-de-consultoria\/desarrollo-de-envases-y-accesorios-personalizados\/#primaryimage","url":"https:\/\/www.cryoport.com\/wp-content\/uploads\/2025\/11\/Custom-Packaging-and-Access.png","contentUrl":"https:\/\/www.cryoport.com\/wp-content\/uploads\/2025\/11\/Custom-Packaging-and-Access.png","width":450,"height":250},{"@type":"BreadcrumbList","@id":"https:\/\/www.cryoport.com\/es\/soluciones\/servicios-de-consultoria\/desarrollo-de-envases-y-accesorios-personalizados\/#breadcrumb","itemListElement":[{"@type":"ListItem","position":1,"name":"Home","item":"https:\/\/www.cryoport.com\/es\/pagina-de-inicio\/"},{"@type":"ListItem","position":2,"name":"Soluciones","item":"https:\/\/www.cryoport.com\/es\/soluciones\/"},{"@type":"ListItem","position":3,"name":"Servicios de consultor\u00eda","item":"https:\/\/www.cryoport.com\/es\/soluciones\/servicios-de-consultoria\/"},{"@type":"ListItem","position":4,"name":"Desarrollo de envases y accesorios personalizados"}]},{"@type":"WebSite","@id":"https:\/\/www.cryoport.com\/es\/#website","url":"https:\/\/www.cryoport.com\/es\/","name":"Cryoport Systems","description":"Enabling the Future of Medicine","publisher":{"@id":"https:\/\/www.cryoport.com\/es\/#organization"},"potentialAction":[{"@type":"SearchAction","target":{"@type":"EntryPoint","urlTemplate":"https:\/\/www.cryoport.com\/es\/?s={search_term_string}"},"query-input":{"@type":"PropertyValueSpecification","valueRequired":true,"valueName":"search_term_string"}}],"inLanguage":"es"},{"@type":"Organization","@id":"https:\/\/www.cryoport.com\/es\/#organization","name":"Cryoport Systems","url":"https:\/\/www.cryoport.com\/es\/","logo":{"@type":"ImageObject","inLanguage":"es","@id":"https:\/\/www.cryoport.com\/es\/#\/schema\/logo\/image\/","url":"https:\/\/www.cryoport.com\/wp-content\/uploads\/2023\/12\/systems-square.png","contentUrl":"https:\/\/www.cryoport.com\/wp-content\/uploads\/2023\/12\/systems-square.png","width":1200,"height":1200,"caption":"Cryoport Systems"},"image":{"@id":"https:\/\/www.cryoport.com\/es\/#\/schema\/logo\/image\/"},"sameAs":["https:\/\/x.com\/cryoport","https:\/\/www.linkedin.com\/company\/856887","https:\/\/www.youtube.com\/user\/CryoportVideo"]}]}},"_links":{"self":[{"href":"https:\/\/www.cryoport.com\/es\/wp-json\/wp\/v2\/pages\/24145","targetHints":{"allow":["GET"]}}],"collection":[{"href":"https:\/\/www.cryoport.com\/es\/wp-json\/wp\/v2\/pages"}],"about":[{"href":"https:\/\/www.cryoport.com\/es\/wp-json\/wp\/v2\/types\/page"}],"author":[{"embeddable":true,"href":"https:\/\/www.cryoport.com\/es\/wp-json\/wp\/v2\/users\/1"}],"replies":[{"embeddable":true,"href":"https:\/\/www.cryoport.com\/es\/wp-json\/wp\/v2\/comments?post=24145"}],"version-history":[{"count":1,"href":"https:\/\/www.cryoport.com\/es\/wp-json\/wp\/v2\/pages\/24145\/revisions"}],"predecessor-version":[{"id":24232,"href":"https:\/\/www.cryoport.com\/es\/wp-json\/wp\/v2\/pages\/24145\/revisions\/24232"}],"up":[{"embeddable":true,"href":"https:\/\/www.cryoport.com\/es\/wp-json\/wp\/v2\/pages\/24229"}],"wp:featuredmedia":[{"embeddable":true,"href":"https:\/\/www.cryoport.com\/es\/wp-json\/wp\/v2\/media\/21977"}],"wp:attachment":[{"href":"https:\/\/www.cryoport.com\/es\/wp-json\/wp\/v2\/media?parent=24145"}],"curies":[{"name":"wp","href":"https:\/\/api.w.org\/{rel}","templated":true}]}}