{"id":24156,"date":"2023-03-24T10:13:35","date_gmt":"2023-03-24T10:13:35","guid":{"rendered":"https:\/\/www.cryoport.com\/direccion-y-validacion-de-estaciones-de-datos\/"},"modified":"2026-02-12T14:52:40","modified_gmt":"2026-02-12T19:52:40","slug":"direccion-y-validacion-de-estaciones-de-datos","status":"publish","type":"page","link":"https:\/\/www.cryoport.com\/es\/recursos\/materiales-de-referencia\/direccion-y-validacion-de-estaciones-de-datos\/","title":{"rendered":"Direcci\u00f3n y validaci\u00f3n de estaciones de datos"},"content":{"rendered":"","protected":false},"excerpt":{"rendered":"","protected":false},"author":1,"featured_media":0,"parent":24184,"menu_order":0,"comment_status":"closed","ping_status":"closed","template":"","meta":{"_acf_changed":false,"footnotes":""},"class_list":["post-24156","page","type-page","status-publish","hentry"],"acf":[],"yoast_head":"<!-- This site is optimized with the Yoast SEO plugin v27.2 - https:\/\/yoast.com\/product\/yoast-seo-wordpress\/ -->\n<title>Direcci\u00f3n y validaci\u00f3n de estaciones de datos - Cryoport Systems<\/title>\n<meta name=\"description\" content=\"La Data Station permite descargar informaci\u00f3n sobre la temperatura y el estado del env\u00edo registrada por el registrador de datos.\" \/>\n<meta name=\"robots\" content=\"index, follow, max-snippet:-1, max-image-preview:large, max-video-preview:-1\" \/>\n<link rel=\"canonical\" href=\"https:\/\/www.cryoport.com\/es\/recursos\/materiales-de-referencia\/direccion-y-validacion-de-estaciones-de-datos\/\" \/>\n<meta property=\"og:locale\" content=\"es_ES\" \/>\n<meta property=\"og:type\" content=\"article\" \/>\n<meta property=\"og:title\" content=\"Direcci\u00f3n y validaci\u00f3n de estaciones de datos - Cryoport Systems\" \/>\n<meta property=\"og:description\" content=\"La Data Station permite descargar informaci\u00f3n sobre la temperatura y el estado del env\u00edo registrada por el registrador de datos.\" \/>\n<meta property=\"og:url\" content=\"https:\/\/www.cryoport.com\/es\/recursos\/materiales-de-referencia\/direccion-y-validacion-de-estaciones-de-datos\/\" \/>\n<meta property=\"og:site_name\" content=\"Cryoport Systems\" \/>\n<meta property=\"article:modified_time\" content=\"2026-02-12T19:52:40+00:00\" \/>\n<meta property=\"og:image\" content=\"https:\/\/www.cryoport.com\/wp-content\/uploads\/2023\/12\/systems-seo.png\" \/>\n\t<meta property=\"og:image:width\" content=\"1200\" \/>\n\t<meta property=\"og:image:height\" content=\"675\" \/>\n\t<meta property=\"og:image:type\" content=\"image\/png\" \/>\n<meta name=\"twitter:card\" content=\"summary_large_image\" \/>\n<meta name=\"twitter:site\" content=\"@cryoport\" \/>\n<script type=\"application\/ld+json\" class=\"yoast-schema-graph\">{\"@context\":\"https:\/\/schema.org\",\"@graph\":[{\"@type\":\"WebPage\",\"@id\":\"https:\/\/www.cryoport.com\/es\/recursos\/materiales-de-referencia\/direccion-y-validacion-de-estaciones-de-datos\/\",\"url\":\"https:\/\/www.cryoport.com\/es\/recursos\/materiales-de-referencia\/direccion-y-validacion-de-estaciones-de-datos\/\",\"name\":\"Direcci\u00f3n y validaci\u00f3n de estaciones de datos - Cryoport Systems\",\"isPartOf\":{\"@id\":\"https:\/\/www.cryoport.com\/es\/#website\"},\"datePublished\":\"2023-03-24T10:13:35+00:00\",\"dateModified\":\"2026-02-12T19:52:40+00:00\",\"description\":\"La Data Station permite descargar informaci\u00f3n sobre la temperatura y el estado del env\u00edo registrada por el registrador de datos.\",\"breadcrumb\":{\"@id\":\"https:\/\/www.cryoport.com\/es\/recursos\/materiales-de-referencia\/direccion-y-validacion-de-estaciones-de-datos\/#breadcrumb\"},\"inLanguage\":\"es\",\"potentialAction\":[{\"@type\":\"ReadAction\",\"target\":[\"https:\/\/www.cryoport.com\/es\/recursos\/materiales-de-referencia\/direccion-y-validacion-de-estaciones-de-datos\/\"]}]},{\"@type\":\"BreadcrumbList\",\"@id\":\"https:\/\/www.cryoport.com\/es\/recursos\/materiales-de-referencia\/direccion-y-validacion-de-estaciones-de-datos\/#breadcrumb\",\"itemListElement\":[{\"@type\":\"ListItem\",\"position\":1,\"name\":\"Home\",\"item\":\"https:\/\/www.cryoport.com\/es\/pagina-de-inicio\/\"},{\"@type\":\"ListItem\",\"position\":2,\"name\":\"Recursos\",\"item\":\"https:\/\/www.cryoport.com\/es\/recursos\/\"},{\"@type\":\"ListItem\",\"position\":3,\"name\":\"Materiales de referencia\",\"item\":\"https:\/\/www.cryoport.com\/es\/recursos\/materiales-de-referencia\/\"},{\"@type\":\"ListItem\",\"position\":4,\"name\":\"Direcci\u00f3n y validaci\u00f3n de estaciones de datos\"}]},{\"@type\":\"WebSite\",\"@id\":\"https:\/\/www.cryoport.com\/es\/#website\",\"url\":\"https:\/\/www.cryoport.com\/es\/\",\"name\":\"Cryoport Systems\",\"description\":\"Enabling the Future of Medicine\",\"publisher\":{\"@id\":\"https:\/\/www.cryoport.com\/es\/#organization\"},\"potentialAction\":[{\"@type\":\"SearchAction\",\"target\":{\"@type\":\"EntryPoint\",\"urlTemplate\":\"https:\/\/www.cryoport.com\/es\/?s={search_term_string}\"},\"query-input\":{\"@type\":\"PropertyValueSpecification\",\"valueRequired\":true,\"valueName\":\"search_term_string\"}}],\"inLanguage\":\"es\"},{\"@type\":\"Organization\",\"@id\":\"https:\/\/www.cryoport.com\/es\/#organization\",\"name\":\"Cryoport Systems\",\"url\":\"https:\/\/www.cryoport.com\/es\/\",\"logo\":{\"@type\":\"ImageObject\",\"inLanguage\":\"es\",\"@id\":\"https:\/\/www.cryoport.com\/es\/#\/schema\/logo\/image\/\",\"url\":\"https:\/\/www.cryoport.com\/wp-content\/uploads\/2023\/12\/systems-square.png\",\"contentUrl\":\"https:\/\/www.cryoport.com\/wp-content\/uploads\/2023\/12\/systems-square.png\",\"width\":1200,\"height\":1200,\"caption\":\"Cryoport Systems\"},\"image\":{\"@id\":\"https:\/\/www.cryoport.com\/es\/#\/schema\/logo\/image\/\"},\"sameAs\":[\"https:\/\/x.com\/cryoport\",\"https:\/\/www.linkedin.com\/company\/856887\",\"https:\/\/www.youtube.com\/user\/CryoportVideo\"]}]}<\/script>\n<!-- \/ Yoast SEO plugin. -->","yoast_head_json":{"title":"Direcci\u00f3n y validaci\u00f3n de estaciones de datos - Cryoport Systems","description":"La Data Station permite descargar informaci\u00f3n sobre la temperatura y el estado del env\u00edo registrada por el registrador de datos.","robots":{"index":"index","follow":"follow","max-snippet":"max-snippet:-1","max-image-preview":"max-image-preview:large","max-video-preview":"max-video-preview:-1"},"canonical":"https:\/\/www.cryoport.com\/es\/recursos\/materiales-de-referencia\/direccion-y-validacion-de-estaciones-de-datos\/","og_locale":"es_ES","og_type":"article","og_title":"Direcci\u00f3n y validaci\u00f3n de estaciones de datos - Cryoport Systems","og_description":"La Data Station permite descargar informaci\u00f3n sobre la temperatura y el estado del env\u00edo registrada por el registrador de datos.","og_url":"https:\/\/www.cryoport.com\/es\/recursos\/materiales-de-referencia\/direccion-y-validacion-de-estaciones-de-datos\/","og_site_name":"Cryoport Systems","article_modified_time":"2026-02-12T19:52:40+00:00","og_image":[{"width":1200,"height":675,"url":"https:\/\/www.cryoport.com\/wp-content\/uploads\/2023\/12\/systems-seo.png","type":"image\/png"}],"twitter_card":"summary_large_image","twitter_site":"@cryoport","schema":{"@context":"https:\/\/schema.org","@graph":[{"@type":"WebPage","@id":"https:\/\/www.cryoport.com\/es\/recursos\/materiales-de-referencia\/direccion-y-validacion-de-estaciones-de-datos\/","url":"https:\/\/www.cryoport.com\/es\/recursos\/materiales-de-referencia\/direccion-y-validacion-de-estaciones-de-datos\/","name":"Direcci\u00f3n y validaci\u00f3n de estaciones de datos - Cryoport Systems","isPartOf":{"@id":"https:\/\/www.cryoport.com\/es\/#website"},"datePublished":"2023-03-24T10:13:35+00:00","dateModified":"2026-02-12T19:52:40+00:00","description":"La Data Station permite descargar informaci\u00f3n sobre la temperatura y el estado del env\u00edo registrada por el registrador de datos.","breadcrumb":{"@id":"https:\/\/www.cryoport.com\/es\/recursos\/materiales-de-referencia\/direccion-y-validacion-de-estaciones-de-datos\/#breadcrumb"},"inLanguage":"es","potentialAction":[{"@type":"ReadAction","target":["https:\/\/www.cryoport.com\/es\/recursos\/materiales-de-referencia\/direccion-y-validacion-de-estaciones-de-datos\/"]}]},{"@type":"BreadcrumbList","@id":"https:\/\/www.cryoport.com\/es\/recursos\/materiales-de-referencia\/direccion-y-validacion-de-estaciones-de-datos\/#breadcrumb","itemListElement":[{"@type":"ListItem","position":1,"name":"Home","item":"https:\/\/www.cryoport.com\/es\/pagina-de-inicio\/"},{"@type":"ListItem","position":2,"name":"Recursos","item":"https:\/\/www.cryoport.com\/es\/recursos\/"},{"@type":"ListItem","position":3,"name":"Materiales de referencia","item":"https:\/\/www.cryoport.com\/es\/recursos\/materiales-de-referencia\/"},{"@type":"ListItem","position":4,"name":"Direcci\u00f3n y validaci\u00f3n de estaciones de datos"}]},{"@type":"WebSite","@id":"https:\/\/www.cryoport.com\/es\/#website","url":"https:\/\/www.cryoport.com\/es\/","name":"Cryoport Systems","description":"Enabling the Future of Medicine","publisher":{"@id":"https:\/\/www.cryoport.com\/es\/#organization"},"potentialAction":[{"@type":"SearchAction","target":{"@type":"EntryPoint","urlTemplate":"https:\/\/www.cryoport.com\/es\/?s={search_term_string}"},"query-input":{"@type":"PropertyValueSpecification","valueRequired":true,"valueName":"search_term_string"}}],"inLanguage":"es"},{"@type":"Organization","@id":"https:\/\/www.cryoport.com\/es\/#organization","name":"Cryoport Systems","url":"https:\/\/www.cryoport.com\/es\/","logo":{"@type":"ImageObject","inLanguage":"es","@id":"https:\/\/www.cryoport.com\/es\/#\/schema\/logo\/image\/","url":"https:\/\/www.cryoport.com\/wp-content\/uploads\/2023\/12\/systems-square.png","contentUrl":"https:\/\/www.cryoport.com\/wp-content\/uploads\/2023\/12\/systems-square.png","width":1200,"height":1200,"caption":"Cryoport Systems"},"image":{"@id":"https:\/\/www.cryoport.com\/es\/#\/schema\/logo\/image\/"},"sameAs":["https:\/\/x.com\/cryoport","https:\/\/www.linkedin.com\/company\/856887","https:\/\/www.youtube.com\/user\/CryoportVideo"]}]}},"_links":{"self":[{"href":"https:\/\/www.cryoport.com\/es\/wp-json\/wp\/v2\/pages\/24156","targetHints":{"allow":["GET"]}}],"collection":[{"href":"https:\/\/www.cryoport.com\/es\/wp-json\/wp\/v2\/pages"}],"about":[{"href":"https:\/\/www.cryoport.com\/es\/wp-json\/wp\/v2\/types\/page"}],"author":[{"embeddable":true,"href":"https:\/\/www.cryoport.com\/es\/wp-json\/wp\/v2\/users\/1"}],"replies":[{"embeddable":true,"href":"https:\/\/www.cryoport.com\/es\/wp-json\/wp\/v2\/comments?post=24156"}],"version-history":[{"count":1,"href":"https:\/\/www.cryoport.com\/es\/wp-json\/wp\/v2\/pages\/24156\/revisions"}],"predecessor-version":[{"id":24186,"href":"https:\/\/www.cryoport.com\/es\/wp-json\/wp\/v2\/pages\/24156\/revisions\/24186"}],"up":[{"embeddable":true,"href":"https:\/\/www.cryoport.com\/es\/wp-json\/wp\/v2\/pages\/24184"}],"wp:attachment":[{"href":"https:\/\/www.cryoport.com\/es\/wp-json\/wp\/v2\/media?parent=24156"}],"curies":[{"name":"wp","href":"https:\/\/api.w.org\/{rel}","templated":true}]}}