{"id":24224,"date":"2023-01-13T04:16:46","date_gmt":"2023-01-13T04:16:46","guid":{"rendered":"https:\/\/www.cryoport.com\/calificacion-del-rendimiento-del-sistema-de-envio-y-embalaje\/"},"modified":"2026-02-12T14:55:05","modified_gmt":"2026-02-12T19:55:05","slug":"calificacion-del-rendimiento-del-sistema-de-envio-y-embalaje","status":"publish","type":"page","link":"https:\/\/www.cryoport.com\/es\/soluciones\/servicios-de-consultoria\/calificacion-del-rendimiento-del-sistema-de-envio-y-embalaje\/","title":{"rendered":"Calificaci\u00f3n del rendimiento del sistema de env\u00edo y embalaje"},"content":{"rendered":"","protected":false},"excerpt":{"rendered":"","protected":false},"author":1,"featured_media":21982,"parent":24229,"menu_order":0,"comment_status":"closed","ping_status":"closed","template":"","meta":{"_acf_changed":false,"footnotes":""},"class_list":["post-24224","page","type-page","status-publish","has-post-thumbnail","hentry"],"acf":[],"yoast_head":"<!-- This site is optimized with the Yoast SEO plugin v27.4 - https:\/\/yoast.com\/product\/yoast-seo-wordpress\/ -->\n<title>Calificaci\u00f3n del rendimiento del sistema de env\u00edo y embalaje - Cryoport Systems<\/title>\n<meta name=\"description\" content=\"Los Servicios de Consultor\u00eda Cryoport elaborar\u00e1n unas completas Cualificaciones de Envasado para verificar la integridad del envase. M\u00e1s informaci\u00f3n.\" \/>\n<meta name=\"robots\" content=\"index, follow, max-snippet:-1, max-image-preview:large, max-video-preview:-1\" \/>\n<link rel=\"canonical\" href=\"https:\/\/www.cryoport.com\/es\/soluciones\/servicios-de-consultoria\/calificacion-del-rendimiento-del-sistema-de-envio-y-embalaje\/\" \/>\n<meta property=\"og:locale\" content=\"es_ES\" \/>\n<meta property=\"og:type\" content=\"article\" \/>\n<meta property=\"og:title\" content=\"Calificaci\u00f3n del rendimiento del sistema de env\u00edo y embalaje - Cryoport Systems\" \/>\n<meta property=\"og:description\" content=\"Los Servicios de Consultor\u00eda Cryoport elaborar\u00e1n unas completas Cualificaciones de Envasado para verificar la integridad del envase. M\u00e1s informaci\u00f3n.\" \/>\n<meta property=\"og:url\" content=\"https:\/\/www.cryoport.com\/es\/soluciones\/servicios-de-consultoria\/calificacion-del-rendimiento-del-sistema-de-envio-y-embalaje\/\" \/>\n<meta property=\"og:site_name\" content=\"Cryoport Systems\" \/>\n<meta property=\"article:modified_time\" content=\"2026-02-12T19:55:05+00:00\" \/>\n<meta property=\"og:image\" content=\"https:\/\/www.cryoport.com\/wp-content\/uploads\/2025\/11\/Packaging-Qualifications.png\" \/>\n\t<meta property=\"og:image:width\" content=\"450\" \/>\n\t<meta property=\"og:image:height\" content=\"250\" \/>\n\t<meta property=\"og:image:type\" content=\"image\/png\" \/>\n<meta name=\"twitter:card\" content=\"summary_large_image\" \/>\n<meta name=\"twitter:site\" content=\"@cryoport\" \/>\n<script type=\"application\/ld+json\" class=\"yoast-schema-graph\">{\"@context\":\"https:\\\/\\\/schema.org\",\"@graph\":[{\"@type\":\"WebPage\",\"@id\":\"https:\\\/\\\/www.cryoport.com\\\/es\\\/soluciones\\\/servicios-de-consultoria\\\/calificacion-del-rendimiento-del-sistema-de-envio-y-embalaje\\\/\",\"url\":\"https:\\\/\\\/www.cryoport.com\\\/es\\\/soluciones\\\/servicios-de-consultoria\\\/calificacion-del-rendimiento-del-sistema-de-envio-y-embalaje\\\/\",\"name\":\"Calificaci\u00f3n del rendimiento del sistema de env\u00edo y embalaje - Cryoport Systems\",\"isPartOf\":{\"@id\":\"https:\\\/\\\/www.cryoport.com\\\/es\\\/#website\"},\"primaryImageOfPage\":{\"@id\":\"https:\\\/\\\/www.cryoport.com\\\/es\\\/soluciones\\\/servicios-de-consultoria\\\/calificacion-del-rendimiento-del-sistema-de-envio-y-embalaje\\\/#primaryimage\"},\"image\":{\"@id\":\"https:\\\/\\\/www.cryoport.com\\\/es\\\/soluciones\\\/servicios-de-consultoria\\\/calificacion-del-rendimiento-del-sistema-de-envio-y-embalaje\\\/#primaryimage\"},\"thumbnailUrl\":\"https:\\\/\\\/www.cryoport.com\\\/wp-content\\\/uploads\\\/2025\\\/11\\\/Packaging-Qualifications.png\",\"datePublished\":\"2023-01-13T04:16:46+00:00\",\"dateModified\":\"2026-02-12T19:55:05+00:00\",\"description\":\"Los Servicios de Consultor\u00eda Cryoport elaborar\u00e1n unas completas Cualificaciones de Envasado para verificar la integridad del envase. M\u00e1s informaci\u00f3n.\",\"breadcrumb\":{\"@id\":\"https:\\\/\\\/www.cryoport.com\\\/es\\\/soluciones\\\/servicios-de-consultoria\\\/calificacion-del-rendimiento-del-sistema-de-envio-y-embalaje\\\/#breadcrumb\"},\"inLanguage\":\"es\",\"potentialAction\":[{\"@type\":\"ReadAction\",\"target\":[\"https:\\\/\\\/www.cryoport.com\\\/es\\\/soluciones\\\/servicios-de-consultoria\\\/calificacion-del-rendimiento-del-sistema-de-envio-y-embalaje\\\/\"]}]},{\"@type\":\"ImageObject\",\"inLanguage\":\"es\",\"@id\":\"https:\\\/\\\/www.cryoport.com\\\/es\\\/soluciones\\\/servicios-de-consultoria\\\/calificacion-del-rendimiento-del-sistema-de-envio-y-embalaje\\\/#primaryimage\",\"url\":\"https:\\\/\\\/www.cryoport.com\\\/wp-content\\\/uploads\\\/2025\\\/11\\\/Packaging-Qualifications.png\",\"contentUrl\":\"https:\\\/\\\/www.cryoport.com\\\/wp-content\\\/uploads\\\/2025\\\/11\\\/Packaging-Qualifications.png\",\"width\":450,\"height\":250},{\"@type\":\"BreadcrumbList\",\"@id\":\"https:\\\/\\\/www.cryoport.com\\\/es\\\/soluciones\\\/servicios-de-consultoria\\\/calificacion-del-rendimiento-del-sistema-de-envio-y-embalaje\\\/#breadcrumb\",\"itemListElement\":[{\"@type\":\"ListItem\",\"position\":1,\"name\":\"Home\",\"item\":\"https:\\\/\\\/www.cryoport.com\\\/es\\\/pagina-de-inicio\\\/\"},{\"@type\":\"ListItem\",\"position\":2,\"name\":\"Soluciones\",\"item\":\"https:\\\/\\\/www.cryoport.com\\\/es\\\/soluciones\\\/\"},{\"@type\":\"ListItem\",\"position\":3,\"name\":\"Servicios de consultor\u00eda\",\"item\":\"https:\\\/\\\/www.cryoport.com\\\/es\\\/soluciones\\\/servicios-de-consultoria\\\/\"},{\"@type\":\"ListItem\",\"position\":4,\"name\":\"Calificaci\u00f3n del rendimiento del sistema de env\u00edo y embalaje\"}]},{\"@type\":\"WebSite\",\"@id\":\"https:\\\/\\\/www.cryoport.com\\\/es\\\/#website\",\"url\":\"https:\\\/\\\/www.cryoport.com\\\/es\\\/\",\"name\":\"Cryoport Systems\",\"description\":\"Enabling the Future of Medicine\",\"publisher\":{\"@id\":\"https:\\\/\\\/www.cryoport.com\\\/es\\\/#organization\"},\"potentialAction\":[{\"@type\":\"SearchAction\",\"target\":{\"@type\":\"EntryPoint\",\"urlTemplate\":\"https:\\\/\\\/www.cryoport.com\\\/es\\\/?s={search_term_string}\"},\"query-input\":{\"@type\":\"PropertyValueSpecification\",\"valueRequired\":true,\"valueName\":\"search_term_string\"}}],\"inLanguage\":\"es\"},{\"@type\":\"Organization\",\"@id\":\"https:\\\/\\\/www.cryoport.com\\\/es\\\/#organization\",\"name\":\"Cryoport Systems\",\"url\":\"https:\\\/\\\/www.cryoport.com\\\/es\\\/\",\"logo\":{\"@type\":\"ImageObject\",\"inLanguage\":\"es\",\"@id\":\"https:\\\/\\\/www.cryoport.com\\\/es\\\/#\\\/schema\\\/logo\\\/image\\\/\",\"url\":\"https:\\\/\\\/www.cryoport.com\\\/wp-content\\\/uploads\\\/2023\\\/12\\\/systems-square.png\",\"contentUrl\":\"https:\\\/\\\/www.cryoport.com\\\/wp-content\\\/uploads\\\/2023\\\/12\\\/systems-square.png\",\"width\":1200,\"height\":1200,\"caption\":\"Cryoport Systems\"},\"image\":{\"@id\":\"https:\\\/\\\/www.cryoport.com\\\/es\\\/#\\\/schema\\\/logo\\\/image\\\/\"},\"sameAs\":[\"https:\\\/\\\/x.com\\\/cryoport\",\"https:\\\/\\\/www.linkedin.com\\\/company\\\/856887\",\"https:\\\/\\\/www.youtube.com\\\/user\\\/CryoportVideo\"]}]}<\/script>\n<!-- \/ Yoast SEO plugin. -->","yoast_head_json":{"title":"Calificaci\u00f3n del rendimiento del sistema de env\u00edo y embalaje - Cryoport Systems","description":"Los Servicios de Consultor\u00eda Cryoport elaborar\u00e1n unas completas Cualificaciones de Envasado para verificar la integridad del envase. M\u00e1s informaci\u00f3n.","robots":{"index":"index","follow":"follow","max-snippet":"max-snippet:-1","max-image-preview":"max-image-preview:large","max-video-preview":"max-video-preview:-1"},"canonical":"https:\/\/www.cryoport.com\/es\/soluciones\/servicios-de-consultoria\/calificacion-del-rendimiento-del-sistema-de-envio-y-embalaje\/","og_locale":"es_ES","og_type":"article","og_title":"Calificaci\u00f3n del rendimiento del sistema de env\u00edo y embalaje - Cryoport Systems","og_description":"Los Servicios de Consultor\u00eda Cryoport elaborar\u00e1n unas completas Cualificaciones de Envasado para verificar la integridad del envase. M\u00e1s informaci\u00f3n.","og_url":"https:\/\/www.cryoport.com\/es\/soluciones\/servicios-de-consultoria\/calificacion-del-rendimiento-del-sistema-de-envio-y-embalaje\/","og_site_name":"Cryoport Systems","article_modified_time":"2026-02-12T19:55:05+00:00","og_image":[{"width":450,"height":250,"url":"https:\/\/www.cryoport.com\/wp-content\/uploads\/2025\/11\/Packaging-Qualifications.png","type":"image\/png"}],"twitter_card":"summary_large_image","twitter_site":"@cryoport","schema":{"@context":"https:\/\/schema.org","@graph":[{"@type":"WebPage","@id":"https:\/\/www.cryoport.com\/es\/soluciones\/servicios-de-consultoria\/calificacion-del-rendimiento-del-sistema-de-envio-y-embalaje\/","url":"https:\/\/www.cryoport.com\/es\/soluciones\/servicios-de-consultoria\/calificacion-del-rendimiento-del-sistema-de-envio-y-embalaje\/","name":"Calificaci\u00f3n del rendimiento del sistema de env\u00edo y embalaje - Cryoport Systems","isPartOf":{"@id":"https:\/\/www.cryoport.com\/es\/#website"},"primaryImageOfPage":{"@id":"https:\/\/www.cryoport.com\/es\/soluciones\/servicios-de-consultoria\/calificacion-del-rendimiento-del-sistema-de-envio-y-embalaje\/#primaryimage"},"image":{"@id":"https:\/\/www.cryoport.com\/es\/soluciones\/servicios-de-consultoria\/calificacion-del-rendimiento-del-sistema-de-envio-y-embalaje\/#primaryimage"},"thumbnailUrl":"https:\/\/www.cryoport.com\/wp-content\/uploads\/2025\/11\/Packaging-Qualifications.png","datePublished":"2023-01-13T04:16:46+00:00","dateModified":"2026-02-12T19:55:05+00:00","description":"Los Servicios de Consultor\u00eda Cryoport elaborar\u00e1n unas completas Cualificaciones de Envasado para verificar la integridad del envase. M\u00e1s informaci\u00f3n.","breadcrumb":{"@id":"https:\/\/www.cryoport.com\/es\/soluciones\/servicios-de-consultoria\/calificacion-del-rendimiento-del-sistema-de-envio-y-embalaje\/#breadcrumb"},"inLanguage":"es","potentialAction":[{"@type":"ReadAction","target":["https:\/\/www.cryoport.com\/es\/soluciones\/servicios-de-consultoria\/calificacion-del-rendimiento-del-sistema-de-envio-y-embalaje\/"]}]},{"@type":"ImageObject","inLanguage":"es","@id":"https:\/\/www.cryoport.com\/es\/soluciones\/servicios-de-consultoria\/calificacion-del-rendimiento-del-sistema-de-envio-y-embalaje\/#primaryimage","url":"https:\/\/www.cryoport.com\/wp-content\/uploads\/2025\/11\/Packaging-Qualifications.png","contentUrl":"https:\/\/www.cryoport.com\/wp-content\/uploads\/2025\/11\/Packaging-Qualifications.png","width":450,"height":250},{"@type":"BreadcrumbList","@id":"https:\/\/www.cryoport.com\/es\/soluciones\/servicios-de-consultoria\/calificacion-del-rendimiento-del-sistema-de-envio-y-embalaje\/#breadcrumb","itemListElement":[{"@type":"ListItem","position":1,"name":"Home","item":"https:\/\/www.cryoport.com\/es\/pagina-de-inicio\/"},{"@type":"ListItem","position":2,"name":"Soluciones","item":"https:\/\/www.cryoport.com\/es\/soluciones\/"},{"@type":"ListItem","position":3,"name":"Servicios de consultor\u00eda","item":"https:\/\/www.cryoport.com\/es\/soluciones\/servicios-de-consultoria\/"},{"@type":"ListItem","position":4,"name":"Calificaci\u00f3n del rendimiento del sistema de env\u00edo y embalaje"}]},{"@type":"WebSite","@id":"https:\/\/www.cryoport.com\/es\/#website","url":"https:\/\/www.cryoport.com\/es\/","name":"Cryoport Systems","description":"Enabling the Future of Medicine","publisher":{"@id":"https:\/\/www.cryoport.com\/es\/#organization"},"potentialAction":[{"@type":"SearchAction","target":{"@type":"EntryPoint","urlTemplate":"https:\/\/www.cryoport.com\/es\/?s={search_term_string}"},"query-input":{"@type":"PropertyValueSpecification","valueRequired":true,"valueName":"search_term_string"}}],"inLanguage":"es"},{"@type":"Organization","@id":"https:\/\/www.cryoport.com\/es\/#organization","name":"Cryoport Systems","url":"https:\/\/www.cryoport.com\/es\/","logo":{"@type":"ImageObject","inLanguage":"es","@id":"https:\/\/www.cryoport.com\/es\/#\/schema\/logo\/image\/","url":"https:\/\/www.cryoport.com\/wp-content\/uploads\/2023\/12\/systems-square.png","contentUrl":"https:\/\/www.cryoport.com\/wp-content\/uploads\/2023\/12\/systems-square.png","width":1200,"height":1200,"caption":"Cryoport Systems"},"image":{"@id":"https:\/\/www.cryoport.com\/es\/#\/schema\/logo\/image\/"},"sameAs":["https:\/\/x.com\/cryoport","https:\/\/www.linkedin.com\/company\/856887","https:\/\/www.youtube.com\/user\/CryoportVideo"]}]}},"_links":{"self":[{"href":"https:\/\/www.cryoport.com\/es\/wp-json\/wp\/v2\/pages\/24224","targetHints":{"allow":["GET"]}}],"collection":[{"href":"https:\/\/www.cryoport.com\/es\/wp-json\/wp\/v2\/pages"}],"about":[{"href":"https:\/\/www.cryoport.com\/es\/wp-json\/wp\/v2\/types\/page"}],"author":[{"embeddable":true,"href":"https:\/\/www.cryoport.com\/es\/wp-json\/wp\/v2\/users\/1"}],"replies":[{"embeddable":true,"href":"https:\/\/www.cryoport.com\/es\/wp-json\/wp\/v2\/comments?post=24224"}],"version-history":[{"count":1,"href":"https:\/\/www.cryoport.com\/es\/wp-json\/wp\/v2\/pages\/24224\/revisions"}],"predecessor-version":[{"id":24230,"href":"https:\/\/www.cryoport.com\/es\/wp-json\/wp\/v2\/pages\/24224\/revisions\/24230"}],"up":[{"embeddable":true,"href":"https:\/\/www.cryoport.com\/es\/wp-json\/wp\/v2\/pages\/24229"}],"wp:featuredmedia":[{"embeddable":true,"href":"https:\/\/www.cryoport.com\/es\/wp-json\/wp\/v2\/media\/21982"}],"wp:attachment":[{"href":"https:\/\/www.cryoport.com\/es\/wp-json\/wp\/v2\/media?parent=24224"}],"curies":[{"name":"wp","href":"https:\/\/api.w.org\/{rel}","templated":true}]}}