{"id":23449,"date":"2025-05-16T21:30:11","date_gmt":"2025-05-16T20:30:11","guid":{"rendered":"https:\/\/www.cryoport.com\/merci-a-vous-telechargez-le-poster-leucapherese-cryotransformee-a-laide-dun-systeme-ferme-automatise\/"},"modified":"2026-02-12T14:18:17","modified_gmt":"2026-02-12T19:18:17","slug":"merci-a-vous-telechargez-le-poster-leucapherese-cryotransformee-a-laide-dun-systeme-ferme-automatise","status":"publish","type":"page","link":"https:\/\/www.cryoport.com\/fr\/merci-a-vous-telechargez-le-poster-leucapherese-cryotransformee-a-laide-dun-systeme-ferme-automatise\/","title":{"rendered":"Merci \u00e0 vous ! T\u00e9l\u00e9chargez le poster : Leucaph\u00e9r\u00e8se cryotransform\u00e9e \u00e0 l&rsquo;aide d&rsquo;un syst\u00e8me ferm\u00e9 automatis\u00e9"},"content":{"rendered":"","protected":false},"excerpt":{"rendered":"","protected":false},"author":38,"featured_media":0,"parent":0,"menu_order":0,"comment_status":"closed","ping_status":"closed","template":"","meta":{"_acf_changed":false,"footnotes":""},"class_list":["post-23449","page","type-page","status-publish","hentry"],"acf":[],"yoast_head":"<!-- This site is optimized with the Yoast SEO plugin v27.4 - https:\/\/yoast.com\/product\/yoast-seo-wordpress\/ -->\n<title>Merci \u00e0 vous ! T\u00e9l\u00e9chargez le poster : Leucaph\u00e9r\u00e8se cryotransform\u00e9e \u00e0 l&#039;aide d&#039;un syst\u00e8me ferm\u00e9 automatis\u00e9 - Cryoport Systems<\/title>\n<meta name=\"description\" content=\"Cryoport Systems fait progresser le paysage de la th\u00e9rapie cellulaire en incorporant des services de cryoconservation dans sa plateforme de cha\u00eene d&#039;approvisionnement de pointe. Ce livre blanc pr\u00e9sente une approche innovante de la fourniture de leucaph\u00e9r\u00e8ses cryoconserv\u00e9es coh\u00e9rentes et de haute qualit\u00e9, couramment utilis\u00e9es comme mat\u00e9riaux de d\u00e9part pour de nombreuses th\u00e9rapies cellulaires.\" \/>\n<meta name=\"robots\" content=\"index, follow, max-snippet:-1, max-image-preview:large, max-video-preview:-1\" \/>\n<link rel=\"canonical\" href=\"https:\/\/www.cryoport.com\/fr\/merci-a-vous-telechargez-le-poster-leucapherese-cryotransformee-a-laide-dun-systeme-ferme-automatise\/\" \/>\n<meta property=\"og:locale\" content=\"fr_FR\" \/>\n<meta property=\"og:type\" content=\"article\" \/>\n<meta property=\"og:title\" content=\"Merci \u00e0 vous ! T\u00e9l\u00e9chargez le poster : Leucaph\u00e9r\u00e8se cryotransform\u00e9e \u00e0 l&#039;aide d&#039;un syst\u00e8me ferm\u00e9 automatis\u00e9 - Cryoport Systems\" \/>\n<meta property=\"og:description\" content=\"Cryoport Systems fait progresser le paysage de la th\u00e9rapie cellulaire en incorporant des services de cryoconservation dans sa plateforme de cha\u00eene d&#039;approvisionnement de pointe. Ce livre blanc pr\u00e9sente une approche innovante de la fourniture de leucaph\u00e9r\u00e8ses cryoconserv\u00e9es coh\u00e9rentes et de haute qualit\u00e9, couramment utilis\u00e9es comme mat\u00e9riaux de d\u00e9part pour de nombreuses th\u00e9rapies cellulaires.\" \/>\n<meta property=\"og:url\" content=\"https:\/\/www.cryoport.com\/fr\/merci-a-vous-telechargez-le-poster-leucapherese-cryotransformee-a-laide-dun-systeme-ferme-automatise\/\" \/>\n<meta property=\"og:site_name\" content=\"Cryoport Systems\" \/>\n<meta property=\"article:modified_time\" content=\"2026-02-12T19:18:17+00:00\" \/>\n<meta property=\"og:image\" content=\"https:\/\/www.cryoport.com\/wp-content\/uploads\/2023\/12\/systems-seo.png\" \/>\n\t<meta property=\"og:image:width\" content=\"1200\" \/>\n\t<meta property=\"og:image:height\" content=\"675\" \/>\n\t<meta property=\"og:image:type\" content=\"image\/png\" \/>\n<meta name=\"twitter:card\" content=\"summary_large_image\" \/>\n<meta name=\"twitter:site\" content=\"@cryoport\" \/>\n<script type=\"application\/ld+json\" class=\"yoast-schema-graph\">{\"@context\":\"https:\\\/\\\/schema.org\",\"@graph\":[{\"@type\":\"WebPage\",\"@id\":\"https:\\\/\\\/www.cryoport.com\\\/fr\\\/merci-a-vous-telechargez-le-poster-leucapherese-cryotransformee-a-laide-dun-systeme-ferme-automatise\\\/\",\"url\":\"https:\\\/\\\/www.cryoport.com\\\/fr\\\/merci-a-vous-telechargez-le-poster-leucapherese-cryotransformee-a-laide-dun-systeme-ferme-automatise\\\/\",\"name\":\"Merci \u00e0 vous ! T\u00e9l\u00e9chargez le poster : Leucaph\u00e9r\u00e8se cryotransform\u00e9e \u00e0 l'aide d'un syst\u00e8me ferm\u00e9 automatis\u00e9 - Cryoport Systems\",\"isPartOf\":{\"@id\":\"https:\\\/\\\/www.cryoport.com\\\/fr\\\/#website\"},\"datePublished\":\"2025-05-16T20:30:11+00:00\",\"dateModified\":\"2026-02-12T19:18:17+00:00\",\"description\":\"Cryoport Systems fait progresser le paysage de la th\u00e9rapie cellulaire en incorporant des services de cryoconservation dans sa plateforme de cha\u00eene d'approvisionnement de pointe. Ce livre blanc pr\u00e9sente une approche innovante de la fourniture de leucaph\u00e9r\u00e8ses cryoconserv\u00e9es coh\u00e9rentes et de haute qualit\u00e9, couramment utilis\u00e9es comme mat\u00e9riaux de d\u00e9part pour de nombreuses th\u00e9rapies cellulaires.\",\"breadcrumb\":{\"@id\":\"https:\\\/\\\/www.cryoport.com\\\/fr\\\/merci-a-vous-telechargez-le-poster-leucapherese-cryotransformee-a-laide-dun-systeme-ferme-automatise\\\/#breadcrumb\"},\"inLanguage\":\"fr-FR\",\"potentialAction\":[{\"@type\":\"ReadAction\",\"target\":[\"https:\\\/\\\/www.cryoport.com\\\/fr\\\/merci-a-vous-telechargez-le-poster-leucapherese-cryotransformee-a-laide-dun-systeme-ferme-automatise\\\/\"]}]},{\"@type\":\"BreadcrumbList\",\"@id\":\"https:\\\/\\\/www.cryoport.com\\\/fr\\\/merci-a-vous-telechargez-le-poster-leucapherese-cryotransformee-a-laide-dun-systeme-ferme-automatise\\\/#breadcrumb\",\"itemListElement\":[{\"@type\":\"ListItem\",\"position\":1,\"name\":\"Home\",\"item\":\"https:\\\/\\\/www.cryoport.com\\\/fr\\\/homepage\\\/\"},{\"@type\":\"ListItem\",\"position\":2,\"name\":\"Merci \u00e0 vous ! T\u00e9l\u00e9chargez le poster : Leucaph\u00e9r\u00e8se cryotransform\u00e9e \u00e0 l&rsquo;aide d&rsquo;un syst\u00e8me ferm\u00e9 automatis\u00e9\"}]},{\"@type\":\"WebSite\",\"@id\":\"https:\\\/\\\/www.cryoport.com\\\/fr\\\/#website\",\"url\":\"https:\\\/\\\/www.cryoport.com\\\/fr\\\/\",\"name\":\"Cryoport Systems\",\"description\":\"Enabling the Future of Medicine\",\"publisher\":{\"@id\":\"https:\\\/\\\/www.cryoport.com\\\/fr\\\/#organization\"},\"potentialAction\":[{\"@type\":\"SearchAction\",\"target\":{\"@type\":\"EntryPoint\",\"urlTemplate\":\"https:\\\/\\\/www.cryoport.com\\\/fr\\\/?s={search_term_string}\"},\"query-input\":{\"@type\":\"PropertyValueSpecification\",\"valueRequired\":true,\"valueName\":\"search_term_string\"}}],\"inLanguage\":\"fr-FR\"},{\"@type\":\"Organization\",\"@id\":\"https:\\\/\\\/www.cryoport.com\\\/fr\\\/#organization\",\"name\":\"Cryoport Systems\",\"url\":\"https:\\\/\\\/www.cryoport.com\\\/fr\\\/\",\"logo\":{\"@type\":\"ImageObject\",\"inLanguage\":\"fr-FR\",\"@id\":\"https:\\\/\\\/www.cryoport.com\\\/fr\\\/#\\\/schema\\\/logo\\\/image\\\/\",\"url\":\"https:\\\/\\\/www.cryoport.com\\\/wp-content\\\/uploads\\\/2023\\\/12\\\/systems-square.png\",\"contentUrl\":\"https:\\\/\\\/www.cryoport.com\\\/wp-content\\\/uploads\\\/2023\\\/12\\\/systems-square.png\",\"width\":1200,\"height\":1200,\"caption\":\"Cryoport Systems\"},\"image\":{\"@id\":\"https:\\\/\\\/www.cryoport.com\\\/fr\\\/#\\\/schema\\\/logo\\\/image\\\/\"},\"sameAs\":[\"https:\\\/\\\/x.com\\\/cryoport\",\"https:\\\/\\\/www.linkedin.com\\\/company\\\/856887\",\"https:\\\/\\\/www.youtube.com\\\/user\\\/CryoportVideo\"]}]}<\/script>\n<!-- \/ Yoast SEO plugin. -->","yoast_head_json":{"title":"Merci \u00e0 vous ! T\u00e9l\u00e9chargez le poster : Leucaph\u00e9r\u00e8se cryotransform\u00e9e \u00e0 l'aide d'un syst\u00e8me ferm\u00e9 automatis\u00e9 - Cryoport Systems","description":"Cryoport Systems fait progresser le paysage de la th\u00e9rapie cellulaire en incorporant des services de cryoconservation dans sa plateforme de cha\u00eene d'approvisionnement de pointe. Ce livre blanc pr\u00e9sente une approche innovante de la fourniture de leucaph\u00e9r\u00e8ses cryoconserv\u00e9es coh\u00e9rentes et de haute qualit\u00e9, couramment utilis\u00e9es comme mat\u00e9riaux de d\u00e9part pour de nombreuses th\u00e9rapies cellulaires.","robots":{"index":"index","follow":"follow","max-snippet":"max-snippet:-1","max-image-preview":"max-image-preview:large","max-video-preview":"max-video-preview:-1"},"canonical":"https:\/\/www.cryoport.com\/fr\/merci-a-vous-telechargez-le-poster-leucapherese-cryotransformee-a-laide-dun-systeme-ferme-automatise\/","og_locale":"fr_FR","og_type":"article","og_title":"Merci \u00e0 vous ! T\u00e9l\u00e9chargez le poster : Leucaph\u00e9r\u00e8se cryotransform\u00e9e \u00e0 l'aide d'un syst\u00e8me ferm\u00e9 automatis\u00e9 - Cryoport Systems","og_description":"Cryoport Systems fait progresser le paysage de la th\u00e9rapie cellulaire en incorporant des services de cryoconservation dans sa plateforme de cha\u00eene d'approvisionnement de pointe. Ce livre blanc pr\u00e9sente une approche innovante de la fourniture de leucaph\u00e9r\u00e8ses cryoconserv\u00e9es coh\u00e9rentes et de haute qualit\u00e9, couramment utilis\u00e9es comme mat\u00e9riaux de d\u00e9part pour de nombreuses th\u00e9rapies cellulaires.","og_url":"https:\/\/www.cryoport.com\/fr\/merci-a-vous-telechargez-le-poster-leucapherese-cryotransformee-a-laide-dun-systeme-ferme-automatise\/","og_site_name":"Cryoport Systems","article_modified_time":"2026-02-12T19:18:17+00:00","og_image":[{"width":1200,"height":675,"url":"https:\/\/www.cryoport.com\/wp-content\/uploads\/2023\/12\/systems-seo.png","type":"image\/png"}],"twitter_card":"summary_large_image","twitter_site":"@cryoport","schema":{"@context":"https:\/\/schema.org","@graph":[{"@type":"WebPage","@id":"https:\/\/www.cryoport.com\/fr\/merci-a-vous-telechargez-le-poster-leucapherese-cryotransformee-a-laide-dun-systeme-ferme-automatise\/","url":"https:\/\/www.cryoport.com\/fr\/merci-a-vous-telechargez-le-poster-leucapherese-cryotransformee-a-laide-dun-systeme-ferme-automatise\/","name":"Merci \u00e0 vous ! T\u00e9l\u00e9chargez le poster : Leucaph\u00e9r\u00e8se cryotransform\u00e9e \u00e0 l'aide d'un syst\u00e8me ferm\u00e9 automatis\u00e9 - Cryoport Systems","isPartOf":{"@id":"https:\/\/www.cryoport.com\/fr\/#website"},"datePublished":"2025-05-16T20:30:11+00:00","dateModified":"2026-02-12T19:18:17+00:00","description":"Cryoport Systems fait progresser le paysage de la th\u00e9rapie cellulaire en incorporant des services de cryoconservation dans sa plateforme de cha\u00eene d'approvisionnement de pointe. Ce livre blanc pr\u00e9sente une approche innovante de la fourniture de leucaph\u00e9r\u00e8ses cryoconserv\u00e9es coh\u00e9rentes et de haute qualit\u00e9, couramment utilis\u00e9es comme mat\u00e9riaux de d\u00e9part pour de nombreuses th\u00e9rapies cellulaires.","breadcrumb":{"@id":"https:\/\/www.cryoport.com\/fr\/merci-a-vous-telechargez-le-poster-leucapherese-cryotransformee-a-laide-dun-systeme-ferme-automatise\/#breadcrumb"},"inLanguage":"fr-FR","potentialAction":[{"@type":"ReadAction","target":["https:\/\/www.cryoport.com\/fr\/merci-a-vous-telechargez-le-poster-leucapherese-cryotransformee-a-laide-dun-systeme-ferme-automatise\/"]}]},{"@type":"BreadcrumbList","@id":"https:\/\/www.cryoport.com\/fr\/merci-a-vous-telechargez-le-poster-leucapherese-cryotransformee-a-laide-dun-systeme-ferme-automatise\/#breadcrumb","itemListElement":[{"@type":"ListItem","position":1,"name":"Home","item":"https:\/\/www.cryoport.com\/fr\/homepage\/"},{"@type":"ListItem","position":2,"name":"Merci \u00e0 vous ! T\u00e9l\u00e9chargez le poster : Leucaph\u00e9r\u00e8se cryotransform\u00e9e \u00e0 l&rsquo;aide d&rsquo;un syst\u00e8me ferm\u00e9 automatis\u00e9"}]},{"@type":"WebSite","@id":"https:\/\/www.cryoport.com\/fr\/#website","url":"https:\/\/www.cryoport.com\/fr\/","name":"Cryoport Systems","description":"Enabling the Future of Medicine","publisher":{"@id":"https:\/\/www.cryoport.com\/fr\/#organization"},"potentialAction":[{"@type":"SearchAction","target":{"@type":"EntryPoint","urlTemplate":"https:\/\/www.cryoport.com\/fr\/?s={search_term_string}"},"query-input":{"@type":"PropertyValueSpecification","valueRequired":true,"valueName":"search_term_string"}}],"inLanguage":"fr-FR"},{"@type":"Organization","@id":"https:\/\/www.cryoport.com\/fr\/#organization","name":"Cryoport Systems","url":"https:\/\/www.cryoport.com\/fr\/","logo":{"@type":"ImageObject","inLanguage":"fr-FR","@id":"https:\/\/www.cryoport.com\/fr\/#\/schema\/logo\/image\/","url":"https:\/\/www.cryoport.com\/wp-content\/uploads\/2023\/12\/systems-square.png","contentUrl":"https:\/\/www.cryoport.com\/wp-content\/uploads\/2023\/12\/systems-square.png","width":1200,"height":1200,"caption":"Cryoport Systems"},"image":{"@id":"https:\/\/www.cryoport.com\/fr\/#\/schema\/logo\/image\/"},"sameAs":["https:\/\/x.com\/cryoport","https:\/\/www.linkedin.com\/company\/856887","https:\/\/www.youtube.com\/user\/CryoportVideo"]}]}},"_links":{"self":[{"href":"https:\/\/www.cryoport.com\/fr\/wp-json\/wp\/v2\/pages\/23449","targetHints":{"allow":["GET"]}}],"collection":[{"href":"https:\/\/www.cryoport.com\/fr\/wp-json\/wp\/v2\/pages"}],"about":[{"href":"https:\/\/www.cryoport.com\/fr\/wp-json\/wp\/v2\/types\/page"}],"author":[{"embeddable":true,"href":"https:\/\/www.cryoport.com\/fr\/wp-json\/wp\/v2\/users\/38"}],"replies":[{"embeddable":true,"href":"https:\/\/www.cryoport.com\/fr\/wp-json\/wp\/v2\/comments?post=23449"}],"version-history":[{"count":1,"href":"https:\/\/www.cryoport.com\/fr\/wp-json\/wp\/v2\/pages\/23449\/revisions"}],"predecessor-version":[{"id":25234,"href":"https:\/\/www.cryoport.com\/fr\/wp-json\/wp\/v2\/pages\/23449\/revisions\/25234"}],"wp:attachment":[{"href":"https:\/\/www.cryoport.com\/fr\/wp-json\/wp\/v2\/media?parent=23449"}],"curies":[{"name":"wp","href":"https:\/\/api.w.org\/{rel}","templated":true}]}}