{"id":23451,"date":"2025-08-22T21:27:35","date_gmt":"2025-08-22T20:27:35","guid":{"rendered":"https:\/\/www.cryoport.com\/nous-vous-remercions-regardez-la-presentation-de-laffiche-sur-la-leucapherese-cryotransformee-a-laide-dun-systeme-ferme-automatise\/"},"modified":"2026-02-12T13:59:14","modified_gmt":"2026-02-12T18:59:14","slug":"nous-vous-remercions-regardez-la-presentation-de-laffiche-sur-la-leucapherese-cryotransformee-a-laide-dun-systeme-ferme-automatise","status":"publish","type":"page","link":"https:\/\/www.cryoport.com\/fr\/nous-vous-remercions-regardez-la-presentation-de-laffiche-sur-la-leucapherese-cryotransformee-a-laide-dun-systeme-ferme-automatise\/","title":{"rendered":"Nous vous remercions ! Regardez la pr\u00e9sentation de l&rsquo;affiche sur la leucaph\u00e9r\u00e8se cryotransform\u00e9e \u00e0 l&rsquo;aide d&rsquo;un syst\u00e8me ferm\u00e9 automatis\u00e9."},"content":{"rendered":"","protected":false},"excerpt":{"rendered":"","protected":false},"author":31,"featured_media":19844,"parent":0,"menu_order":0,"comment_status":"closed","ping_status":"closed","template":"","meta":{"_acf_changed":false,"footnotes":""},"class_list":["post-23451","page","type-page","status-publish","has-post-thumbnail","hentry"],"acf":[],"yoast_head":"<!-- This site is optimized with the Yoast SEO plugin v27.4 - https:\/\/yoast.com\/product\/yoast-seo-wordpress\/ -->\n<title>Nous vous remercions ! Regardez la pr\u00e9sentation de l&#039;affiche sur la leucaph\u00e9r\u00e8se cryotransform\u00e9e \u00e0 l&#039;aide d&#039;un syst\u00e8me ferm\u00e9 automatis\u00e9. - Cryoport Systems<\/title>\n<meta name=\"robots\" content=\"index, follow, max-snippet:-1, max-image-preview:large, max-video-preview:-1\" \/>\n<link rel=\"canonical\" href=\"https:\/\/www.cryoport.com\/fr\/nous-vous-remercions-regardez-la-presentation-de-laffiche-sur-la-leucapherese-cryotransformee-a-laide-dun-systeme-ferme-automatise\/\" \/>\n<meta property=\"og:locale\" content=\"fr_FR\" \/>\n<meta property=\"og:type\" content=\"article\" \/>\n<meta property=\"og:title\" content=\"Nous vous remercions ! Regardez la pr\u00e9sentation de l&#039;affiche sur la leucaph\u00e9r\u00e8se cryotransform\u00e9e \u00e0 l&#039;aide d&#039;un syst\u00e8me ferm\u00e9 automatis\u00e9. - Cryoport Systems\" \/>\n<meta property=\"og:url\" content=\"https:\/\/www.cryoport.com\/fr\/nous-vous-remercions-regardez-la-presentation-de-laffiche-sur-la-leucapherese-cryotransformee-a-laide-dun-systeme-ferme-automatise\/\" \/>\n<meta property=\"og:site_name\" content=\"Cryoport Systems\" \/>\n<meta property=\"article:modified_time\" content=\"2026-02-12T18:59:14+00:00\" \/>\n<meta property=\"og:image\" content=\"https:\/\/www.cryoport.com\/wp-content\/uploads\/2025\/08\/ISCT-2025-Poster-Presentation-Website-Header.png\" \/>\n\t<meta property=\"og:image:width\" content=\"1350\" \/>\n\t<meta property=\"og:image:height\" content=\"300\" \/>\n\t<meta property=\"og:image:type\" content=\"image\/png\" \/>\n<meta name=\"twitter:card\" content=\"summary_large_image\" \/>\n<meta name=\"twitter:site\" content=\"@cryoport\" \/>\n<script type=\"application\/ld+json\" class=\"yoast-schema-graph\">{\"@context\":\"https:\\\/\\\/schema.org\",\"@graph\":[{\"@type\":\"WebPage\",\"@id\":\"https:\\\/\\\/www.cryoport.com\\\/fr\\\/nous-vous-remercions-regardez-la-presentation-de-laffiche-sur-la-leucapherese-cryotransformee-a-laide-dun-systeme-ferme-automatise\\\/\",\"url\":\"https:\\\/\\\/www.cryoport.com\\\/fr\\\/nous-vous-remercions-regardez-la-presentation-de-laffiche-sur-la-leucapherese-cryotransformee-a-laide-dun-systeme-ferme-automatise\\\/\",\"name\":\"Nous vous remercions ! Regardez la pr\u00e9sentation de l'affiche sur la leucaph\u00e9r\u00e8se cryotransform\u00e9e \u00e0 l'aide d'un syst\u00e8me ferm\u00e9 automatis\u00e9. - Cryoport Systems\",\"isPartOf\":{\"@id\":\"https:\\\/\\\/www.cryoport.com\\\/fr\\\/#website\"},\"primaryImageOfPage\":{\"@id\":\"https:\\\/\\\/www.cryoport.com\\\/fr\\\/nous-vous-remercions-regardez-la-presentation-de-laffiche-sur-la-leucapherese-cryotransformee-a-laide-dun-systeme-ferme-automatise\\\/#primaryimage\"},\"image\":{\"@id\":\"https:\\\/\\\/www.cryoport.com\\\/fr\\\/nous-vous-remercions-regardez-la-presentation-de-laffiche-sur-la-leucapherese-cryotransformee-a-laide-dun-systeme-ferme-automatise\\\/#primaryimage\"},\"thumbnailUrl\":\"https:\\\/\\\/www.cryoport.com\\\/wp-content\\\/uploads\\\/2025\\\/08\\\/ISCT-2025-Poster-Presentation-Website-Header.png\",\"datePublished\":\"2025-08-22T20:27:35+00:00\",\"dateModified\":\"2026-02-12T18:59:14+00:00\",\"breadcrumb\":{\"@id\":\"https:\\\/\\\/www.cryoport.com\\\/fr\\\/nous-vous-remercions-regardez-la-presentation-de-laffiche-sur-la-leucapherese-cryotransformee-a-laide-dun-systeme-ferme-automatise\\\/#breadcrumb\"},\"inLanguage\":\"fr-FR\",\"potentialAction\":[{\"@type\":\"ReadAction\",\"target\":[\"https:\\\/\\\/www.cryoport.com\\\/fr\\\/nous-vous-remercions-regardez-la-presentation-de-laffiche-sur-la-leucapherese-cryotransformee-a-laide-dun-systeme-ferme-automatise\\\/\"]}]},{\"@type\":\"ImageObject\",\"inLanguage\":\"fr-FR\",\"@id\":\"https:\\\/\\\/www.cryoport.com\\\/fr\\\/nous-vous-remercions-regardez-la-presentation-de-laffiche-sur-la-leucapherese-cryotransformee-a-laide-dun-systeme-ferme-automatise\\\/#primaryimage\",\"url\":\"https:\\\/\\\/www.cryoport.com\\\/wp-content\\\/uploads\\\/2025\\\/08\\\/ISCT-2025-Poster-Presentation-Website-Header.png\",\"contentUrl\":\"https:\\\/\\\/www.cryoport.com\\\/wp-content\\\/uploads\\\/2025\\\/08\\\/ISCT-2025-Poster-Presentation-Website-Header.png\",\"width\":1350,\"height\":300},{\"@type\":\"BreadcrumbList\",\"@id\":\"https:\\\/\\\/www.cryoport.com\\\/fr\\\/nous-vous-remercions-regardez-la-presentation-de-laffiche-sur-la-leucapherese-cryotransformee-a-laide-dun-systeme-ferme-automatise\\\/#breadcrumb\",\"itemListElement\":[{\"@type\":\"ListItem\",\"position\":1,\"name\":\"Home\",\"item\":\"https:\\\/\\\/www.cryoport.com\\\/fr\\\/homepage\\\/\"},{\"@type\":\"ListItem\",\"position\":2,\"name\":\"Nous vous remercions ! Regardez la pr\u00e9sentation de l&rsquo;affiche sur la leucaph\u00e9r\u00e8se cryotransform\u00e9e \u00e0 l&rsquo;aide d&rsquo;un syst\u00e8me ferm\u00e9 automatis\u00e9.\"}]},{\"@type\":\"WebSite\",\"@id\":\"https:\\\/\\\/www.cryoport.com\\\/fr\\\/#website\",\"url\":\"https:\\\/\\\/www.cryoport.com\\\/fr\\\/\",\"name\":\"Cryoport Systems\",\"description\":\"Enabling the Future of Medicine\",\"publisher\":{\"@id\":\"https:\\\/\\\/www.cryoport.com\\\/fr\\\/#organization\"},\"potentialAction\":[{\"@type\":\"SearchAction\",\"target\":{\"@type\":\"EntryPoint\",\"urlTemplate\":\"https:\\\/\\\/www.cryoport.com\\\/fr\\\/?s={search_term_string}\"},\"query-input\":{\"@type\":\"PropertyValueSpecification\",\"valueRequired\":true,\"valueName\":\"search_term_string\"}}],\"inLanguage\":\"fr-FR\"},{\"@type\":\"Organization\",\"@id\":\"https:\\\/\\\/www.cryoport.com\\\/fr\\\/#organization\",\"name\":\"Cryoport Systems\",\"url\":\"https:\\\/\\\/www.cryoport.com\\\/fr\\\/\",\"logo\":{\"@type\":\"ImageObject\",\"inLanguage\":\"fr-FR\",\"@id\":\"https:\\\/\\\/www.cryoport.com\\\/fr\\\/#\\\/schema\\\/logo\\\/image\\\/\",\"url\":\"https:\\\/\\\/www.cryoport.com\\\/wp-content\\\/uploads\\\/2023\\\/12\\\/systems-square.png\",\"contentUrl\":\"https:\\\/\\\/www.cryoport.com\\\/wp-content\\\/uploads\\\/2023\\\/12\\\/systems-square.png\",\"width\":1200,\"height\":1200,\"caption\":\"Cryoport Systems\"},\"image\":{\"@id\":\"https:\\\/\\\/www.cryoport.com\\\/fr\\\/#\\\/schema\\\/logo\\\/image\\\/\"},\"sameAs\":[\"https:\\\/\\\/x.com\\\/cryoport\",\"https:\\\/\\\/www.linkedin.com\\\/company\\\/856887\",\"https:\\\/\\\/www.youtube.com\\\/user\\\/CryoportVideo\"]}]}<\/script>\n<!-- \/ Yoast SEO plugin. -->","yoast_head_json":{"title":"Nous vous remercions ! Regardez la pr\u00e9sentation de l'affiche sur la leucaph\u00e9r\u00e8se cryotransform\u00e9e \u00e0 l'aide d'un syst\u00e8me ferm\u00e9 automatis\u00e9. - Cryoport Systems","robots":{"index":"index","follow":"follow","max-snippet":"max-snippet:-1","max-image-preview":"max-image-preview:large","max-video-preview":"max-video-preview:-1"},"canonical":"https:\/\/www.cryoport.com\/fr\/nous-vous-remercions-regardez-la-presentation-de-laffiche-sur-la-leucapherese-cryotransformee-a-laide-dun-systeme-ferme-automatise\/","og_locale":"fr_FR","og_type":"article","og_title":"Nous vous remercions ! Regardez la pr\u00e9sentation de l'affiche sur la leucaph\u00e9r\u00e8se cryotransform\u00e9e \u00e0 l'aide d'un syst\u00e8me ferm\u00e9 automatis\u00e9. - Cryoport Systems","og_url":"https:\/\/www.cryoport.com\/fr\/nous-vous-remercions-regardez-la-presentation-de-laffiche-sur-la-leucapherese-cryotransformee-a-laide-dun-systeme-ferme-automatise\/","og_site_name":"Cryoport Systems","article_modified_time":"2026-02-12T18:59:14+00:00","og_image":[{"width":1350,"height":300,"url":"https:\/\/www.cryoport.com\/wp-content\/uploads\/2025\/08\/ISCT-2025-Poster-Presentation-Website-Header.png","type":"image\/png"}],"twitter_card":"summary_large_image","twitter_site":"@cryoport","schema":{"@context":"https:\/\/schema.org","@graph":[{"@type":"WebPage","@id":"https:\/\/www.cryoport.com\/fr\/nous-vous-remercions-regardez-la-presentation-de-laffiche-sur-la-leucapherese-cryotransformee-a-laide-dun-systeme-ferme-automatise\/","url":"https:\/\/www.cryoport.com\/fr\/nous-vous-remercions-regardez-la-presentation-de-laffiche-sur-la-leucapherese-cryotransformee-a-laide-dun-systeme-ferme-automatise\/","name":"Nous vous remercions ! Regardez la pr\u00e9sentation de l'affiche sur la leucaph\u00e9r\u00e8se cryotransform\u00e9e \u00e0 l'aide d'un syst\u00e8me ferm\u00e9 automatis\u00e9. - Cryoport Systems","isPartOf":{"@id":"https:\/\/www.cryoport.com\/fr\/#website"},"primaryImageOfPage":{"@id":"https:\/\/www.cryoport.com\/fr\/nous-vous-remercions-regardez-la-presentation-de-laffiche-sur-la-leucapherese-cryotransformee-a-laide-dun-systeme-ferme-automatise\/#primaryimage"},"image":{"@id":"https:\/\/www.cryoport.com\/fr\/nous-vous-remercions-regardez-la-presentation-de-laffiche-sur-la-leucapherese-cryotransformee-a-laide-dun-systeme-ferme-automatise\/#primaryimage"},"thumbnailUrl":"https:\/\/www.cryoport.com\/wp-content\/uploads\/2025\/08\/ISCT-2025-Poster-Presentation-Website-Header.png","datePublished":"2025-08-22T20:27:35+00:00","dateModified":"2026-02-12T18:59:14+00:00","breadcrumb":{"@id":"https:\/\/www.cryoport.com\/fr\/nous-vous-remercions-regardez-la-presentation-de-laffiche-sur-la-leucapherese-cryotransformee-a-laide-dun-systeme-ferme-automatise\/#breadcrumb"},"inLanguage":"fr-FR","potentialAction":[{"@type":"ReadAction","target":["https:\/\/www.cryoport.com\/fr\/nous-vous-remercions-regardez-la-presentation-de-laffiche-sur-la-leucapherese-cryotransformee-a-laide-dun-systeme-ferme-automatise\/"]}]},{"@type":"ImageObject","inLanguage":"fr-FR","@id":"https:\/\/www.cryoport.com\/fr\/nous-vous-remercions-regardez-la-presentation-de-laffiche-sur-la-leucapherese-cryotransformee-a-laide-dun-systeme-ferme-automatise\/#primaryimage","url":"https:\/\/www.cryoport.com\/wp-content\/uploads\/2025\/08\/ISCT-2025-Poster-Presentation-Website-Header.png","contentUrl":"https:\/\/www.cryoport.com\/wp-content\/uploads\/2025\/08\/ISCT-2025-Poster-Presentation-Website-Header.png","width":1350,"height":300},{"@type":"BreadcrumbList","@id":"https:\/\/www.cryoport.com\/fr\/nous-vous-remercions-regardez-la-presentation-de-laffiche-sur-la-leucapherese-cryotransformee-a-laide-dun-systeme-ferme-automatise\/#breadcrumb","itemListElement":[{"@type":"ListItem","position":1,"name":"Home","item":"https:\/\/www.cryoport.com\/fr\/homepage\/"},{"@type":"ListItem","position":2,"name":"Nous vous remercions ! Regardez la pr\u00e9sentation de l&rsquo;affiche sur la leucaph\u00e9r\u00e8se cryotransform\u00e9e \u00e0 l&rsquo;aide d&rsquo;un syst\u00e8me ferm\u00e9 automatis\u00e9."}]},{"@type":"WebSite","@id":"https:\/\/www.cryoport.com\/fr\/#website","url":"https:\/\/www.cryoport.com\/fr\/","name":"Cryoport Systems","description":"Enabling the Future of Medicine","publisher":{"@id":"https:\/\/www.cryoport.com\/fr\/#organization"},"potentialAction":[{"@type":"SearchAction","target":{"@type":"EntryPoint","urlTemplate":"https:\/\/www.cryoport.com\/fr\/?s={search_term_string}"},"query-input":{"@type":"PropertyValueSpecification","valueRequired":true,"valueName":"search_term_string"}}],"inLanguage":"fr-FR"},{"@type":"Organization","@id":"https:\/\/www.cryoport.com\/fr\/#organization","name":"Cryoport Systems","url":"https:\/\/www.cryoport.com\/fr\/","logo":{"@type":"ImageObject","inLanguage":"fr-FR","@id":"https:\/\/www.cryoport.com\/fr\/#\/schema\/logo\/image\/","url":"https:\/\/www.cryoport.com\/wp-content\/uploads\/2023\/12\/systems-square.png","contentUrl":"https:\/\/www.cryoport.com\/wp-content\/uploads\/2023\/12\/systems-square.png","width":1200,"height":1200,"caption":"Cryoport Systems"},"image":{"@id":"https:\/\/www.cryoport.com\/fr\/#\/schema\/logo\/image\/"},"sameAs":["https:\/\/x.com\/cryoport","https:\/\/www.linkedin.com\/company\/856887","https:\/\/www.youtube.com\/user\/CryoportVideo"]}]}},"_links":{"self":[{"href":"https:\/\/www.cryoport.com\/fr\/wp-json\/wp\/v2\/pages\/23451","targetHints":{"allow":["GET"]}}],"collection":[{"href":"https:\/\/www.cryoport.com\/fr\/wp-json\/wp\/v2\/pages"}],"about":[{"href":"https:\/\/www.cryoport.com\/fr\/wp-json\/wp\/v2\/types\/page"}],"author":[{"embeddable":true,"href":"https:\/\/www.cryoport.com\/fr\/wp-json\/wp\/v2\/users\/31"}],"replies":[{"embeddable":true,"href":"https:\/\/www.cryoport.com\/fr\/wp-json\/wp\/v2\/comments?post=23451"}],"version-history":[{"count":1,"href":"https:\/\/www.cryoport.com\/fr\/wp-json\/wp\/v2\/pages\/23451\/revisions"}],"predecessor-version":[{"id":25173,"href":"https:\/\/www.cryoport.com\/fr\/wp-json\/wp\/v2\/pages\/23451\/revisions\/25173"}],"wp:featuredmedia":[{"embeddable":true,"href":"https:\/\/www.cryoport.com\/fr\/wp-json\/wp\/v2\/media\/19844"}],"wp:attachment":[{"href":"https:\/\/www.cryoport.com\/fr\/wp-json\/wp\/v2\/media?parent=23451"}],"curies":[{"name":"wp","href":"https:\/\/api.w.org\/{rel}","templated":true}]}}