{"id":23465,"date":"2025-12-15T20:49:54","date_gmt":"2025-12-15T20:49:54","guid":{"rendered":"https:\/\/www.cryoport.com\/nous-vous-remercions-telechargez-le-livre-blanc-anticiper-lechelle\/"},"modified":"2026-02-12T13:58:48","modified_gmt":"2026-02-12T18:58:48","slug":"nous-vous-remercions-telechargez-le-livre-blanc-anticiper-lechelle","status":"publish","type":"page","link":"https:\/\/www.cryoport.com\/fr\/nous-vous-remercions-telechargez-le-livre-blanc-anticiper-lechelle\/","title":{"rendered":"Nous vous remercions ! T\u00e9l\u00e9chargez le livre blanc Anticiper l&rsquo;\u00e9chelle"},"content":{"rendered":"","protected":false},"excerpt":{"rendered":"","protected":false},"author":38,"featured_media":0,"parent":0,"menu_order":0,"comment_status":"closed","ping_status":"closed","template":"","meta":{"_acf_changed":false,"footnotes":""},"class_list":["post-23465","page","type-page","status-publish","hentry"],"acf":[],"yoast_head":"<!-- This site is optimized with the Yoast SEO plugin v27.4 - https:\/\/yoast.com\/product\/yoast-seo-wordpress\/ -->\n<title>Nous vous remercions ! T\u00e9l\u00e9chargez le livre blanc Anticiper l&#039;\u00e9chelle - Cryoport Systems<\/title>\n<meta name=\"description\" content=\"Cryoport Systems fait progresser le paysage de la th\u00e9rapie cellulaire en incorporant des services de cryoconservation dans sa plateforme de cha\u00eene d&#039;approvisionnement de pointe. Ce livre blanc pr\u00e9sente une approche innovante de la fourniture de leucaph\u00e9r\u00e8ses cryoconserv\u00e9es coh\u00e9rentes et de haute qualit\u00e9, couramment utilis\u00e9es comme mat\u00e9riaux de d\u00e9part pour de nombreuses th\u00e9rapies cellulaires.\" \/>\n<meta name=\"robots\" content=\"index, follow, max-snippet:-1, max-image-preview:large, max-video-preview:-1\" \/>\n<link rel=\"canonical\" href=\"https:\/\/www.cryoport.com\/fr\/nous-vous-remercions-telechargez-le-livre-blanc-anticiper-lechelle\/\" \/>\n<meta property=\"og:locale\" content=\"fr_FR\" \/>\n<meta property=\"og:type\" content=\"article\" \/>\n<meta property=\"og:title\" content=\"Nous vous remercions ! T\u00e9l\u00e9chargez le livre blanc Anticiper l&#039;\u00e9chelle - Cryoport Systems\" \/>\n<meta property=\"og:description\" content=\"Cryoport Systems fait progresser le paysage de la th\u00e9rapie cellulaire en incorporant des services de cryoconservation dans sa plateforme de cha\u00eene d&#039;approvisionnement de pointe. Ce livre blanc pr\u00e9sente une approche innovante de la fourniture de leucaph\u00e9r\u00e8ses cryoconserv\u00e9es coh\u00e9rentes et de haute qualit\u00e9, couramment utilis\u00e9es comme mat\u00e9riaux de d\u00e9part pour de nombreuses th\u00e9rapies cellulaires.\" \/>\n<meta property=\"og:url\" content=\"https:\/\/www.cryoport.com\/fr\/nous-vous-remercions-telechargez-le-livre-blanc-anticiper-lechelle\/\" \/>\n<meta property=\"og:site_name\" content=\"Cryoport Systems\" \/>\n<meta property=\"article:modified_time\" content=\"2026-02-12T18:58:48+00:00\" \/>\n<meta property=\"og:image\" content=\"https:\/\/www.cryoport.com\/wp-content\/uploads\/2023\/12\/systems-seo.png\" \/>\n\t<meta property=\"og:image:width\" content=\"1200\" \/>\n\t<meta property=\"og:image:height\" content=\"675\" \/>\n\t<meta property=\"og:image:type\" content=\"image\/png\" \/>\n<meta name=\"twitter:card\" content=\"summary_large_image\" \/>\n<meta name=\"twitter:site\" content=\"@cryoport\" \/>\n<script type=\"application\/ld+json\" class=\"yoast-schema-graph\">{\"@context\":\"https:\\\/\\\/schema.org\",\"@graph\":[{\"@type\":\"WebPage\",\"@id\":\"https:\\\/\\\/www.cryoport.com\\\/fr\\\/nous-vous-remercions-telechargez-le-livre-blanc-anticiper-lechelle\\\/\",\"url\":\"https:\\\/\\\/www.cryoport.com\\\/fr\\\/nous-vous-remercions-telechargez-le-livre-blanc-anticiper-lechelle\\\/\",\"name\":\"Nous vous remercions ! T\u00e9l\u00e9chargez le livre blanc Anticiper l'\u00e9chelle - Cryoport Systems\",\"isPartOf\":{\"@id\":\"https:\\\/\\\/www.cryoport.com\\\/fr\\\/#website\"},\"datePublished\":\"2025-12-15T20:49:54+00:00\",\"dateModified\":\"2026-02-12T18:58:48+00:00\",\"description\":\"Cryoport Systems fait progresser le paysage de la th\u00e9rapie cellulaire en incorporant des services de cryoconservation dans sa plateforme de cha\u00eene d'approvisionnement de pointe. Ce livre blanc pr\u00e9sente une approche innovante de la fourniture de leucaph\u00e9r\u00e8ses cryoconserv\u00e9es coh\u00e9rentes et de haute qualit\u00e9, couramment utilis\u00e9es comme mat\u00e9riaux de d\u00e9part pour de nombreuses th\u00e9rapies cellulaires.\",\"breadcrumb\":{\"@id\":\"https:\\\/\\\/www.cryoport.com\\\/fr\\\/nous-vous-remercions-telechargez-le-livre-blanc-anticiper-lechelle\\\/#breadcrumb\"},\"inLanguage\":\"fr-FR\",\"potentialAction\":[{\"@type\":\"ReadAction\",\"target\":[\"https:\\\/\\\/www.cryoport.com\\\/fr\\\/nous-vous-remercions-telechargez-le-livre-blanc-anticiper-lechelle\\\/\"]}]},{\"@type\":\"BreadcrumbList\",\"@id\":\"https:\\\/\\\/www.cryoport.com\\\/fr\\\/nous-vous-remercions-telechargez-le-livre-blanc-anticiper-lechelle\\\/#breadcrumb\",\"itemListElement\":[{\"@type\":\"ListItem\",\"position\":1,\"name\":\"Home\",\"item\":\"https:\\\/\\\/www.cryoport.com\\\/fr\\\/homepage\\\/\"},{\"@type\":\"ListItem\",\"position\":2,\"name\":\"Nous vous remercions ! T\u00e9l\u00e9chargez le livre blanc Anticiper l&rsquo;\u00e9chelle\"}]},{\"@type\":\"WebSite\",\"@id\":\"https:\\\/\\\/www.cryoport.com\\\/fr\\\/#website\",\"url\":\"https:\\\/\\\/www.cryoport.com\\\/fr\\\/\",\"name\":\"Cryoport Systems\",\"description\":\"Enabling the Future of Medicine\",\"publisher\":{\"@id\":\"https:\\\/\\\/www.cryoport.com\\\/fr\\\/#organization\"},\"potentialAction\":[{\"@type\":\"SearchAction\",\"target\":{\"@type\":\"EntryPoint\",\"urlTemplate\":\"https:\\\/\\\/www.cryoport.com\\\/fr\\\/?s={search_term_string}\"},\"query-input\":{\"@type\":\"PropertyValueSpecification\",\"valueRequired\":true,\"valueName\":\"search_term_string\"}}],\"inLanguage\":\"fr-FR\"},{\"@type\":\"Organization\",\"@id\":\"https:\\\/\\\/www.cryoport.com\\\/fr\\\/#organization\",\"name\":\"Cryoport Systems\",\"url\":\"https:\\\/\\\/www.cryoport.com\\\/fr\\\/\",\"logo\":{\"@type\":\"ImageObject\",\"inLanguage\":\"fr-FR\",\"@id\":\"https:\\\/\\\/www.cryoport.com\\\/fr\\\/#\\\/schema\\\/logo\\\/image\\\/\",\"url\":\"https:\\\/\\\/www.cryoport.com\\\/wp-content\\\/uploads\\\/2023\\\/12\\\/systems-square.png\",\"contentUrl\":\"https:\\\/\\\/www.cryoport.com\\\/wp-content\\\/uploads\\\/2023\\\/12\\\/systems-square.png\",\"width\":1200,\"height\":1200,\"caption\":\"Cryoport Systems\"},\"image\":{\"@id\":\"https:\\\/\\\/www.cryoport.com\\\/fr\\\/#\\\/schema\\\/logo\\\/image\\\/\"},\"sameAs\":[\"https:\\\/\\\/x.com\\\/cryoport\",\"https:\\\/\\\/www.linkedin.com\\\/company\\\/856887\",\"https:\\\/\\\/www.youtube.com\\\/user\\\/CryoportVideo\"]}]}<\/script>\n<!-- \/ Yoast SEO plugin. -->","yoast_head_json":{"title":"Nous vous remercions ! T\u00e9l\u00e9chargez le livre blanc Anticiper l'\u00e9chelle - Cryoport Systems","description":"Cryoport Systems fait progresser le paysage de la th\u00e9rapie cellulaire en incorporant des services de cryoconservation dans sa plateforme de cha\u00eene d'approvisionnement de pointe. Ce livre blanc pr\u00e9sente une approche innovante de la fourniture de leucaph\u00e9r\u00e8ses cryoconserv\u00e9es coh\u00e9rentes et de haute qualit\u00e9, couramment utilis\u00e9es comme mat\u00e9riaux de d\u00e9part pour de nombreuses th\u00e9rapies cellulaires.","robots":{"index":"index","follow":"follow","max-snippet":"max-snippet:-1","max-image-preview":"max-image-preview:large","max-video-preview":"max-video-preview:-1"},"canonical":"https:\/\/www.cryoport.com\/fr\/nous-vous-remercions-telechargez-le-livre-blanc-anticiper-lechelle\/","og_locale":"fr_FR","og_type":"article","og_title":"Nous vous remercions ! T\u00e9l\u00e9chargez le livre blanc Anticiper l'\u00e9chelle - Cryoport Systems","og_description":"Cryoport Systems fait progresser le paysage de la th\u00e9rapie cellulaire en incorporant des services de cryoconservation dans sa plateforme de cha\u00eene d'approvisionnement de pointe. Ce livre blanc pr\u00e9sente une approche innovante de la fourniture de leucaph\u00e9r\u00e8ses cryoconserv\u00e9es coh\u00e9rentes et de haute qualit\u00e9, couramment utilis\u00e9es comme mat\u00e9riaux de d\u00e9part pour de nombreuses th\u00e9rapies cellulaires.","og_url":"https:\/\/www.cryoport.com\/fr\/nous-vous-remercions-telechargez-le-livre-blanc-anticiper-lechelle\/","og_site_name":"Cryoport Systems","article_modified_time":"2026-02-12T18:58:48+00:00","og_image":[{"width":1200,"height":675,"url":"https:\/\/www.cryoport.com\/wp-content\/uploads\/2023\/12\/systems-seo.png","type":"image\/png"}],"twitter_card":"summary_large_image","twitter_site":"@cryoport","schema":{"@context":"https:\/\/schema.org","@graph":[{"@type":"WebPage","@id":"https:\/\/www.cryoport.com\/fr\/nous-vous-remercions-telechargez-le-livre-blanc-anticiper-lechelle\/","url":"https:\/\/www.cryoport.com\/fr\/nous-vous-remercions-telechargez-le-livre-blanc-anticiper-lechelle\/","name":"Nous vous remercions ! T\u00e9l\u00e9chargez le livre blanc Anticiper l'\u00e9chelle - Cryoport Systems","isPartOf":{"@id":"https:\/\/www.cryoport.com\/fr\/#website"},"datePublished":"2025-12-15T20:49:54+00:00","dateModified":"2026-02-12T18:58:48+00:00","description":"Cryoport Systems fait progresser le paysage de la th\u00e9rapie cellulaire en incorporant des services de cryoconservation dans sa plateforme de cha\u00eene d'approvisionnement de pointe. Ce livre blanc pr\u00e9sente une approche innovante de la fourniture de leucaph\u00e9r\u00e8ses cryoconserv\u00e9es coh\u00e9rentes et de haute qualit\u00e9, couramment utilis\u00e9es comme mat\u00e9riaux de d\u00e9part pour de nombreuses th\u00e9rapies cellulaires.","breadcrumb":{"@id":"https:\/\/www.cryoport.com\/fr\/nous-vous-remercions-telechargez-le-livre-blanc-anticiper-lechelle\/#breadcrumb"},"inLanguage":"fr-FR","potentialAction":[{"@type":"ReadAction","target":["https:\/\/www.cryoport.com\/fr\/nous-vous-remercions-telechargez-le-livre-blanc-anticiper-lechelle\/"]}]},{"@type":"BreadcrumbList","@id":"https:\/\/www.cryoport.com\/fr\/nous-vous-remercions-telechargez-le-livre-blanc-anticiper-lechelle\/#breadcrumb","itemListElement":[{"@type":"ListItem","position":1,"name":"Home","item":"https:\/\/www.cryoport.com\/fr\/homepage\/"},{"@type":"ListItem","position":2,"name":"Nous vous remercions ! T\u00e9l\u00e9chargez le livre blanc Anticiper l&rsquo;\u00e9chelle"}]},{"@type":"WebSite","@id":"https:\/\/www.cryoport.com\/fr\/#website","url":"https:\/\/www.cryoport.com\/fr\/","name":"Cryoport Systems","description":"Enabling the Future of Medicine","publisher":{"@id":"https:\/\/www.cryoport.com\/fr\/#organization"},"potentialAction":[{"@type":"SearchAction","target":{"@type":"EntryPoint","urlTemplate":"https:\/\/www.cryoport.com\/fr\/?s={search_term_string}"},"query-input":{"@type":"PropertyValueSpecification","valueRequired":true,"valueName":"search_term_string"}}],"inLanguage":"fr-FR"},{"@type":"Organization","@id":"https:\/\/www.cryoport.com\/fr\/#organization","name":"Cryoport Systems","url":"https:\/\/www.cryoport.com\/fr\/","logo":{"@type":"ImageObject","inLanguage":"fr-FR","@id":"https:\/\/www.cryoport.com\/fr\/#\/schema\/logo\/image\/","url":"https:\/\/www.cryoport.com\/wp-content\/uploads\/2023\/12\/systems-square.png","contentUrl":"https:\/\/www.cryoport.com\/wp-content\/uploads\/2023\/12\/systems-square.png","width":1200,"height":1200,"caption":"Cryoport Systems"},"image":{"@id":"https:\/\/www.cryoport.com\/fr\/#\/schema\/logo\/image\/"},"sameAs":["https:\/\/x.com\/cryoport","https:\/\/www.linkedin.com\/company\/856887","https:\/\/www.youtube.com\/user\/CryoportVideo"]}]}},"_links":{"self":[{"href":"https:\/\/www.cryoport.com\/fr\/wp-json\/wp\/v2\/pages\/23465","targetHints":{"allow":["GET"]}}],"collection":[{"href":"https:\/\/www.cryoport.com\/fr\/wp-json\/wp\/v2\/pages"}],"about":[{"href":"https:\/\/www.cryoport.com\/fr\/wp-json\/wp\/v2\/types\/page"}],"author":[{"embeddable":true,"href":"https:\/\/www.cryoport.com\/fr\/wp-json\/wp\/v2\/users\/38"}],"replies":[{"embeddable":true,"href":"https:\/\/www.cryoport.com\/fr\/wp-json\/wp\/v2\/comments?post=23465"}],"version-history":[{"count":1,"href":"https:\/\/www.cryoport.com\/fr\/wp-json\/wp\/v2\/pages\/23465\/revisions"}],"predecessor-version":[{"id":25214,"href":"https:\/\/www.cryoport.com\/fr\/wp-json\/wp\/v2\/pages\/23465\/revisions\/25214"}],"wp:attachment":[{"href":"https:\/\/www.cryoport.com\/fr\/wp-json\/wp\/v2\/media?parent=23465"}],"curies":[{"name":"wp","href":"https:\/\/api.w.org\/{rel}","templated":true}]}}