{"id":23483,"date":"2025-05-15T21:54:18","date_gmt":"2025-05-15T20:54:18","guid":{"rendered":"https:\/\/www.cryoport.com\/systemes-dexpedition-refrigeres-2-a-8c-et-crt-15-a-25c\/"},"modified":"2026-02-12T14:18:17","modified_gmt":"2026-02-12T19:18:17","slug":"systemes-dexpedition-refrigeres-2-a-8c-et-crt-15-a-25c","status":"publish","type":"page","link":"https:\/\/www.cryoport.com\/fr\/solutions\/systemes-dexpedition\/systemes-dexpedition-refrigeres-2-a-8c-et-crt-15-a-25c\/","title":{"rendered":"Syst\u00e8mes d&rsquo;exp\u00e9dition r\u00e9frig\u00e9r\u00e9s (2 \u00e0 8\u00b0C) et CRT (15 \u00e0 25\u00b0C)"},"content":{"rendered":"","protected":false},"excerpt":{"rendered":"","protected":false},"author":31,"featured_media":18340,"parent":23640,"menu_order":0,"comment_status":"closed","ping_status":"closed","template":"","meta":{"_acf_changed":false,"footnotes":""},"class_list":["post-23483","page","type-page","status-publish","has-post-thumbnail","hentry"],"acf":[],"yoast_head":"<!-- This site is optimized with the Yoast SEO plugin v27.2 - https:\/\/yoast.com\/product\/yoast-seo-wordpress\/ -->\n<title>Syst\u00e8mes d&#039;exp\u00e9dition r\u00e9frig\u00e9r\u00e9s (2 \u00e0 8\u00b0C) et CRT (15 \u00e0 25\u00b0C) - Cryoport Systems<\/title>\n<meta name=\"robots\" content=\"index, follow, max-snippet:-1, max-image-preview:large, max-video-preview:-1\" \/>\n<link rel=\"canonical\" href=\"https:\/\/www.cryoport.com\/fr\/solutions\/systemes-dexpedition\/systemes-dexpedition-refrigeres-2-a-8c-et-crt-15-a-25c\/\" \/>\n<meta property=\"og:locale\" content=\"fr_FR\" \/>\n<meta property=\"og:type\" content=\"article\" \/>\n<meta property=\"og:title\" content=\"Syst\u00e8mes d&#039;exp\u00e9dition r\u00e9frig\u00e9r\u00e9s (2 \u00e0 8\u00b0C) et CRT (15 \u00e0 25\u00b0C) - Cryoport Systems\" \/>\n<meta property=\"og:url\" content=\"https:\/\/www.cryoport.com\/fr\/solutions\/systemes-dexpedition\/systemes-dexpedition-refrigeres-2-a-8c-et-crt-15-a-25c\/\" \/>\n<meta property=\"og:site_name\" content=\"Cryoport Systems\" \/>\n<meta property=\"article:modified_time\" content=\"2026-02-12T19:18:17+00:00\" \/>\n<meta property=\"og:image\" content=\"https:\/\/www.cryoport.com\/wp-content\/uploads\/2025\/05\/C3-Biologics.png\" \/>\n\t<meta property=\"og:image:width\" content=\"450\" \/>\n\t<meta property=\"og:image:height\" content=\"250\" \/>\n\t<meta property=\"og:image:type\" content=\"image\/png\" \/>\n<meta name=\"twitter:card\" content=\"summary_large_image\" \/>\n<meta name=\"twitter:site\" content=\"@cryoport\" \/>\n<script type=\"application\/ld+json\" class=\"yoast-schema-graph\">{\"@context\":\"https:\/\/schema.org\",\"@graph\":[{\"@type\":\"WebPage\",\"@id\":\"https:\/\/www.cryoport.com\/fr\/solutions\/systemes-dexpedition\/systemes-dexpedition-refrigeres-2-a-8c-et-crt-15-a-25c\/\",\"url\":\"https:\/\/www.cryoport.com\/fr\/solutions\/systemes-dexpedition\/systemes-dexpedition-refrigeres-2-a-8c-et-crt-15-a-25c\/\",\"name\":\"Syst\u00e8mes d'exp\u00e9dition r\u00e9frig\u00e9r\u00e9s (2 \u00e0 8\u00b0C) et CRT (15 \u00e0 25\u00b0C) - Cryoport Systems\",\"isPartOf\":{\"@id\":\"https:\/\/www.cryoport.com\/fr\/#website\"},\"primaryImageOfPage\":{\"@id\":\"https:\/\/www.cryoport.com\/fr\/solutions\/systemes-dexpedition\/systemes-dexpedition-refrigeres-2-a-8c-et-crt-15-a-25c\/#primaryimage\"},\"image\":{\"@id\":\"https:\/\/www.cryoport.com\/fr\/solutions\/systemes-dexpedition\/systemes-dexpedition-refrigeres-2-a-8c-et-crt-15-a-25c\/#primaryimage\"},\"thumbnailUrl\":\"https:\/\/www.cryoport.com\/wp-content\/uploads\/2025\/05\/C3-Biologics.png\",\"datePublished\":\"2025-05-15T20:54:18+00:00\",\"dateModified\":\"2026-02-12T19:18:17+00:00\",\"breadcrumb\":{\"@id\":\"https:\/\/www.cryoport.com\/fr\/solutions\/systemes-dexpedition\/systemes-dexpedition-refrigeres-2-a-8c-et-crt-15-a-25c\/#breadcrumb\"},\"inLanguage\":\"fr-FR\",\"potentialAction\":[{\"@type\":\"ReadAction\",\"target\":[\"https:\/\/www.cryoport.com\/fr\/solutions\/systemes-dexpedition\/systemes-dexpedition-refrigeres-2-a-8c-et-crt-15-a-25c\/\"]}]},{\"@type\":\"ImageObject\",\"inLanguage\":\"fr-FR\",\"@id\":\"https:\/\/www.cryoport.com\/fr\/solutions\/systemes-dexpedition\/systemes-dexpedition-refrigeres-2-a-8c-et-crt-15-a-25c\/#primaryimage\",\"url\":\"https:\/\/www.cryoport.com\/wp-content\/uploads\/2025\/05\/C3-Biologics.png\",\"contentUrl\":\"https:\/\/www.cryoport.com\/wp-content\/uploads\/2025\/05\/C3-Biologics.png\",\"width\":450,\"height\":250},{\"@type\":\"BreadcrumbList\",\"@id\":\"https:\/\/www.cryoport.com\/fr\/solutions\/systemes-dexpedition\/systemes-dexpedition-refrigeres-2-a-8c-et-crt-15-a-25c\/#breadcrumb\",\"itemListElement\":[{\"@type\":\"ListItem\",\"position\":1,\"name\":\"Home\",\"item\":\"https:\/\/www.cryoport.com\/fr\/homepage\/\"},{\"@type\":\"ListItem\",\"position\":2,\"name\":\"Solutions\",\"item\":\"https:\/\/www.cryoport.com\/fr\/solutions\/\"},{\"@type\":\"ListItem\",\"position\":3,\"name\":\"Syst\u00e8mes d&rsquo;exp\u00e9dition\",\"item\":\"https:\/\/www.cryoport.com\/fr\/solutions\/systemes-dexpedition\/\"},{\"@type\":\"ListItem\",\"position\":4,\"name\":\"Syst\u00e8mes d&#8217;exp\u00e9dition r\u00e9frig\u00e9r\u00e9s (2 \u00e0 8\u00b0C) et CRT (15 \u00e0 25\u00b0C)\"}]},{\"@type\":\"WebSite\",\"@id\":\"https:\/\/www.cryoport.com\/fr\/#website\",\"url\":\"https:\/\/www.cryoport.com\/fr\/\",\"name\":\"Cryoport Systems\",\"description\":\"Enabling the Future of Medicine\",\"publisher\":{\"@id\":\"https:\/\/www.cryoport.com\/fr\/#organization\"},\"potentialAction\":[{\"@type\":\"SearchAction\",\"target\":{\"@type\":\"EntryPoint\",\"urlTemplate\":\"https:\/\/www.cryoport.com\/fr\/?s={search_term_string}\"},\"query-input\":{\"@type\":\"PropertyValueSpecification\",\"valueRequired\":true,\"valueName\":\"search_term_string\"}}],\"inLanguage\":\"fr-FR\"},{\"@type\":\"Organization\",\"@id\":\"https:\/\/www.cryoport.com\/fr\/#organization\",\"name\":\"Cryoport Systems\",\"url\":\"https:\/\/www.cryoport.com\/fr\/\",\"logo\":{\"@type\":\"ImageObject\",\"inLanguage\":\"fr-FR\",\"@id\":\"https:\/\/www.cryoport.com\/fr\/#\/schema\/logo\/image\/\",\"url\":\"https:\/\/www.cryoport.com\/wp-content\/uploads\/2023\/12\/systems-square.png\",\"contentUrl\":\"https:\/\/www.cryoport.com\/wp-content\/uploads\/2023\/12\/systems-square.png\",\"width\":1200,\"height\":1200,\"caption\":\"Cryoport Systems\"},\"image\":{\"@id\":\"https:\/\/www.cryoport.com\/fr\/#\/schema\/logo\/image\/\"},\"sameAs\":[\"https:\/\/x.com\/cryoport\",\"https:\/\/www.linkedin.com\/company\/856887\",\"https:\/\/www.youtube.com\/user\/CryoportVideo\"]}]}<\/script>\n<!-- \/ Yoast SEO plugin. -->","yoast_head_json":{"title":"Syst\u00e8mes d'exp\u00e9dition r\u00e9frig\u00e9r\u00e9s (2 \u00e0 8\u00b0C) et CRT (15 \u00e0 25\u00b0C) - Cryoport Systems","robots":{"index":"index","follow":"follow","max-snippet":"max-snippet:-1","max-image-preview":"max-image-preview:large","max-video-preview":"max-video-preview:-1"},"canonical":"https:\/\/www.cryoport.com\/fr\/solutions\/systemes-dexpedition\/systemes-dexpedition-refrigeres-2-a-8c-et-crt-15-a-25c\/","og_locale":"fr_FR","og_type":"article","og_title":"Syst\u00e8mes d'exp\u00e9dition r\u00e9frig\u00e9r\u00e9s (2 \u00e0 8\u00b0C) et CRT (15 \u00e0 25\u00b0C) - Cryoport Systems","og_url":"https:\/\/www.cryoport.com\/fr\/solutions\/systemes-dexpedition\/systemes-dexpedition-refrigeres-2-a-8c-et-crt-15-a-25c\/","og_site_name":"Cryoport Systems","article_modified_time":"2026-02-12T19:18:17+00:00","og_image":[{"width":450,"height":250,"url":"https:\/\/www.cryoport.com\/wp-content\/uploads\/2025\/05\/C3-Biologics.png","type":"image\/png"}],"twitter_card":"summary_large_image","twitter_site":"@cryoport","schema":{"@context":"https:\/\/schema.org","@graph":[{"@type":"WebPage","@id":"https:\/\/www.cryoport.com\/fr\/solutions\/systemes-dexpedition\/systemes-dexpedition-refrigeres-2-a-8c-et-crt-15-a-25c\/","url":"https:\/\/www.cryoport.com\/fr\/solutions\/systemes-dexpedition\/systemes-dexpedition-refrigeres-2-a-8c-et-crt-15-a-25c\/","name":"Syst\u00e8mes d'exp\u00e9dition r\u00e9frig\u00e9r\u00e9s (2 \u00e0 8\u00b0C) et CRT (15 \u00e0 25\u00b0C) - Cryoport Systems","isPartOf":{"@id":"https:\/\/www.cryoport.com\/fr\/#website"},"primaryImageOfPage":{"@id":"https:\/\/www.cryoport.com\/fr\/solutions\/systemes-dexpedition\/systemes-dexpedition-refrigeres-2-a-8c-et-crt-15-a-25c\/#primaryimage"},"image":{"@id":"https:\/\/www.cryoport.com\/fr\/solutions\/systemes-dexpedition\/systemes-dexpedition-refrigeres-2-a-8c-et-crt-15-a-25c\/#primaryimage"},"thumbnailUrl":"https:\/\/www.cryoport.com\/wp-content\/uploads\/2025\/05\/C3-Biologics.png","datePublished":"2025-05-15T20:54:18+00:00","dateModified":"2026-02-12T19:18:17+00:00","breadcrumb":{"@id":"https:\/\/www.cryoport.com\/fr\/solutions\/systemes-dexpedition\/systemes-dexpedition-refrigeres-2-a-8c-et-crt-15-a-25c\/#breadcrumb"},"inLanguage":"fr-FR","potentialAction":[{"@type":"ReadAction","target":["https:\/\/www.cryoport.com\/fr\/solutions\/systemes-dexpedition\/systemes-dexpedition-refrigeres-2-a-8c-et-crt-15-a-25c\/"]}]},{"@type":"ImageObject","inLanguage":"fr-FR","@id":"https:\/\/www.cryoport.com\/fr\/solutions\/systemes-dexpedition\/systemes-dexpedition-refrigeres-2-a-8c-et-crt-15-a-25c\/#primaryimage","url":"https:\/\/www.cryoport.com\/wp-content\/uploads\/2025\/05\/C3-Biologics.png","contentUrl":"https:\/\/www.cryoport.com\/wp-content\/uploads\/2025\/05\/C3-Biologics.png","width":450,"height":250},{"@type":"BreadcrumbList","@id":"https:\/\/www.cryoport.com\/fr\/solutions\/systemes-dexpedition\/systemes-dexpedition-refrigeres-2-a-8c-et-crt-15-a-25c\/#breadcrumb","itemListElement":[{"@type":"ListItem","position":1,"name":"Home","item":"https:\/\/www.cryoport.com\/fr\/homepage\/"},{"@type":"ListItem","position":2,"name":"Solutions","item":"https:\/\/www.cryoport.com\/fr\/solutions\/"},{"@type":"ListItem","position":3,"name":"Syst\u00e8mes d&rsquo;exp\u00e9dition","item":"https:\/\/www.cryoport.com\/fr\/solutions\/systemes-dexpedition\/"},{"@type":"ListItem","position":4,"name":"Syst\u00e8mes d&#8217;exp\u00e9dition r\u00e9frig\u00e9r\u00e9s (2 \u00e0 8\u00b0C) et CRT (15 \u00e0 25\u00b0C)"}]},{"@type":"WebSite","@id":"https:\/\/www.cryoport.com\/fr\/#website","url":"https:\/\/www.cryoport.com\/fr\/","name":"Cryoport Systems","description":"Enabling the Future of Medicine","publisher":{"@id":"https:\/\/www.cryoport.com\/fr\/#organization"},"potentialAction":[{"@type":"SearchAction","target":{"@type":"EntryPoint","urlTemplate":"https:\/\/www.cryoport.com\/fr\/?s={search_term_string}"},"query-input":{"@type":"PropertyValueSpecification","valueRequired":true,"valueName":"search_term_string"}}],"inLanguage":"fr-FR"},{"@type":"Organization","@id":"https:\/\/www.cryoport.com\/fr\/#organization","name":"Cryoport Systems","url":"https:\/\/www.cryoport.com\/fr\/","logo":{"@type":"ImageObject","inLanguage":"fr-FR","@id":"https:\/\/www.cryoport.com\/fr\/#\/schema\/logo\/image\/","url":"https:\/\/www.cryoport.com\/wp-content\/uploads\/2023\/12\/systems-square.png","contentUrl":"https:\/\/www.cryoport.com\/wp-content\/uploads\/2023\/12\/systems-square.png","width":1200,"height":1200,"caption":"Cryoport Systems"},"image":{"@id":"https:\/\/www.cryoport.com\/fr\/#\/schema\/logo\/image\/"},"sameAs":["https:\/\/x.com\/cryoport","https:\/\/www.linkedin.com\/company\/856887","https:\/\/www.youtube.com\/user\/CryoportVideo"]}]}},"_links":{"self":[{"href":"https:\/\/www.cryoport.com\/fr\/wp-json\/wp\/v2\/pages\/23483","targetHints":{"allow":["GET"]}}],"collection":[{"href":"https:\/\/www.cryoport.com\/fr\/wp-json\/wp\/v2\/pages"}],"about":[{"href":"https:\/\/www.cryoport.com\/fr\/wp-json\/wp\/v2\/types\/page"}],"author":[{"embeddable":true,"href":"https:\/\/www.cryoport.com\/fr\/wp-json\/wp\/v2\/users\/31"}],"replies":[{"embeddable":true,"href":"https:\/\/www.cryoport.com\/fr\/wp-json\/wp\/v2\/comments?post=23483"}],"version-history":[{"count":1,"href":"https:\/\/www.cryoport.com\/fr\/wp-json\/wp\/v2\/pages\/23483\/revisions"}],"predecessor-version":[{"id":23644,"href":"https:\/\/www.cryoport.com\/fr\/wp-json\/wp\/v2\/pages\/23483\/revisions\/23644"}],"up":[{"embeddable":true,"href":"https:\/\/www.cryoport.com\/fr\/wp-json\/wp\/v2\/pages\/23640"}],"wp:featuredmedia":[{"embeddable":true,"href":"https:\/\/www.cryoport.com\/fr\/wp-json\/wp\/v2\/media\/18340"}],"wp:attachment":[{"href":"https:\/\/www.cryoport.com\/fr\/wp-json\/wp\/v2\/media?parent=23483"}],"curies":[{"name":"wp","href":"https:\/\/api.w.org\/{rel}","templated":true}]}}