{"id":23491,"date":"2025-11-20T19:25:05","date_gmt":"2025-11-20T19:25:05","guid":{"rendered":"https:\/\/www.cryoport.com\/soutien-aux-programmes-cliniques-de-phase-iii\/"},"modified":"2026-02-12T13:59:35","modified_gmt":"2026-02-12T18:59:35","slug":"soutien-aux-programmes-cliniques-de-phase-iii","status":"publish","type":"page","link":"https:\/\/www.cryoport.com\/fr\/expertise-sectorielle\/soutien-aux-programmes-cliniques-de-phase-iii\/","title":{"rendered":"Soutien aux programmes cliniques de phase III"},"content":{"rendered":"","protected":false},"excerpt":{"rendered":"","protected":false},"author":31,"featured_media":21484,"parent":23649,"menu_order":0,"comment_status":"closed","ping_status":"closed","template":"","meta":{"_acf_changed":false,"footnotes":""},"class_list":["post-23491","page","type-page","status-publish","has-post-thumbnail","hentry"],"acf":[],"yoast_head":"<!-- This site is optimized with the Yoast SEO plugin v27.4 - https:\/\/yoast.com\/product\/yoast-seo-wordpress\/ -->\n<title>Soutien aux programmes cliniques de phase III - Cryoport Systems<\/title>\n<meta name=\"description\" content=\"Nous disposons d&#039;une plateforme de solutions compl\u00e8tes pour soutenir l&#039;ensemble de la cha\u00eene d&#039;approvisionnement de la th\u00e9rapie cellulaire. D\u00e9couvrez nos capacit\u00e9s et nos technologies.\" \/>\n<meta name=\"robots\" content=\"index, follow, max-snippet:-1, max-image-preview:large, max-video-preview:-1\" \/>\n<link rel=\"canonical\" href=\"https:\/\/www.cryoport.com\/fr\/expertise-sectorielle\/soutien-aux-programmes-cliniques-de-phase-iii\/\" \/>\n<meta property=\"og:locale\" content=\"fr_FR\" \/>\n<meta property=\"og:type\" content=\"article\" \/>\n<meta property=\"og:title\" content=\"Soutien aux programmes cliniques de phase III - Cryoport Systems\" \/>\n<meta property=\"og:description\" content=\"Nous disposons d&#039;une plateforme de solutions compl\u00e8tes pour soutenir l&#039;ensemble de la cha\u00eene d&#039;approvisionnement de la th\u00e9rapie cellulaire. D\u00e9couvrez nos capacit\u00e9s et nos technologies.\" \/>\n<meta property=\"og:url\" content=\"https:\/\/www.cryoport.com\/fr\/expertise-sectorielle\/soutien-aux-programmes-cliniques-de-phase-iii\/\" \/>\n<meta property=\"og:site_name\" content=\"Cryoport Systems\" \/>\n<meta property=\"article:modified_time\" content=\"2026-02-12T18:59:35+00:00\" \/>\n<meta property=\"og:image\" content=\"https:\/\/www.cryoport.com\/wp-content\/uploads\/2025\/11\/Pre-Commercial-Ph-III.png\" \/>\n\t<meta property=\"og:image:width\" content=\"450\" \/>\n\t<meta property=\"og:image:height\" content=\"250\" \/>\n\t<meta property=\"og:image:type\" content=\"image\/png\" \/>\n<meta name=\"twitter:card\" content=\"summary_large_image\" \/>\n<meta name=\"twitter:site\" content=\"@cryoport\" \/>\n<script type=\"application\/ld+json\" class=\"yoast-schema-graph\">{\"@context\":\"https:\\\/\\\/schema.org\",\"@graph\":[{\"@type\":\"WebPage\",\"@id\":\"https:\\\/\\\/www.cryoport.com\\\/fr\\\/expertise-sectorielle\\\/soutien-aux-programmes-cliniques-de-phase-iii\\\/\",\"url\":\"https:\\\/\\\/www.cryoport.com\\\/fr\\\/expertise-sectorielle\\\/soutien-aux-programmes-cliniques-de-phase-iii\\\/\",\"name\":\"Soutien aux programmes cliniques de phase III - Cryoport Systems\",\"isPartOf\":{\"@id\":\"https:\\\/\\\/www.cryoport.com\\\/fr\\\/#website\"},\"primaryImageOfPage\":{\"@id\":\"https:\\\/\\\/www.cryoport.com\\\/fr\\\/expertise-sectorielle\\\/soutien-aux-programmes-cliniques-de-phase-iii\\\/#primaryimage\"},\"image\":{\"@id\":\"https:\\\/\\\/www.cryoport.com\\\/fr\\\/expertise-sectorielle\\\/soutien-aux-programmes-cliniques-de-phase-iii\\\/#primaryimage\"},\"thumbnailUrl\":\"https:\\\/\\\/www.cryoport.com\\\/wp-content\\\/uploads\\\/2025\\\/11\\\/Pre-Commercial-Ph-III.png\",\"datePublished\":\"2025-11-20T19:25:05+00:00\",\"dateModified\":\"2026-02-12T18:59:35+00:00\",\"description\":\"Nous disposons d'une plateforme de solutions compl\u00e8tes pour soutenir l'ensemble de la cha\u00eene d'approvisionnement de la th\u00e9rapie cellulaire. D\u00e9couvrez nos capacit\u00e9s et nos technologies.\",\"breadcrumb\":{\"@id\":\"https:\\\/\\\/www.cryoport.com\\\/fr\\\/expertise-sectorielle\\\/soutien-aux-programmes-cliniques-de-phase-iii\\\/#breadcrumb\"},\"inLanguage\":\"fr-FR\",\"potentialAction\":[{\"@type\":\"ReadAction\",\"target\":[\"https:\\\/\\\/www.cryoport.com\\\/fr\\\/expertise-sectorielle\\\/soutien-aux-programmes-cliniques-de-phase-iii\\\/\"]}]},{\"@type\":\"ImageObject\",\"inLanguage\":\"fr-FR\",\"@id\":\"https:\\\/\\\/www.cryoport.com\\\/fr\\\/expertise-sectorielle\\\/soutien-aux-programmes-cliniques-de-phase-iii\\\/#primaryimage\",\"url\":\"https:\\\/\\\/www.cryoport.com\\\/wp-content\\\/uploads\\\/2025\\\/11\\\/Pre-Commercial-Ph-III.png\",\"contentUrl\":\"https:\\\/\\\/www.cryoport.com\\\/wp-content\\\/uploads\\\/2025\\\/11\\\/Pre-Commercial-Ph-III.png\",\"width\":450,\"height\":250},{\"@type\":\"BreadcrumbList\",\"@id\":\"https:\\\/\\\/www.cryoport.com\\\/fr\\\/expertise-sectorielle\\\/soutien-aux-programmes-cliniques-de-phase-iii\\\/#breadcrumb\",\"itemListElement\":[{\"@type\":\"ListItem\",\"position\":1,\"name\":\"Home\",\"item\":\"https:\\\/\\\/www.cryoport.com\\\/fr\\\/homepage\\\/\"},{\"@type\":\"ListItem\",\"position\":2,\"name\":\"Expertise sectorielle\",\"item\":\"https:\\\/\\\/www.cryoport.com\\\/fr\\\/expertise-sectorielle\\\/\"},{\"@type\":\"ListItem\",\"position\":3,\"name\":\"Soutien aux programmes cliniques de phase III\"}]},{\"@type\":\"WebSite\",\"@id\":\"https:\\\/\\\/www.cryoport.com\\\/fr\\\/#website\",\"url\":\"https:\\\/\\\/www.cryoport.com\\\/fr\\\/\",\"name\":\"Cryoport Systems\",\"description\":\"Enabling the Future of Medicine\",\"publisher\":{\"@id\":\"https:\\\/\\\/www.cryoport.com\\\/fr\\\/#organization\"},\"potentialAction\":[{\"@type\":\"SearchAction\",\"target\":{\"@type\":\"EntryPoint\",\"urlTemplate\":\"https:\\\/\\\/www.cryoport.com\\\/fr\\\/?s={search_term_string}\"},\"query-input\":{\"@type\":\"PropertyValueSpecification\",\"valueRequired\":true,\"valueName\":\"search_term_string\"}}],\"inLanguage\":\"fr-FR\"},{\"@type\":\"Organization\",\"@id\":\"https:\\\/\\\/www.cryoport.com\\\/fr\\\/#organization\",\"name\":\"Cryoport Systems\",\"url\":\"https:\\\/\\\/www.cryoport.com\\\/fr\\\/\",\"logo\":{\"@type\":\"ImageObject\",\"inLanguage\":\"fr-FR\",\"@id\":\"https:\\\/\\\/www.cryoport.com\\\/fr\\\/#\\\/schema\\\/logo\\\/image\\\/\",\"url\":\"https:\\\/\\\/www.cryoport.com\\\/wp-content\\\/uploads\\\/2023\\\/12\\\/systems-square.png\",\"contentUrl\":\"https:\\\/\\\/www.cryoport.com\\\/wp-content\\\/uploads\\\/2023\\\/12\\\/systems-square.png\",\"width\":1200,\"height\":1200,\"caption\":\"Cryoport Systems\"},\"image\":{\"@id\":\"https:\\\/\\\/www.cryoport.com\\\/fr\\\/#\\\/schema\\\/logo\\\/image\\\/\"},\"sameAs\":[\"https:\\\/\\\/x.com\\\/cryoport\",\"https:\\\/\\\/www.linkedin.com\\\/company\\\/856887\",\"https:\\\/\\\/www.youtube.com\\\/user\\\/CryoportVideo\"]}]}<\/script>\n<!-- \/ Yoast SEO plugin. -->","yoast_head_json":{"title":"Soutien aux programmes cliniques de phase III - Cryoport Systems","description":"Nous disposons d'une plateforme de solutions compl\u00e8tes pour soutenir l'ensemble de la cha\u00eene d'approvisionnement de la th\u00e9rapie cellulaire. D\u00e9couvrez nos capacit\u00e9s et nos technologies.","robots":{"index":"index","follow":"follow","max-snippet":"max-snippet:-1","max-image-preview":"max-image-preview:large","max-video-preview":"max-video-preview:-1"},"canonical":"https:\/\/www.cryoport.com\/fr\/expertise-sectorielle\/soutien-aux-programmes-cliniques-de-phase-iii\/","og_locale":"fr_FR","og_type":"article","og_title":"Soutien aux programmes cliniques de phase III - Cryoport Systems","og_description":"Nous disposons d'une plateforme de solutions compl\u00e8tes pour soutenir l'ensemble de la cha\u00eene d'approvisionnement de la th\u00e9rapie cellulaire. D\u00e9couvrez nos capacit\u00e9s et nos technologies.","og_url":"https:\/\/www.cryoport.com\/fr\/expertise-sectorielle\/soutien-aux-programmes-cliniques-de-phase-iii\/","og_site_name":"Cryoport Systems","article_modified_time":"2026-02-12T18:59:35+00:00","og_image":[{"width":450,"height":250,"url":"https:\/\/www.cryoport.com\/wp-content\/uploads\/2025\/11\/Pre-Commercial-Ph-III.png","type":"image\/png"}],"twitter_card":"summary_large_image","twitter_site":"@cryoport","schema":{"@context":"https:\/\/schema.org","@graph":[{"@type":"WebPage","@id":"https:\/\/www.cryoport.com\/fr\/expertise-sectorielle\/soutien-aux-programmes-cliniques-de-phase-iii\/","url":"https:\/\/www.cryoport.com\/fr\/expertise-sectorielle\/soutien-aux-programmes-cliniques-de-phase-iii\/","name":"Soutien aux programmes cliniques de phase III - Cryoport Systems","isPartOf":{"@id":"https:\/\/www.cryoport.com\/fr\/#website"},"primaryImageOfPage":{"@id":"https:\/\/www.cryoport.com\/fr\/expertise-sectorielle\/soutien-aux-programmes-cliniques-de-phase-iii\/#primaryimage"},"image":{"@id":"https:\/\/www.cryoport.com\/fr\/expertise-sectorielle\/soutien-aux-programmes-cliniques-de-phase-iii\/#primaryimage"},"thumbnailUrl":"https:\/\/www.cryoport.com\/wp-content\/uploads\/2025\/11\/Pre-Commercial-Ph-III.png","datePublished":"2025-11-20T19:25:05+00:00","dateModified":"2026-02-12T18:59:35+00:00","description":"Nous disposons d'une plateforme de solutions compl\u00e8tes pour soutenir l'ensemble de la cha\u00eene d'approvisionnement de la th\u00e9rapie cellulaire. D\u00e9couvrez nos capacit\u00e9s et nos technologies.","breadcrumb":{"@id":"https:\/\/www.cryoport.com\/fr\/expertise-sectorielle\/soutien-aux-programmes-cliniques-de-phase-iii\/#breadcrumb"},"inLanguage":"fr-FR","potentialAction":[{"@type":"ReadAction","target":["https:\/\/www.cryoport.com\/fr\/expertise-sectorielle\/soutien-aux-programmes-cliniques-de-phase-iii\/"]}]},{"@type":"ImageObject","inLanguage":"fr-FR","@id":"https:\/\/www.cryoport.com\/fr\/expertise-sectorielle\/soutien-aux-programmes-cliniques-de-phase-iii\/#primaryimage","url":"https:\/\/www.cryoport.com\/wp-content\/uploads\/2025\/11\/Pre-Commercial-Ph-III.png","contentUrl":"https:\/\/www.cryoport.com\/wp-content\/uploads\/2025\/11\/Pre-Commercial-Ph-III.png","width":450,"height":250},{"@type":"BreadcrumbList","@id":"https:\/\/www.cryoport.com\/fr\/expertise-sectorielle\/soutien-aux-programmes-cliniques-de-phase-iii\/#breadcrumb","itemListElement":[{"@type":"ListItem","position":1,"name":"Home","item":"https:\/\/www.cryoport.com\/fr\/homepage\/"},{"@type":"ListItem","position":2,"name":"Expertise sectorielle","item":"https:\/\/www.cryoport.com\/fr\/expertise-sectorielle\/"},{"@type":"ListItem","position":3,"name":"Soutien aux programmes cliniques de phase III"}]},{"@type":"WebSite","@id":"https:\/\/www.cryoport.com\/fr\/#website","url":"https:\/\/www.cryoport.com\/fr\/","name":"Cryoport Systems","description":"Enabling the Future of Medicine","publisher":{"@id":"https:\/\/www.cryoport.com\/fr\/#organization"},"potentialAction":[{"@type":"SearchAction","target":{"@type":"EntryPoint","urlTemplate":"https:\/\/www.cryoport.com\/fr\/?s={search_term_string}"},"query-input":{"@type":"PropertyValueSpecification","valueRequired":true,"valueName":"search_term_string"}}],"inLanguage":"fr-FR"},{"@type":"Organization","@id":"https:\/\/www.cryoport.com\/fr\/#organization","name":"Cryoport Systems","url":"https:\/\/www.cryoport.com\/fr\/","logo":{"@type":"ImageObject","inLanguage":"fr-FR","@id":"https:\/\/www.cryoport.com\/fr\/#\/schema\/logo\/image\/","url":"https:\/\/www.cryoport.com\/wp-content\/uploads\/2023\/12\/systems-square.png","contentUrl":"https:\/\/www.cryoport.com\/wp-content\/uploads\/2023\/12\/systems-square.png","width":1200,"height":1200,"caption":"Cryoport Systems"},"image":{"@id":"https:\/\/www.cryoport.com\/fr\/#\/schema\/logo\/image\/"},"sameAs":["https:\/\/x.com\/cryoport","https:\/\/www.linkedin.com\/company\/856887","https:\/\/www.youtube.com\/user\/CryoportVideo"]}]}},"_links":{"self":[{"href":"https:\/\/www.cryoport.com\/fr\/wp-json\/wp\/v2\/pages\/23491","targetHints":{"allow":["GET"]}}],"collection":[{"href":"https:\/\/www.cryoport.com\/fr\/wp-json\/wp\/v2\/pages"}],"about":[{"href":"https:\/\/www.cryoport.com\/fr\/wp-json\/wp\/v2\/types\/page"}],"author":[{"embeddable":true,"href":"https:\/\/www.cryoport.com\/fr\/wp-json\/wp\/v2\/users\/31"}],"replies":[{"embeddable":true,"href":"https:\/\/www.cryoport.com\/fr\/wp-json\/wp\/v2\/comments?post=23491"}],"version-history":[{"count":1,"href":"https:\/\/www.cryoport.com\/fr\/wp-json\/wp\/v2\/pages\/23491\/revisions"}],"predecessor-version":[{"id":23655,"href":"https:\/\/www.cryoport.com\/fr\/wp-json\/wp\/v2\/pages\/23491\/revisions\/23655"}],"up":[{"embeddable":true,"href":"https:\/\/www.cryoport.com\/fr\/wp-json\/wp\/v2\/pages\/23649"}],"wp:featuredmedia":[{"embeddable":true,"href":"https:\/\/www.cryoport.com\/fr\/wp-json\/wp\/v2\/media\/21484"}],"wp:attachment":[{"href":"https:\/\/www.cryoport.com\/fr\/wp-json\/wp\/v2\/media?parent=23491"}],"curies":[{"name":"wp","href":"https:\/\/api.w.org\/{rel}","templated":true}]}}