{"id":23506,"date":"2025-09-16T14:13:12","date_gmt":"2025-09-16T13:13:12","guid":{"rendered":"https:\/\/www.cryoport.com\/inauguration-du-centre-mondial-de-la-chaine-dapprovisionnement-de-paris\/"},"modified":"2026-02-12T13:59:13","modified_gmt":"2026-02-12T18:59:13","slug":"inauguration-du-centre-mondial-de-la-chaine-dapprovisionnement-de-paris","status":"publish","type":"page","link":"https:\/\/www.cryoport.com\/fr\/inauguration-du-centre-mondial-de-la-chaine-dapprovisionnement-de-paris\/","title":{"rendered":"Inauguration du Centre mondial de la cha\u00eene d&rsquo;approvisionnement de Paris"},"content":{"rendered":"","protected":false},"excerpt":{"rendered":"<p>Cryoport Systems vous invite \u00e0 l&rsquo;inauguration de son Global Supply Chain Center \u00e0 Paris (Louvres)<br \/>\nJeudi 20 novembre 2025 | 10:30 AM CET<br \/>\n9 Rue du Noyer \u00e0 la Malice<br \/>\nB\u00e2timents 3 &amp; 4<br \/>\n95380 Louvres, France<\/p>\n<p>Cryoport Systems est fier d&rsquo;annoncer l&rsquo;ouverture de son nouveau Global Supply Chain Center \u00e0 Louvres, France (juste \u00e0 l&rsquo;ext\u00e9rieur de Paris et strat\u00e9giquement situ\u00e9 \u00e0 proximit\u00e9 de l&rsquo;a\u00e9roport Charles de Gaulle).<\/p>\n","protected":false},"author":31,"featured_media":20136,"parent":0,"menu_order":0,"comment_status":"closed","ping_status":"closed","template":"","meta":{"_acf_changed":false,"footnotes":""},"class_list":["post-23506","page","type-page","status-publish","has-post-thumbnail","hentry"],"acf":[],"yoast_head":"<!-- This site is optimized with the Yoast SEO plugin v27.4 - https:\/\/yoast.com\/product\/yoast-seo-wordpress\/ -->\n<title>Inauguration du Centre mondial de la cha\u00eene d&#039;approvisionnement de Paris - Cryoport Systems<\/title>\n<meta name=\"robots\" content=\"index, follow, max-snippet:-1, max-image-preview:large, max-video-preview:-1\" \/>\n<link rel=\"canonical\" href=\"https:\/\/www.cryoport.com\/fr\/inauguration-du-centre-mondial-de-la-chaine-dapprovisionnement-de-paris\/\" \/>\n<meta property=\"og:locale\" content=\"fr_FR\" \/>\n<meta property=\"og:type\" content=\"article\" \/>\n<meta property=\"og:title\" content=\"Inauguration du Centre mondial de la cha\u00eene d&#039;approvisionnement de Paris - Cryoport Systems\" \/>\n<meta property=\"og:description\" content=\"Cryoport Systems vous invite \u00e0 l&#039;inauguration de son Global Supply Chain Center \u00e0 Paris (Louvres) Jeudi 20 novembre 2025 | 10:30 AM CET 9 Rue du Noyer \u00e0 la Malice B\u00e2timents 3 &amp; 4 95380 Louvres, France Cryoport Systems est fier d&#039;annoncer l&#039;ouverture de son nouveau Global Supply Chain Center \u00e0 Louvres, France (juste \u00e0 l&#039;ext\u00e9rieur de Paris et strat\u00e9giquement situ\u00e9 \u00e0 proximit\u00e9 de l&#039;a\u00e9roport Charles de Gaulle).\" \/>\n<meta property=\"og:url\" content=\"https:\/\/www.cryoport.com\/fr\/inauguration-du-centre-mondial-de-la-chaine-dapprovisionnement-de-paris\/\" \/>\n<meta property=\"og:site_name\" content=\"Cryoport Systems\" \/>\n<meta property=\"article:modified_time\" content=\"2026-02-12T18:59:13+00:00\" \/>\n<meta property=\"og:image\" content=\"https:\/\/www.cryoport.com\/wp-content\/uploads\/2025\/09\/Paris-Event-Website-Header.png\" \/>\n\t<meta property=\"og:image:width\" content=\"2000\" \/>\n\t<meta property=\"og:image:height\" content=\"679\" \/>\n\t<meta property=\"og:image:type\" content=\"image\/png\" \/>\n<meta name=\"twitter:card\" content=\"summary_large_image\" \/>\n<meta name=\"twitter:site\" content=\"@cryoport\" \/>\n<script type=\"application\/ld+json\" class=\"yoast-schema-graph\">{\"@context\":\"https:\\\/\\\/schema.org\",\"@graph\":[{\"@type\":\"WebPage\",\"@id\":\"https:\\\/\\\/www.cryoport.com\\\/fr\\\/inauguration-du-centre-mondial-de-la-chaine-dapprovisionnement-de-paris\\\/\",\"url\":\"https:\\\/\\\/www.cryoport.com\\\/fr\\\/inauguration-du-centre-mondial-de-la-chaine-dapprovisionnement-de-paris\\\/\",\"name\":\"Inauguration du Centre mondial de la cha\u00eene d'approvisionnement de Paris - Cryoport Systems\",\"isPartOf\":{\"@id\":\"https:\\\/\\\/www.cryoport.com\\\/fr\\\/#website\"},\"primaryImageOfPage\":{\"@id\":\"https:\\\/\\\/www.cryoport.com\\\/fr\\\/inauguration-du-centre-mondial-de-la-chaine-dapprovisionnement-de-paris\\\/#primaryimage\"},\"image\":{\"@id\":\"https:\\\/\\\/www.cryoport.com\\\/fr\\\/inauguration-du-centre-mondial-de-la-chaine-dapprovisionnement-de-paris\\\/#primaryimage\"},\"thumbnailUrl\":\"https:\\\/\\\/www.cryoport.com\\\/wp-content\\\/uploads\\\/2025\\\/09\\\/Paris-Event-Website-Header.png\",\"datePublished\":\"2025-09-16T13:13:12+00:00\",\"dateModified\":\"2026-02-12T18:59:13+00:00\",\"breadcrumb\":{\"@id\":\"https:\\\/\\\/www.cryoport.com\\\/fr\\\/inauguration-du-centre-mondial-de-la-chaine-dapprovisionnement-de-paris\\\/#breadcrumb\"},\"inLanguage\":\"fr-FR\",\"potentialAction\":[{\"@type\":\"ReadAction\",\"target\":[\"https:\\\/\\\/www.cryoport.com\\\/fr\\\/inauguration-du-centre-mondial-de-la-chaine-dapprovisionnement-de-paris\\\/\"]}]},{\"@type\":\"ImageObject\",\"inLanguage\":\"fr-FR\",\"@id\":\"https:\\\/\\\/www.cryoport.com\\\/fr\\\/inauguration-du-centre-mondial-de-la-chaine-dapprovisionnement-de-paris\\\/#primaryimage\",\"url\":\"https:\\\/\\\/www.cryoport.com\\\/wp-content\\\/uploads\\\/2025\\\/09\\\/Paris-Event-Website-Header.png\",\"contentUrl\":\"https:\\\/\\\/www.cryoport.com\\\/wp-content\\\/uploads\\\/2025\\\/09\\\/Paris-Event-Website-Header.png\",\"width\":2000,\"height\":679},{\"@type\":\"BreadcrumbList\",\"@id\":\"https:\\\/\\\/www.cryoport.com\\\/fr\\\/inauguration-du-centre-mondial-de-la-chaine-dapprovisionnement-de-paris\\\/#breadcrumb\",\"itemListElement\":[{\"@type\":\"ListItem\",\"position\":1,\"name\":\"Home\",\"item\":\"https:\\\/\\\/www.cryoport.com\\\/fr\\\/homepage\\\/\"},{\"@type\":\"ListItem\",\"position\":2,\"name\":\"Inauguration du Centre mondial de la cha\u00eene d&#8217;approvisionnement de Paris\"}]},{\"@type\":\"WebSite\",\"@id\":\"https:\\\/\\\/www.cryoport.com\\\/fr\\\/#website\",\"url\":\"https:\\\/\\\/www.cryoport.com\\\/fr\\\/\",\"name\":\"Cryoport Systems\",\"description\":\"Enabling the Future of Medicine\",\"publisher\":{\"@id\":\"https:\\\/\\\/www.cryoport.com\\\/fr\\\/#organization\"},\"potentialAction\":[{\"@type\":\"SearchAction\",\"target\":{\"@type\":\"EntryPoint\",\"urlTemplate\":\"https:\\\/\\\/www.cryoport.com\\\/fr\\\/?s={search_term_string}\"},\"query-input\":{\"@type\":\"PropertyValueSpecification\",\"valueRequired\":true,\"valueName\":\"search_term_string\"}}],\"inLanguage\":\"fr-FR\"},{\"@type\":\"Organization\",\"@id\":\"https:\\\/\\\/www.cryoport.com\\\/fr\\\/#organization\",\"name\":\"Cryoport Systems\",\"url\":\"https:\\\/\\\/www.cryoport.com\\\/fr\\\/\",\"logo\":{\"@type\":\"ImageObject\",\"inLanguage\":\"fr-FR\",\"@id\":\"https:\\\/\\\/www.cryoport.com\\\/fr\\\/#\\\/schema\\\/logo\\\/image\\\/\",\"url\":\"https:\\\/\\\/www.cryoport.com\\\/wp-content\\\/uploads\\\/2023\\\/12\\\/systems-square.png\",\"contentUrl\":\"https:\\\/\\\/www.cryoport.com\\\/wp-content\\\/uploads\\\/2023\\\/12\\\/systems-square.png\",\"width\":1200,\"height\":1200,\"caption\":\"Cryoport Systems\"},\"image\":{\"@id\":\"https:\\\/\\\/www.cryoport.com\\\/fr\\\/#\\\/schema\\\/logo\\\/image\\\/\"},\"sameAs\":[\"https:\\\/\\\/x.com\\\/cryoport\",\"https:\\\/\\\/www.linkedin.com\\\/company\\\/856887\",\"https:\\\/\\\/www.youtube.com\\\/user\\\/CryoportVideo\"]}]}<\/script>\n<!-- \/ Yoast SEO plugin. -->","yoast_head_json":{"title":"Inauguration du Centre mondial de la cha\u00eene d'approvisionnement de Paris - Cryoport Systems","robots":{"index":"index","follow":"follow","max-snippet":"max-snippet:-1","max-image-preview":"max-image-preview:large","max-video-preview":"max-video-preview:-1"},"canonical":"https:\/\/www.cryoport.com\/fr\/inauguration-du-centre-mondial-de-la-chaine-dapprovisionnement-de-paris\/","og_locale":"fr_FR","og_type":"article","og_title":"Inauguration du Centre mondial de la cha\u00eene d'approvisionnement de Paris - Cryoport Systems","og_description":"Cryoport Systems vous invite \u00e0 l'inauguration de son Global Supply Chain Center \u00e0 Paris (Louvres) Jeudi 20 novembre 2025 | 10:30 AM CET 9 Rue du Noyer \u00e0 la Malice B\u00e2timents 3 &amp; 4 95380 Louvres, France Cryoport Systems est fier d'annoncer l'ouverture de son nouveau Global Supply Chain Center \u00e0 Louvres, France (juste \u00e0 l'ext\u00e9rieur de Paris et strat\u00e9giquement situ\u00e9 \u00e0 proximit\u00e9 de l'a\u00e9roport Charles de Gaulle).","og_url":"https:\/\/www.cryoport.com\/fr\/inauguration-du-centre-mondial-de-la-chaine-dapprovisionnement-de-paris\/","og_site_name":"Cryoport Systems","article_modified_time":"2026-02-12T18:59:13+00:00","og_image":[{"width":2000,"height":679,"url":"https:\/\/www.cryoport.com\/wp-content\/uploads\/2025\/09\/Paris-Event-Website-Header.png","type":"image\/png"}],"twitter_card":"summary_large_image","twitter_site":"@cryoport","schema":{"@context":"https:\/\/schema.org","@graph":[{"@type":"WebPage","@id":"https:\/\/www.cryoport.com\/fr\/inauguration-du-centre-mondial-de-la-chaine-dapprovisionnement-de-paris\/","url":"https:\/\/www.cryoport.com\/fr\/inauguration-du-centre-mondial-de-la-chaine-dapprovisionnement-de-paris\/","name":"Inauguration du Centre mondial de la cha\u00eene d'approvisionnement de Paris - Cryoport Systems","isPartOf":{"@id":"https:\/\/www.cryoport.com\/fr\/#website"},"primaryImageOfPage":{"@id":"https:\/\/www.cryoport.com\/fr\/inauguration-du-centre-mondial-de-la-chaine-dapprovisionnement-de-paris\/#primaryimage"},"image":{"@id":"https:\/\/www.cryoport.com\/fr\/inauguration-du-centre-mondial-de-la-chaine-dapprovisionnement-de-paris\/#primaryimage"},"thumbnailUrl":"https:\/\/www.cryoport.com\/wp-content\/uploads\/2025\/09\/Paris-Event-Website-Header.png","datePublished":"2025-09-16T13:13:12+00:00","dateModified":"2026-02-12T18:59:13+00:00","breadcrumb":{"@id":"https:\/\/www.cryoport.com\/fr\/inauguration-du-centre-mondial-de-la-chaine-dapprovisionnement-de-paris\/#breadcrumb"},"inLanguage":"fr-FR","potentialAction":[{"@type":"ReadAction","target":["https:\/\/www.cryoport.com\/fr\/inauguration-du-centre-mondial-de-la-chaine-dapprovisionnement-de-paris\/"]}]},{"@type":"ImageObject","inLanguage":"fr-FR","@id":"https:\/\/www.cryoport.com\/fr\/inauguration-du-centre-mondial-de-la-chaine-dapprovisionnement-de-paris\/#primaryimage","url":"https:\/\/www.cryoport.com\/wp-content\/uploads\/2025\/09\/Paris-Event-Website-Header.png","contentUrl":"https:\/\/www.cryoport.com\/wp-content\/uploads\/2025\/09\/Paris-Event-Website-Header.png","width":2000,"height":679},{"@type":"BreadcrumbList","@id":"https:\/\/www.cryoport.com\/fr\/inauguration-du-centre-mondial-de-la-chaine-dapprovisionnement-de-paris\/#breadcrumb","itemListElement":[{"@type":"ListItem","position":1,"name":"Home","item":"https:\/\/www.cryoport.com\/fr\/homepage\/"},{"@type":"ListItem","position":2,"name":"Inauguration du Centre mondial de la cha\u00eene d&#8217;approvisionnement de Paris"}]},{"@type":"WebSite","@id":"https:\/\/www.cryoport.com\/fr\/#website","url":"https:\/\/www.cryoport.com\/fr\/","name":"Cryoport Systems","description":"Enabling the Future of Medicine","publisher":{"@id":"https:\/\/www.cryoport.com\/fr\/#organization"},"potentialAction":[{"@type":"SearchAction","target":{"@type":"EntryPoint","urlTemplate":"https:\/\/www.cryoport.com\/fr\/?s={search_term_string}"},"query-input":{"@type":"PropertyValueSpecification","valueRequired":true,"valueName":"search_term_string"}}],"inLanguage":"fr-FR"},{"@type":"Organization","@id":"https:\/\/www.cryoport.com\/fr\/#organization","name":"Cryoport Systems","url":"https:\/\/www.cryoport.com\/fr\/","logo":{"@type":"ImageObject","inLanguage":"fr-FR","@id":"https:\/\/www.cryoport.com\/fr\/#\/schema\/logo\/image\/","url":"https:\/\/www.cryoport.com\/wp-content\/uploads\/2023\/12\/systems-square.png","contentUrl":"https:\/\/www.cryoport.com\/wp-content\/uploads\/2023\/12\/systems-square.png","width":1200,"height":1200,"caption":"Cryoport Systems"},"image":{"@id":"https:\/\/www.cryoport.com\/fr\/#\/schema\/logo\/image\/"},"sameAs":["https:\/\/x.com\/cryoport","https:\/\/www.linkedin.com\/company\/856887","https:\/\/www.youtube.com\/user\/CryoportVideo"]}]}},"_links":{"self":[{"href":"https:\/\/www.cryoport.com\/fr\/wp-json\/wp\/v2\/pages\/23506","targetHints":{"allow":["GET"]}}],"collection":[{"href":"https:\/\/www.cryoport.com\/fr\/wp-json\/wp\/v2\/pages"}],"about":[{"href":"https:\/\/www.cryoport.com\/fr\/wp-json\/wp\/v2\/types\/page"}],"author":[{"embeddable":true,"href":"https:\/\/www.cryoport.com\/fr\/wp-json\/wp\/v2\/users\/31"}],"replies":[{"embeddable":true,"href":"https:\/\/www.cryoport.com\/fr\/wp-json\/wp\/v2\/comments?post=23506"}],"version-history":[{"count":1,"href":"https:\/\/www.cryoport.com\/fr\/wp-json\/wp\/v2\/pages\/23506\/revisions"}],"predecessor-version":[{"id":25174,"href":"https:\/\/www.cryoport.com\/fr\/wp-json\/wp\/v2\/pages\/23506\/revisions\/25174"}],"wp:featuredmedia":[{"embeddable":true,"href":"https:\/\/www.cryoport.com\/fr\/wp-json\/wp\/v2\/media\/20136"}],"wp:attachment":[{"href":"https:\/\/www.cryoport.com\/fr\/wp-json\/wp\/v2\/media?parent=23506"}],"curies":[{"name":"wp","href":"https:\/\/api.w.org\/{rel}","templated":true}]}}