{"id":23508,"date":"2024-11-12T22:27:42","date_gmt":"2024-11-12T22:27:42","guid":{"rendered":"https:\/\/www.cryoport.com\/instructions-pour-les-systemes-safepak\/"},"modified":"2026-02-12T14:29:16","modified_gmt":"2026-02-12T19:29:16","slug":"instructions-pour-les-systemes-safepak","status":"publish","type":"page","link":"https:\/\/www.cryoport.com\/fr\/ressources\/instructions\/instructions-pour-les-systemes-safepak\/","title":{"rendered":"Instructions pour les syst\u00e8mes Safepak"},"content":{"rendered":"","protected":false},"excerpt":{"rendered":"","protected":false},"author":18,"featured_media":15051,"parent":23589,"menu_order":0,"comment_status":"closed","ping_status":"closed","template":"","meta":{"_acf_changed":false,"footnotes":""},"class_list":["post-23508","page","type-page","status-publish","has-post-thumbnail","hentry"],"acf":[],"yoast_head":"<!-- This site is optimized with the Yoast SEO plugin v27.4 - https:\/\/yoast.com\/product\/yoast-seo-wordpress\/ -->\n<title>Instructions pour les syst\u00e8mes Safepak - Cryoport Systems<\/title>\n<meta name=\"description\" content=\"Le syst\u00e8me Safepak\u00ae 1800 de Cryoport Systems r\u00e9pond au besoin du march\u00e9 de la th\u00e9rapie cellulaire et g\u00e9nique d&#039;un transport plus s\u00fbr des poches de sang.\" \/>\n<meta name=\"robots\" content=\"index, follow, max-snippet:-1, max-image-preview:large, max-video-preview:-1\" \/>\n<link rel=\"canonical\" href=\"https:\/\/www.cryoport.com\/fr\/ressources\/instructions\/instructions-pour-les-systemes-safepak\/\" \/>\n<meta property=\"og:locale\" content=\"fr_FR\" \/>\n<meta property=\"og:type\" content=\"article\" \/>\n<meta property=\"og:title\" content=\"Instructions pour les syst\u00e8mes Safepak - Cryoport Systems\" \/>\n<meta property=\"og:description\" content=\"Le syst\u00e8me Safepak\u00ae 1800 de Cryoport Systems r\u00e9pond au besoin du march\u00e9 de la th\u00e9rapie cellulaire et g\u00e9nique d&#039;un transport plus s\u00fbr des poches de sang.\" \/>\n<meta property=\"og:url\" content=\"https:\/\/www.cryoport.com\/fr\/ressources\/instructions\/instructions-pour-les-systemes-safepak\/\" \/>\n<meta property=\"og:site_name\" content=\"Cryoport Systems\" \/>\n<meta property=\"article:modified_time\" content=\"2026-02-12T19:29:16+00:00\" \/>\n<meta property=\"og:image\" content=\"https:\/\/www.cryoport.com\/wp-content\/uploads\/2024\/04\/SS1800-Safepak-Soft-System-880x1024.png\" \/>\n\t<meta property=\"og:image:width\" content=\"880\" \/>\n\t<meta property=\"og:image:height\" content=\"1024\" \/>\n\t<meta property=\"og:image:type\" content=\"image\/png\" \/>\n<meta name=\"twitter:card\" content=\"summary_large_image\" \/>\n<meta name=\"twitter:site\" content=\"@cryoport\" \/>\n<script type=\"application\/ld+json\" class=\"yoast-schema-graph\">{\"@context\":\"https:\\\/\\\/schema.org\",\"@graph\":[{\"@type\":\"WebPage\",\"@id\":\"https:\\\/\\\/www.cryoport.com\\\/fr\\\/ressources\\\/instructions\\\/instructions-pour-les-systemes-safepak\\\/\",\"url\":\"https:\\\/\\\/www.cryoport.com\\\/fr\\\/ressources\\\/instructions\\\/instructions-pour-les-systemes-safepak\\\/\",\"name\":\"Instructions pour les syst\u00e8mes Safepak - Cryoport Systems\",\"isPartOf\":{\"@id\":\"https:\\\/\\\/www.cryoport.com\\\/fr\\\/#website\"},\"primaryImageOfPage\":{\"@id\":\"https:\\\/\\\/www.cryoport.com\\\/fr\\\/ressources\\\/instructions\\\/instructions-pour-les-systemes-safepak\\\/#primaryimage\"},\"image\":{\"@id\":\"https:\\\/\\\/www.cryoport.com\\\/fr\\\/ressources\\\/instructions\\\/instructions-pour-les-systemes-safepak\\\/#primaryimage\"},\"thumbnailUrl\":\"https:\\\/\\\/www.cryoport.com\\\/wp-content\\\/uploads\\\/2024\\\/04\\\/Safepak-1800-System_journey-treatment.png\",\"datePublished\":\"2024-11-12T22:27:42+00:00\",\"dateModified\":\"2026-02-12T19:29:16+00:00\",\"description\":\"Le syst\u00e8me Safepak\u00ae 1800 de Cryoport Systems r\u00e9pond au besoin du march\u00e9 de la th\u00e9rapie cellulaire et g\u00e9nique d'un transport plus s\u00fbr des poches de sang.\",\"breadcrumb\":{\"@id\":\"https:\\\/\\\/www.cryoport.com\\\/fr\\\/ressources\\\/instructions\\\/instructions-pour-les-systemes-safepak\\\/#breadcrumb\"},\"inLanguage\":\"fr-FR\",\"potentialAction\":[{\"@type\":\"ReadAction\",\"target\":[\"https:\\\/\\\/www.cryoport.com\\\/fr\\\/ressources\\\/instructions\\\/instructions-pour-les-systemes-safepak\\\/\"]}]},{\"@type\":\"ImageObject\",\"inLanguage\":\"fr-FR\",\"@id\":\"https:\\\/\\\/www.cryoport.com\\\/fr\\\/ressources\\\/instructions\\\/instructions-pour-les-systemes-safepak\\\/#primaryimage\",\"url\":\"https:\\\/\\\/www.cryoport.com\\\/wp-content\\\/uploads\\\/2024\\\/04\\\/Safepak-1800-System_journey-treatment.png\",\"contentUrl\":\"https:\\\/\\\/www.cryoport.com\\\/wp-content\\\/uploads\\\/2024\\\/04\\\/Safepak-1800-System_journey-treatment.png\",\"width\":3024,\"height\":3520},{\"@type\":\"BreadcrumbList\",\"@id\":\"https:\\\/\\\/www.cryoport.com\\\/fr\\\/ressources\\\/instructions\\\/instructions-pour-les-systemes-safepak\\\/#breadcrumb\",\"itemListElement\":[{\"@type\":\"ListItem\",\"position\":1,\"name\":\"Home\",\"item\":\"https:\\\/\\\/www.cryoport.com\\\/fr\\\/homepage\\\/\"},{\"@type\":\"ListItem\",\"position\":2,\"name\":\"Ressources\",\"item\":\"https:\\\/\\\/www.cryoport.com\\\/fr\\\/ressources\\\/\"},{\"@type\":\"ListItem\",\"position\":3,\"name\":\"Instructions\",\"item\":\"https:\\\/\\\/www.cryoport.com\\\/fr\\\/ressources\\\/instructions\\\/\"},{\"@type\":\"ListItem\",\"position\":4,\"name\":\"Instructions pour les syst\u00e8mes Safepak\"}]},{\"@type\":\"WebSite\",\"@id\":\"https:\\\/\\\/www.cryoport.com\\\/fr\\\/#website\",\"url\":\"https:\\\/\\\/www.cryoport.com\\\/fr\\\/\",\"name\":\"Cryoport Systems\",\"description\":\"Enabling the Future of Medicine\",\"publisher\":{\"@id\":\"https:\\\/\\\/www.cryoport.com\\\/fr\\\/#organization\"},\"potentialAction\":[{\"@type\":\"SearchAction\",\"target\":{\"@type\":\"EntryPoint\",\"urlTemplate\":\"https:\\\/\\\/www.cryoport.com\\\/fr\\\/?s={search_term_string}\"},\"query-input\":{\"@type\":\"PropertyValueSpecification\",\"valueRequired\":true,\"valueName\":\"search_term_string\"}}],\"inLanguage\":\"fr-FR\"},{\"@type\":\"Organization\",\"@id\":\"https:\\\/\\\/www.cryoport.com\\\/fr\\\/#organization\",\"name\":\"Cryoport Systems\",\"url\":\"https:\\\/\\\/www.cryoport.com\\\/fr\\\/\",\"logo\":{\"@type\":\"ImageObject\",\"inLanguage\":\"fr-FR\",\"@id\":\"https:\\\/\\\/www.cryoport.com\\\/fr\\\/#\\\/schema\\\/logo\\\/image\\\/\",\"url\":\"https:\\\/\\\/www.cryoport.com\\\/wp-content\\\/uploads\\\/2023\\\/12\\\/systems-square.png\",\"contentUrl\":\"https:\\\/\\\/www.cryoport.com\\\/wp-content\\\/uploads\\\/2023\\\/12\\\/systems-square.png\",\"width\":1200,\"height\":1200,\"caption\":\"Cryoport Systems\"},\"image\":{\"@id\":\"https:\\\/\\\/www.cryoport.com\\\/fr\\\/#\\\/schema\\\/logo\\\/image\\\/\"},\"sameAs\":[\"https:\\\/\\\/x.com\\\/cryoport\",\"https:\\\/\\\/www.linkedin.com\\\/company\\\/856887\",\"https:\\\/\\\/www.youtube.com\\\/user\\\/CryoportVideo\"]}]}<\/script>\n<!-- \/ Yoast SEO plugin. -->","yoast_head_json":{"title":"Instructions pour les syst\u00e8mes Safepak - Cryoport Systems","description":"Le syst\u00e8me Safepak\u00ae 1800 de Cryoport Systems r\u00e9pond au besoin du march\u00e9 de la th\u00e9rapie cellulaire et g\u00e9nique d'un transport plus s\u00fbr des poches de sang.","robots":{"index":"index","follow":"follow","max-snippet":"max-snippet:-1","max-image-preview":"max-image-preview:large","max-video-preview":"max-video-preview:-1"},"canonical":"https:\/\/www.cryoport.com\/fr\/ressources\/instructions\/instructions-pour-les-systemes-safepak\/","og_locale":"fr_FR","og_type":"article","og_title":"Instructions pour les syst\u00e8mes Safepak - Cryoport Systems","og_description":"Le syst\u00e8me Safepak\u00ae 1800 de Cryoport Systems r\u00e9pond au besoin du march\u00e9 de la th\u00e9rapie cellulaire et g\u00e9nique d'un transport plus s\u00fbr des poches de sang.","og_url":"https:\/\/www.cryoport.com\/fr\/ressources\/instructions\/instructions-pour-les-systemes-safepak\/","og_site_name":"Cryoport Systems","article_modified_time":"2026-02-12T19:29:16+00:00","og_image":[{"width":880,"height":1024,"url":"https:\/\/www.cryoport.com\/wp-content\/uploads\/2024\/04\/SS1800-Safepak-Soft-System-880x1024.png","type":"image\/png"}],"twitter_card":"summary_large_image","twitter_site":"@cryoport","schema":{"@context":"https:\/\/schema.org","@graph":[{"@type":"WebPage","@id":"https:\/\/www.cryoport.com\/fr\/ressources\/instructions\/instructions-pour-les-systemes-safepak\/","url":"https:\/\/www.cryoport.com\/fr\/ressources\/instructions\/instructions-pour-les-systemes-safepak\/","name":"Instructions pour les syst\u00e8mes Safepak - Cryoport Systems","isPartOf":{"@id":"https:\/\/www.cryoport.com\/fr\/#website"},"primaryImageOfPage":{"@id":"https:\/\/www.cryoport.com\/fr\/ressources\/instructions\/instructions-pour-les-systemes-safepak\/#primaryimage"},"image":{"@id":"https:\/\/www.cryoport.com\/fr\/ressources\/instructions\/instructions-pour-les-systemes-safepak\/#primaryimage"},"thumbnailUrl":"https:\/\/www.cryoport.com\/wp-content\/uploads\/2024\/04\/Safepak-1800-System_journey-treatment.png","datePublished":"2024-11-12T22:27:42+00:00","dateModified":"2026-02-12T19:29:16+00:00","description":"Le syst\u00e8me Safepak\u00ae 1800 de Cryoport Systems r\u00e9pond au besoin du march\u00e9 de la th\u00e9rapie cellulaire et g\u00e9nique d'un transport plus s\u00fbr des poches de sang.","breadcrumb":{"@id":"https:\/\/www.cryoport.com\/fr\/ressources\/instructions\/instructions-pour-les-systemes-safepak\/#breadcrumb"},"inLanguage":"fr-FR","potentialAction":[{"@type":"ReadAction","target":["https:\/\/www.cryoport.com\/fr\/ressources\/instructions\/instructions-pour-les-systemes-safepak\/"]}]},{"@type":"ImageObject","inLanguage":"fr-FR","@id":"https:\/\/www.cryoport.com\/fr\/ressources\/instructions\/instructions-pour-les-systemes-safepak\/#primaryimage","url":"https:\/\/www.cryoport.com\/wp-content\/uploads\/2024\/04\/Safepak-1800-System_journey-treatment.png","contentUrl":"https:\/\/www.cryoport.com\/wp-content\/uploads\/2024\/04\/Safepak-1800-System_journey-treatment.png","width":3024,"height":3520},{"@type":"BreadcrumbList","@id":"https:\/\/www.cryoport.com\/fr\/ressources\/instructions\/instructions-pour-les-systemes-safepak\/#breadcrumb","itemListElement":[{"@type":"ListItem","position":1,"name":"Home","item":"https:\/\/www.cryoport.com\/fr\/homepage\/"},{"@type":"ListItem","position":2,"name":"Ressources","item":"https:\/\/www.cryoport.com\/fr\/ressources\/"},{"@type":"ListItem","position":3,"name":"Instructions","item":"https:\/\/www.cryoport.com\/fr\/ressources\/instructions\/"},{"@type":"ListItem","position":4,"name":"Instructions pour les syst\u00e8mes Safepak"}]},{"@type":"WebSite","@id":"https:\/\/www.cryoport.com\/fr\/#website","url":"https:\/\/www.cryoport.com\/fr\/","name":"Cryoport Systems","description":"Enabling the Future of Medicine","publisher":{"@id":"https:\/\/www.cryoport.com\/fr\/#organization"},"potentialAction":[{"@type":"SearchAction","target":{"@type":"EntryPoint","urlTemplate":"https:\/\/www.cryoport.com\/fr\/?s={search_term_string}"},"query-input":{"@type":"PropertyValueSpecification","valueRequired":true,"valueName":"search_term_string"}}],"inLanguage":"fr-FR"},{"@type":"Organization","@id":"https:\/\/www.cryoport.com\/fr\/#organization","name":"Cryoport Systems","url":"https:\/\/www.cryoport.com\/fr\/","logo":{"@type":"ImageObject","inLanguage":"fr-FR","@id":"https:\/\/www.cryoport.com\/fr\/#\/schema\/logo\/image\/","url":"https:\/\/www.cryoport.com\/wp-content\/uploads\/2023\/12\/systems-square.png","contentUrl":"https:\/\/www.cryoport.com\/wp-content\/uploads\/2023\/12\/systems-square.png","width":1200,"height":1200,"caption":"Cryoport Systems"},"image":{"@id":"https:\/\/www.cryoport.com\/fr\/#\/schema\/logo\/image\/"},"sameAs":["https:\/\/x.com\/cryoport","https:\/\/www.linkedin.com\/company\/856887","https:\/\/www.youtube.com\/user\/CryoportVideo"]}]}},"_links":{"self":[{"href":"https:\/\/www.cryoport.com\/fr\/wp-json\/wp\/v2\/pages\/23508","targetHints":{"allow":["GET"]}}],"collection":[{"href":"https:\/\/www.cryoport.com\/fr\/wp-json\/wp\/v2\/pages"}],"about":[{"href":"https:\/\/www.cryoport.com\/fr\/wp-json\/wp\/v2\/types\/page"}],"author":[{"embeddable":true,"href":"https:\/\/www.cryoport.com\/fr\/wp-json\/wp\/v2\/users\/18"}],"replies":[{"embeddable":true,"href":"https:\/\/www.cryoport.com\/fr\/wp-json\/wp\/v2\/comments?post=23508"}],"version-history":[{"count":1,"href":"https:\/\/www.cryoport.com\/fr\/wp-json\/wp\/v2\/pages\/23508\/revisions"}],"predecessor-version":[{"id":23593,"href":"https:\/\/www.cryoport.com\/fr\/wp-json\/wp\/v2\/pages\/23508\/revisions\/23593"}],"up":[{"embeddable":true,"href":"https:\/\/www.cryoport.com\/fr\/wp-json\/wp\/v2\/pages\/23589"}],"wp:featuredmedia":[{"embeddable":true,"href":"https:\/\/www.cryoport.com\/fr\/wp-json\/wp\/v2\/media\/15051"}],"wp:attachment":[{"href":"https:\/\/www.cryoport.com\/fr\/wp-json\/wp\/v2\/media?parent=23508"}],"curies":[{"name":"wp","href":"https:\/\/api.w.org\/{rel}","templated":true}]}}