{"id":23511,"date":"2025-01-10T13:10:52","date_gmt":"2025-01-10T13:10:52","guid":{"rendered":"https:\/\/www.cryoport.com\/systemes-dexpedition-cryogeniques-inferieurs-a-150c\/systeme-dexpedition-cryoport-express-cryogenic-hv3\/"},"modified":"2026-02-12T14:31:45","modified_gmt":"2026-02-12T19:31:45","slug":"systeme-dexpedition-cryoport-express-cryogenic-hv3","status":"publish","type":"page","link":"https:\/\/www.cryoport.com\/fr\/solutions\/systemes-dexpedition\/systemes-dexpedition-cryogeniques-inferieurs-a-150c\/systeme-dexpedition-cryoport-express-cryogenic-hv3\/","title":{"rendered":"Syst\u00e8me d&rsquo;exp\u00e9dition Cryoport Express\u00ae Cryogenic HV3"},"content":{"rendered":"","protected":false},"excerpt":{"rendered":"","protected":false},"author":31,"featured_media":14809,"parent":23482,"menu_order":0,"comment_status":"closed","ping_status":"closed","template":"","meta":{"_acf_changed":false,"footnotes":""},"class_list":["post-23511","page","type-page","status-publish","has-post-thumbnail","hentry"],"acf":[],"yoast_head":"<!-- This site is optimized with the Yoast SEO plugin v27.4 - https:\/\/yoast.com\/product\/yoast-seo-wordpress\/ -->\n<title>Syst\u00e8me d&#039;exp\u00e9dition Cryoport Express\u00ae Cryogenic HV3 - Cryoport Systems<\/title>\n<meta name=\"robots\" content=\"index, follow, max-snippet:-1, max-image-preview:large, max-video-preview:-1\" \/>\n<link rel=\"canonical\" href=\"https:\/\/www.cryoport.com\/fr\/solutions\/systemes-dexpedition\/systemes-dexpedition-cryogeniques-inferieurs-a-150c\/systeme-dexpedition-cryoport-express-cryogenic-hv3\/\" \/>\n<meta property=\"og:locale\" content=\"fr_FR\" \/>\n<meta property=\"og:type\" content=\"article\" \/>\n<meta property=\"og:title\" content=\"Syst\u00e8me d&#039;exp\u00e9dition Cryoport Express\u00ae Cryogenic HV3 - Cryoport Systems\" \/>\n<meta property=\"og:url\" content=\"https:\/\/www.cryoport.com\/fr\/solutions\/systemes-dexpedition\/systemes-dexpedition-cryogeniques-inferieurs-a-150c\/systeme-dexpedition-cryoport-express-cryogenic-hv3\/\" \/>\n<meta property=\"og:site_name\" content=\"Cryoport Systems\" \/>\n<meta property=\"article:modified_time\" content=\"2026-02-12T19:31:45+00:00\" \/>\n<meta property=\"og:image\" content=\"https:\/\/www.cryoport.com\/wp-content\/uploads\/2024\/04\/HV3.jpg\" \/>\n\t<meta property=\"og:image:width\" content=\"1400\" \/>\n\t<meta property=\"og:image:height\" content=\"1400\" \/>\n\t<meta property=\"og:image:type\" content=\"image\/png\" \/>\n<meta name=\"twitter:card\" content=\"summary_large_image\" \/>\n<meta name=\"twitter:site\" content=\"@cryoport\" \/>\n<script type=\"application\/ld+json\" class=\"yoast-schema-graph\">{\"@context\":\"https:\\\/\\\/schema.org\",\"@graph\":[{\"@type\":\"WebPage\",\"@id\":\"https:\\\/\\\/www.cryoport.com\\\/fr\\\/solutions\\\/systemes-dexpedition\\\/systemes-dexpedition-cryogeniques-inferieurs-a-150c\\\/systeme-dexpedition-cryoport-express-cryogenic-hv3\\\/\",\"url\":\"https:\\\/\\\/www.cryoport.com\\\/fr\\\/solutions\\\/systemes-dexpedition\\\/systemes-dexpedition-cryogeniques-inferieurs-a-150c\\\/systeme-dexpedition-cryoport-express-cryogenic-hv3\\\/\",\"name\":\"Syst\u00e8me d'exp\u00e9dition Cryoport Express\u00ae Cryogenic HV3 - Cryoport Systems\",\"isPartOf\":{\"@id\":\"https:\\\/\\\/www.cryoport.com\\\/fr\\\/#website\"},\"primaryImageOfPage\":{\"@id\":\"https:\\\/\\\/www.cryoport.com\\\/fr\\\/solutions\\\/systemes-dexpedition\\\/systemes-dexpedition-cryogeniques-inferieurs-a-150c\\\/systeme-dexpedition-cryoport-express-cryogenic-hv3\\\/#primaryimage\"},\"image\":{\"@id\":\"https:\\\/\\\/www.cryoport.com\\\/fr\\\/solutions\\\/systemes-dexpedition\\\/systemes-dexpedition-cryogeniques-inferieurs-a-150c\\\/systeme-dexpedition-cryoport-express-cryogenic-hv3\\\/#primaryimage\"},\"thumbnailUrl\":\"https:\\\/\\\/www.cryoport.com\\\/wp-content\\\/uploads\\\/2024\\\/04\\\/HV3.jpg\",\"datePublished\":\"2025-01-10T13:10:52+00:00\",\"dateModified\":\"2026-02-12T19:31:45+00:00\",\"breadcrumb\":{\"@id\":\"https:\\\/\\\/www.cryoport.com\\\/fr\\\/solutions\\\/systemes-dexpedition\\\/systemes-dexpedition-cryogeniques-inferieurs-a-150c\\\/systeme-dexpedition-cryoport-express-cryogenic-hv3\\\/#breadcrumb\"},\"inLanguage\":\"fr-FR\",\"potentialAction\":[{\"@type\":\"ReadAction\",\"target\":[\"https:\\\/\\\/www.cryoport.com\\\/fr\\\/solutions\\\/systemes-dexpedition\\\/systemes-dexpedition-cryogeniques-inferieurs-a-150c\\\/systeme-dexpedition-cryoport-express-cryogenic-hv3\\\/\"]}]},{\"@type\":\"ImageObject\",\"inLanguage\":\"fr-FR\",\"@id\":\"https:\\\/\\\/www.cryoport.com\\\/fr\\\/solutions\\\/systemes-dexpedition\\\/systemes-dexpedition-cryogeniques-inferieurs-a-150c\\\/systeme-dexpedition-cryoport-express-cryogenic-hv3\\\/#primaryimage\",\"url\":\"https:\\\/\\\/www.cryoport.com\\\/wp-content\\\/uploads\\\/2024\\\/04\\\/HV3.jpg\",\"contentUrl\":\"https:\\\/\\\/www.cryoport.com\\\/wp-content\\\/uploads\\\/2024\\\/04\\\/HV3.jpg\",\"width\":1400,\"height\":1400},{\"@type\":\"BreadcrumbList\",\"@id\":\"https:\\\/\\\/www.cryoport.com\\\/fr\\\/solutions\\\/systemes-dexpedition\\\/systemes-dexpedition-cryogeniques-inferieurs-a-150c\\\/systeme-dexpedition-cryoport-express-cryogenic-hv3\\\/#breadcrumb\",\"itemListElement\":[{\"@type\":\"ListItem\",\"position\":1,\"name\":\"Home\",\"item\":\"https:\\\/\\\/www.cryoport.com\\\/fr\\\/homepage\\\/\"},{\"@type\":\"ListItem\",\"position\":2,\"name\":\"Solutions\",\"item\":\"https:\\\/\\\/www.cryoport.com\\\/fr\\\/solutions\\\/\"},{\"@type\":\"ListItem\",\"position\":3,\"name\":\"Syst\u00e8mes d&rsquo;exp\u00e9dition\",\"item\":\"https:\\\/\\\/www.cryoport.com\\\/fr\\\/solutions\\\/systemes-dexpedition\\\/\"},{\"@type\":\"ListItem\",\"position\":4,\"name\":\"Syst\u00e8mes d&rsquo;exp\u00e9dition cryog\u00e9niques (inf\u00e9rieurs \u00e0 -150\u00b0C)\",\"item\":\"https:\\\/\\\/www.cryoport.com\\\/fr\\\/solutions\\\/systemes-dexpedition\\\/systemes-dexpedition-cryogeniques-inferieurs-a-150c\\\/\"},{\"@type\":\"ListItem\",\"position\":5,\"name\":\"Syst\u00e8me d&rsquo;exp\u00e9dition Cryoport Express\u00ae Cryogenic HV3\"}]},{\"@type\":\"WebSite\",\"@id\":\"https:\\\/\\\/www.cryoport.com\\\/fr\\\/#website\",\"url\":\"https:\\\/\\\/www.cryoport.com\\\/fr\\\/\",\"name\":\"Cryoport Systems\",\"description\":\"Enabling the Future of Medicine\",\"publisher\":{\"@id\":\"https:\\\/\\\/www.cryoport.com\\\/fr\\\/#organization\"},\"potentialAction\":[{\"@type\":\"SearchAction\",\"target\":{\"@type\":\"EntryPoint\",\"urlTemplate\":\"https:\\\/\\\/www.cryoport.com\\\/fr\\\/?s={search_term_string}\"},\"query-input\":{\"@type\":\"PropertyValueSpecification\",\"valueRequired\":true,\"valueName\":\"search_term_string\"}}],\"inLanguage\":\"fr-FR\"},{\"@type\":\"Organization\",\"@id\":\"https:\\\/\\\/www.cryoport.com\\\/fr\\\/#organization\",\"name\":\"Cryoport Systems\",\"url\":\"https:\\\/\\\/www.cryoport.com\\\/fr\\\/\",\"logo\":{\"@type\":\"ImageObject\",\"inLanguage\":\"fr-FR\",\"@id\":\"https:\\\/\\\/www.cryoport.com\\\/fr\\\/#\\\/schema\\\/logo\\\/image\\\/\",\"url\":\"https:\\\/\\\/www.cryoport.com\\\/wp-content\\\/uploads\\\/2023\\\/12\\\/systems-square.png\",\"contentUrl\":\"https:\\\/\\\/www.cryoport.com\\\/wp-content\\\/uploads\\\/2023\\\/12\\\/systems-square.png\",\"width\":1200,\"height\":1200,\"caption\":\"Cryoport Systems\"},\"image\":{\"@id\":\"https:\\\/\\\/www.cryoport.com\\\/fr\\\/#\\\/schema\\\/logo\\\/image\\\/\"},\"sameAs\":[\"https:\\\/\\\/x.com\\\/cryoport\",\"https:\\\/\\\/www.linkedin.com\\\/company\\\/856887\",\"https:\\\/\\\/www.youtube.com\\\/user\\\/CryoportVideo\"]}]}<\/script>\n<!-- \/ Yoast SEO plugin. -->","yoast_head_json":{"title":"Syst\u00e8me d'exp\u00e9dition Cryoport Express\u00ae Cryogenic HV3 - Cryoport Systems","robots":{"index":"index","follow":"follow","max-snippet":"max-snippet:-1","max-image-preview":"max-image-preview:large","max-video-preview":"max-video-preview:-1"},"canonical":"https:\/\/www.cryoport.com\/fr\/solutions\/systemes-dexpedition\/systemes-dexpedition-cryogeniques-inferieurs-a-150c\/systeme-dexpedition-cryoport-express-cryogenic-hv3\/","og_locale":"fr_FR","og_type":"article","og_title":"Syst\u00e8me d'exp\u00e9dition Cryoport Express\u00ae Cryogenic HV3 - Cryoport Systems","og_url":"https:\/\/www.cryoport.com\/fr\/solutions\/systemes-dexpedition\/systemes-dexpedition-cryogeniques-inferieurs-a-150c\/systeme-dexpedition-cryoport-express-cryogenic-hv3\/","og_site_name":"Cryoport Systems","article_modified_time":"2026-02-12T19:31:45+00:00","og_image":[{"width":1400,"height":1400,"url":"https:\/\/www.cryoport.com\/wp-content\/uploads\/2024\/04\/HV3.jpg","type":"image\/png"}],"twitter_card":"summary_large_image","twitter_site":"@cryoport","schema":{"@context":"https:\/\/schema.org","@graph":[{"@type":"WebPage","@id":"https:\/\/www.cryoport.com\/fr\/solutions\/systemes-dexpedition\/systemes-dexpedition-cryogeniques-inferieurs-a-150c\/systeme-dexpedition-cryoport-express-cryogenic-hv3\/","url":"https:\/\/www.cryoport.com\/fr\/solutions\/systemes-dexpedition\/systemes-dexpedition-cryogeniques-inferieurs-a-150c\/systeme-dexpedition-cryoport-express-cryogenic-hv3\/","name":"Syst\u00e8me d'exp\u00e9dition Cryoport Express\u00ae Cryogenic HV3 - Cryoport Systems","isPartOf":{"@id":"https:\/\/www.cryoport.com\/fr\/#website"},"primaryImageOfPage":{"@id":"https:\/\/www.cryoport.com\/fr\/solutions\/systemes-dexpedition\/systemes-dexpedition-cryogeniques-inferieurs-a-150c\/systeme-dexpedition-cryoport-express-cryogenic-hv3\/#primaryimage"},"image":{"@id":"https:\/\/www.cryoport.com\/fr\/solutions\/systemes-dexpedition\/systemes-dexpedition-cryogeniques-inferieurs-a-150c\/systeme-dexpedition-cryoport-express-cryogenic-hv3\/#primaryimage"},"thumbnailUrl":"https:\/\/www.cryoport.com\/wp-content\/uploads\/2024\/04\/HV3.jpg","datePublished":"2025-01-10T13:10:52+00:00","dateModified":"2026-02-12T19:31:45+00:00","breadcrumb":{"@id":"https:\/\/www.cryoport.com\/fr\/solutions\/systemes-dexpedition\/systemes-dexpedition-cryogeniques-inferieurs-a-150c\/systeme-dexpedition-cryoport-express-cryogenic-hv3\/#breadcrumb"},"inLanguage":"fr-FR","potentialAction":[{"@type":"ReadAction","target":["https:\/\/www.cryoport.com\/fr\/solutions\/systemes-dexpedition\/systemes-dexpedition-cryogeniques-inferieurs-a-150c\/systeme-dexpedition-cryoport-express-cryogenic-hv3\/"]}]},{"@type":"ImageObject","inLanguage":"fr-FR","@id":"https:\/\/www.cryoport.com\/fr\/solutions\/systemes-dexpedition\/systemes-dexpedition-cryogeniques-inferieurs-a-150c\/systeme-dexpedition-cryoport-express-cryogenic-hv3\/#primaryimage","url":"https:\/\/www.cryoport.com\/wp-content\/uploads\/2024\/04\/HV3.jpg","contentUrl":"https:\/\/www.cryoport.com\/wp-content\/uploads\/2024\/04\/HV3.jpg","width":1400,"height":1400},{"@type":"BreadcrumbList","@id":"https:\/\/www.cryoport.com\/fr\/solutions\/systemes-dexpedition\/systemes-dexpedition-cryogeniques-inferieurs-a-150c\/systeme-dexpedition-cryoport-express-cryogenic-hv3\/#breadcrumb","itemListElement":[{"@type":"ListItem","position":1,"name":"Home","item":"https:\/\/www.cryoport.com\/fr\/homepage\/"},{"@type":"ListItem","position":2,"name":"Solutions","item":"https:\/\/www.cryoport.com\/fr\/solutions\/"},{"@type":"ListItem","position":3,"name":"Syst\u00e8mes d&rsquo;exp\u00e9dition","item":"https:\/\/www.cryoport.com\/fr\/solutions\/systemes-dexpedition\/"},{"@type":"ListItem","position":4,"name":"Syst\u00e8mes d&rsquo;exp\u00e9dition cryog\u00e9niques (inf\u00e9rieurs \u00e0 -150\u00b0C)","item":"https:\/\/www.cryoport.com\/fr\/solutions\/systemes-dexpedition\/systemes-dexpedition-cryogeniques-inferieurs-a-150c\/"},{"@type":"ListItem","position":5,"name":"Syst\u00e8me d&rsquo;exp\u00e9dition Cryoport Express\u00ae Cryogenic HV3"}]},{"@type":"WebSite","@id":"https:\/\/www.cryoport.com\/fr\/#website","url":"https:\/\/www.cryoport.com\/fr\/","name":"Cryoport Systems","description":"Enabling the Future of Medicine","publisher":{"@id":"https:\/\/www.cryoport.com\/fr\/#organization"},"potentialAction":[{"@type":"SearchAction","target":{"@type":"EntryPoint","urlTemplate":"https:\/\/www.cryoport.com\/fr\/?s={search_term_string}"},"query-input":{"@type":"PropertyValueSpecification","valueRequired":true,"valueName":"search_term_string"}}],"inLanguage":"fr-FR"},{"@type":"Organization","@id":"https:\/\/www.cryoport.com\/fr\/#organization","name":"Cryoport Systems","url":"https:\/\/www.cryoport.com\/fr\/","logo":{"@type":"ImageObject","inLanguage":"fr-FR","@id":"https:\/\/www.cryoport.com\/fr\/#\/schema\/logo\/image\/","url":"https:\/\/www.cryoport.com\/wp-content\/uploads\/2023\/12\/systems-square.png","contentUrl":"https:\/\/www.cryoport.com\/wp-content\/uploads\/2023\/12\/systems-square.png","width":1200,"height":1200,"caption":"Cryoport Systems"},"image":{"@id":"https:\/\/www.cryoport.com\/fr\/#\/schema\/logo\/image\/"},"sameAs":["https:\/\/x.com\/cryoport","https:\/\/www.linkedin.com\/company\/856887","https:\/\/www.youtube.com\/user\/CryoportVideo"]}]}},"_links":{"self":[{"href":"https:\/\/www.cryoport.com\/fr\/wp-json\/wp\/v2\/pages\/23511","targetHints":{"allow":["GET"]}}],"collection":[{"href":"https:\/\/www.cryoport.com\/fr\/wp-json\/wp\/v2\/pages"}],"about":[{"href":"https:\/\/www.cryoport.com\/fr\/wp-json\/wp\/v2\/types\/page"}],"author":[{"embeddable":true,"href":"https:\/\/www.cryoport.com\/fr\/wp-json\/wp\/v2\/users\/31"}],"replies":[{"embeddable":true,"href":"https:\/\/www.cryoport.com\/fr\/wp-json\/wp\/v2\/comments?post=23511"}],"version-history":[{"count":1,"href":"https:\/\/www.cryoport.com\/fr\/wp-json\/wp\/v2\/pages\/23511\/revisions"}],"predecessor-version":[{"id":25251,"href":"https:\/\/www.cryoport.com\/fr\/wp-json\/wp\/v2\/pages\/23511\/revisions\/25251"}],"up":[{"embeddable":true,"href":"https:\/\/www.cryoport.com\/fr\/wp-json\/wp\/v2\/pages\/23482"}],"wp:featuredmedia":[{"embeddable":true,"href":"https:\/\/www.cryoport.com\/fr\/wp-json\/wp\/v2\/media\/14809"}],"wp:attachment":[{"href":"https:\/\/www.cryoport.com\/fr\/wp-json\/wp\/v2\/media?parent=23511"}],"curies":[{"name":"wp","href":"https:\/\/api.w.org\/{rel}","templated":true}]}}