{"id":23583,"date":"2023-03-30T16:35:58","date_gmt":"2023-03-30T20:35:58","guid":{"rendered":"https:\/\/www.cryoport.com\/accessoires-pour-cryoport\/"},"modified":"2026-02-25T09:05:33","modified_gmt":"2026-02-25T14:05:33","slug":"accessoires-pour-cryoport","status":"publish","type":"page","link":"https:\/\/www.cryoport.com\/fr\/solutions\/systemes-dexpedition\/accessoires-pour-cryoport\/","title":{"rendered":"Accessoires pour cryoport"},"content":{"rendered":"","protected":false},"excerpt":{"rendered":"","protected":false},"author":1,"featured_media":4310,"parent":23640,"menu_order":0,"comment_status":"closed","ping_status":"closed","template":"","meta":{"_acf_changed":false,"footnotes":""},"class_list":["post-23583","page","type-page","status-publish","has-post-thumbnail","hentry"],"acf":[],"yoast_head":"<!-- This site is optimized with the Yoast SEO plugin v27.2 - https:\/\/yoast.com\/product\/yoast-seo-wordpress\/ -->\n<title>Accessoires pour cryoport - Cryoport Systems<\/title>\n<meta name=\"description\" content=\"Cryoport propose des accessoires d&#039;exp\u00e9dition qui assurent la s\u00e9curit\u00e9 de vos produits, notamment Safepak\u00ae, Cryostrap\u00ae et cryovial box.\" \/>\n<meta name=\"robots\" content=\"index, follow, max-snippet:-1, max-image-preview:large, max-video-preview:-1\" \/>\n<link rel=\"canonical\" href=\"https:\/\/www.cryoport.com\/fr\/solutions\/systemes-dexpedition\/accessoires-pour-cryoport\/\" \/>\n<meta property=\"og:locale\" content=\"fr_FR\" \/>\n<meta property=\"og:type\" content=\"article\" \/>\n<meta property=\"og:title\" content=\"Accessoires pour cryoport - Cryoport Systems\" \/>\n<meta property=\"og:description\" content=\"Cryoport propose des accessoires d&#039;exp\u00e9dition qui assurent la s\u00e9curit\u00e9 de vos produits, notamment Safepak\u00ae, Cryostrap\u00ae et cryovial box.\" \/>\n<meta property=\"og:url\" content=\"https:\/\/www.cryoport.com\/fr\/solutions\/systemes-dexpedition\/accessoires-pour-cryoport\/\" \/>\n<meta property=\"og:site_name\" content=\"Cryoport Systems\" \/>\n<meta property=\"article:modified_time\" content=\"2026-02-25T14:05:33+00:00\" \/>\n<meta property=\"og:image\" content=\"https:\/\/www.cryoport.com\/wp-content\/uploads\/2023\/11\/Accessories_header-edited.jpg\" \/>\n\t<meta property=\"og:image:width\" content=\"1920\" \/>\n\t<meta property=\"og:image:height\" content=\"1122\" \/>\n\t<meta property=\"og:image:type\" content=\"image\/jpeg\" \/>\n<meta name=\"twitter:card\" content=\"summary_large_image\" \/>\n<meta name=\"twitter:site\" content=\"@cryoport\" \/>\n<script type=\"application\/ld+json\" class=\"yoast-schema-graph\">{\"@context\":\"https:\/\/schema.org\",\"@graph\":[{\"@type\":\"WebPage\",\"@id\":\"https:\/\/www.cryoport.com\/fr\/solutions\/systemes-dexpedition\/accessoires-pour-cryoport\/\",\"url\":\"https:\/\/www.cryoport.com\/fr\/solutions\/systemes-dexpedition\/accessoires-pour-cryoport\/\",\"name\":\"Accessoires pour cryoport - Cryoport Systems\",\"isPartOf\":{\"@id\":\"https:\/\/www.cryoport.com\/fr\/#website\"},\"primaryImageOfPage\":{\"@id\":\"https:\/\/www.cryoport.com\/fr\/solutions\/systemes-dexpedition\/accessoires-pour-cryoport\/#primaryimage\"},\"image\":{\"@id\":\"https:\/\/www.cryoport.com\/fr\/solutions\/systemes-dexpedition\/accessoires-pour-cryoport\/#primaryimage\"},\"thumbnailUrl\":\"https:\/\/www.cryoport.com\/wp-content\/uploads\/2023\/11\/Accessories_header-edited.jpg\",\"datePublished\":\"2023-03-30T20:35:58+00:00\",\"dateModified\":\"2026-02-25T14:05:33+00:00\",\"description\":\"Cryoport propose des accessoires d'exp\u00e9dition qui assurent la s\u00e9curit\u00e9 de vos produits, notamment Safepak\u00ae, Cryostrap\u00ae et cryovial box.\",\"breadcrumb\":{\"@id\":\"https:\/\/www.cryoport.com\/fr\/solutions\/systemes-dexpedition\/accessoires-pour-cryoport\/#breadcrumb\"},\"inLanguage\":\"fr-FR\",\"potentialAction\":[{\"@type\":\"ReadAction\",\"target\":[\"https:\/\/www.cryoport.com\/fr\/solutions\/systemes-dexpedition\/accessoires-pour-cryoport\/\"]}]},{\"@type\":\"ImageObject\",\"inLanguage\":\"fr-FR\",\"@id\":\"https:\/\/www.cryoport.com\/fr\/solutions\/systemes-dexpedition\/accessoires-pour-cryoport\/#primaryimage\",\"url\":\"https:\/\/www.cryoport.com\/wp-content\/uploads\/2023\/11\/Accessories_header-edited.jpg\",\"contentUrl\":\"https:\/\/www.cryoport.com\/wp-content\/uploads\/2023\/11\/Accessories_header-edited.jpg\",\"width\":1920,\"height\":1122,\"caption\":\"Accessoires pour cryoport\"},{\"@type\":\"BreadcrumbList\",\"@id\":\"https:\/\/www.cryoport.com\/fr\/solutions\/systemes-dexpedition\/accessoires-pour-cryoport\/#breadcrumb\",\"itemListElement\":[{\"@type\":\"ListItem\",\"position\":1,\"name\":\"Home\",\"item\":\"https:\/\/www.cryoport.com\/fr\/homepage\/\"},{\"@type\":\"ListItem\",\"position\":2,\"name\":\"Solutions\",\"item\":\"https:\/\/www.cryoport.com\/fr\/solutions\/\"},{\"@type\":\"ListItem\",\"position\":3,\"name\":\"Syst\u00e8mes d&rsquo;exp\u00e9dition\",\"item\":\"https:\/\/www.cryoport.com\/fr\/solutions\/systemes-dexpedition\/\"},{\"@type\":\"ListItem\",\"position\":4,\"name\":\"Accessoires pour cryoport\"}]},{\"@type\":\"WebSite\",\"@id\":\"https:\/\/www.cryoport.com\/fr\/#website\",\"url\":\"https:\/\/www.cryoport.com\/fr\/\",\"name\":\"Cryoport Systems\",\"description\":\"Enabling the Future of Medicine\",\"publisher\":{\"@id\":\"https:\/\/www.cryoport.com\/fr\/#organization\"},\"potentialAction\":[{\"@type\":\"SearchAction\",\"target\":{\"@type\":\"EntryPoint\",\"urlTemplate\":\"https:\/\/www.cryoport.com\/fr\/?s={search_term_string}\"},\"query-input\":{\"@type\":\"PropertyValueSpecification\",\"valueRequired\":true,\"valueName\":\"search_term_string\"}}],\"inLanguage\":\"fr-FR\"},{\"@type\":\"Organization\",\"@id\":\"https:\/\/www.cryoport.com\/fr\/#organization\",\"name\":\"Cryoport Systems\",\"url\":\"https:\/\/www.cryoport.com\/fr\/\",\"logo\":{\"@type\":\"ImageObject\",\"inLanguage\":\"fr-FR\",\"@id\":\"https:\/\/www.cryoport.com\/fr\/#\/schema\/logo\/image\/\",\"url\":\"https:\/\/www.cryoport.com\/wp-content\/uploads\/2023\/12\/systems-square.png\",\"contentUrl\":\"https:\/\/www.cryoport.com\/wp-content\/uploads\/2023\/12\/systems-square.png\",\"width\":1200,\"height\":1200,\"caption\":\"Cryoport Systems\"},\"image\":{\"@id\":\"https:\/\/www.cryoport.com\/fr\/#\/schema\/logo\/image\/\"},\"sameAs\":[\"https:\/\/x.com\/cryoport\",\"https:\/\/www.linkedin.com\/company\/856887\",\"https:\/\/www.youtube.com\/user\/CryoportVideo\"]}]}<\/script>\n<!-- \/ Yoast SEO plugin. -->","yoast_head_json":{"title":"Accessoires pour cryoport - Cryoport Systems","description":"Cryoport propose des accessoires d'exp\u00e9dition qui assurent la s\u00e9curit\u00e9 de vos produits, notamment Safepak\u00ae, Cryostrap\u00ae et cryovial box.","robots":{"index":"index","follow":"follow","max-snippet":"max-snippet:-1","max-image-preview":"max-image-preview:large","max-video-preview":"max-video-preview:-1"},"canonical":"https:\/\/www.cryoport.com\/fr\/solutions\/systemes-dexpedition\/accessoires-pour-cryoport\/","og_locale":"fr_FR","og_type":"article","og_title":"Accessoires pour cryoport - Cryoport Systems","og_description":"Cryoport propose des accessoires d'exp\u00e9dition qui assurent la s\u00e9curit\u00e9 de vos produits, notamment Safepak\u00ae, Cryostrap\u00ae et cryovial box.","og_url":"https:\/\/www.cryoport.com\/fr\/solutions\/systemes-dexpedition\/accessoires-pour-cryoport\/","og_site_name":"Cryoport Systems","article_modified_time":"2026-02-25T14:05:33+00:00","og_image":[{"width":1920,"height":1122,"url":"https:\/\/www.cryoport.com\/wp-content\/uploads\/2023\/11\/Accessories_header-edited.jpg","type":"image\/jpeg"}],"twitter_card":"summary_large_image","twitter_site":"@cryoport","schema":{"@context":"https:\/\/schema.org","@graph":[{"@type":"WebPage","@id":"https:\/\/www.cryoport.com\/fr\/solutions\/systemes-dexpedition\/accessoires-pour-cryoport\/","url":"https:\/\/www.cryoport.com\/fr\/solutions\/systemes-dexpedition\/accessoires-pour-cryoport\/","name":"Accessoires pour cryoport - Cryoport Systems","isPartOf":{"@id":"https:\/\/www.cryoport.com\/fr\/#website"},"primaryImageOfPage":{"@id":"https:\/\/www.cryoport.com\/fr\/solutions\/systemes-dexpedition\/accessoires-pour-cryoport\/#primaryimage"},"image":{"@id":"https:\/\/www.cryoport.com\/fr\/solutions\/systemes-dexpedition\/accessoires-pour-cryoport\/#primaryimage"},"thumbnailUrl":"https:\/\/www.cryoport.com\/wp-content\/uploads\/2023\/11\/Accessories_header-edited.jpg","datePublished":"2023-03-30T20:35:58+00:00","dateModified":"2026-02-25T14:05:33+00:00","description":"Cryoport propose des accessoires d'exp\u00e9dition qui assurent la s\u00e9curit\u00e9 de vos produits, notamment Safepak\u00ae, Cryostrap\u00ae et cryovial box.","breadcrumb":{"@id":"https:\/\/www.cryoport.com\/fr\/solutions\/systemes-dexpedition\/accessoires-pour-cryoport\/#breadcrumb"},"inLanguage":"fr-FR","potentialAction":[{"@type":"ReadAction","target":["https:\/\/www.cryoport.com\/fr\/solutions\/systemes-dexpedition\/accessoires-pour-cryoport\/"]}]},{"@type":"ImageObject","inLanguage":"fr-FR","@id":"https:\/\/www.cryoport.com\/fr\/solutions\/systemes-dexpedition\/accessoires-pour-cryoport\/#primaryimage","url":"https:\/\/www.cryoport.com\/wp-content\/uploads\/2023\/11\/Accessories_header-edited.jpg","contentUrl":"https:\/\/www.cryoport.com\/wp-content\/uploads\/2023\/11\/Accessories_header-edited.jpg","width":1920,"height":1122,"caption":"Accessoires pour cryoport"},{"@type":"BreadcrumbList","@id":"https:\/\/www.cryoport.com\/fr\/solutions\/systemes-dexpedition\/accessoires-pour-cryoport\/#breadcrumb","itemListElement":[{"@type":"ListItem","position":1,"name":"Home","item":"https:\/\/www.cryoport.com\/fr\/homepage\/"},{"@type":"ListItem","position":2,"name":"Solutions","item":"https:\/\/www.cryoport.com\/fr\/solutions\/"},{"@type":"ListItem","position":3,"name":"Syst\u00e8mes d&rsquo;exp\u00e9dition","item":"https:\/\/www.cryoport.com\/fr\/solutions\/systemes-dexpedition\/"},{"@type":"ListItem","position":4,"name":"Accessoires pour cryoport"}]},{"@type":"WebSite","@id":"https:\/\/www.cryoport.com\/fr\/#website","url":"https:\/\/www.cryoport.com\/fr\/","name":"Cryoport Systems","description":"Enabling the Future of Medicine","publisher":{"@id":"https:\/\/www.cryoport.com\/fr\/#organization"},"potentialAction":[{"@type":"SearchAction","target":{"@type":"EntryPoint","urlTemplate":"https:\/\/www.cryoport.com\/fr\/?s={search_term_string}"},"query-input":{"@type":"PropertyValueSpecification","valueRequired":true,"valueName":"search_term_string"}}],"inLanguage":"fr-FR"},{"@type":"Organization","@id":"https:\/\/www.cryoport.com\/fr\/#organization","name":"Cryoport Systems","url":"https:\/\/www.cryoport.com\/fr\/","logo":{"@type":"ImageObject","inLanguage":"fr-FR","@id":"https:\/\/www.cryoport.com\/fr\/#\/schema\/logo\/image\/","url":"https:\/\/www.cryoport.com\/wp-content\/uploads\/2023\/12\/systems-square.png","contentUrl":"https:\/\/www.cryoport.com\/wp-content\/uploads\/2023\/12\/systems-square.png","width":1200,"height":1200,"caption":"Cryoport Systems"},"image":{"@id":"https:\/\/www.cryoport.com\/fr\/#\/schema\/logo\/image\/"},"sameAs":["https:\/\/x.com\/cryoport","https:\/\/www.linkedin.com\/company\/856887","https:\/\/www.youtube.com\/user\/CryoportVideo"]}]}},"_links":{"self":[{"href":"https:\/\/www.cryoport.com\/fr\/wp-json\/wp\/v2\/pages\/23583","targetHints":{"allow":["GET"]}}],"collection":[{"href":"https:\/\/www.cryoport.com\/fr\/wp-json\/wp\/v2\/pages"}],"about":[{"href":"https:\/\/www.cryoport.com\/fr\/wp-json\/wp\/v2\/types\/page"}],"author":[{"embeddable":true,"href":"https:\/\/www.cryoport.com\/fr\/wp-json\/wp\/v2\/users\/1"}],"replies":[{"embeddable":true,"href":"https:\/\/www.cryoport.com\/fr\/wp-json\/wp\/v2\/comments?post=23583"}],"version-history":[{"count":1,"href":"https:\/\/www.cryoport.com\/fr\/wp-json\/wp\/v2\/pages\/23583\/revisions"}],"predecessor-version":[{"id":23641,"href":"https:\/\/www.cryoport.com\/fr\/wp-json\/wp\/v2\/pages\/23583\/revisions\/23641"}],"up":[{"embeddable":true,"href":"https:\/\/www.cryoport.com\/fr\/wp-json\/wp\/v2\/pages\/23640"}],"wp:featuredmedia":[{"embeddable":true,"href":"https:\/\/www.cryoport.com\/fr\/wp-json\/wp\/v2\/media\/4310"}],"wp:attachment":[{"href":"https:\/\/www.cryoport.com\/fr\/wp-json\/wp\/v2\/media?parent=23583"}],"curies":[{"name":"wp","href":"https:\/\/api.w.org\/{rel}","templated":true}]}}