{"id":23585,"date":"2023-03-30T16:43:39","date_gmt":"2023-03-30T15:43:39","guid":{"rendered":"https:\/\/www.cryoport.com\/evaluation-des-risques-lies-au-transport-maritime-et-qualification-des-voies-de-navigation\/"},"modified":"2026-02-12T14:48:55","modified_gmt":"2026-02-12T19:48:55","slug":"evaluation-des-risques-lies-au-transport-maritime-et-qualification-des-voies-de-navigation","status":"publish","type":"page","link":"https:\/\/www.cryoport.com\/fr\/solutions\/services-de-conseil\/evaluation-des-risques-lies-au-transport-maritime-et-qualification-des-voies-de-navigation\/","title":{"rendered":"\u00c9valuation des risques li\u00e9s au transport maritime et qualification des voies de navigation"},"content":{"rendered":"","protected":false},"excerpt":{"rendered":"","protected":false},"author":1,"featured_media":21985,"parent":23620,"menu_order":0,"comment_status":"closed","ping_status":"closed","template":"","meta":{"_acf_changed":false,"footnotes":""},"class_list":["post-23585","page","type-page","status-publish","has-post-thumbnail","hentry"],"acf":[],"yoast_head":"<!-- This site is optimized with the Yoast SEO plugin v27.4 - https:\/\/yoast.com\/product\/yoast-seo-wordpress\/ -->\n<title>\u00c9valuation des risques li\u00e9s au transport maritime et qualification des voies de navigation - Cryoport Systems<\/title>\n<meta name=\"description\" content=\"Cryoport Systems peut vous fournir une \u00e9valuation compl\u00e8te des risques li\u00e9s \u00e0 l&#039;exp\u00e9dition afin de vous aider \u00e0 prendre des d\u00e9cisions critiques en mati\u00e8re d&#039;exp\u00e9dition. D\u00e9couvrez comment.\" \/>\n<meta name=\"robots\" content=\"index, follow, max-snippet:-1, max-image-preview:large, max-video-preview:-1\" \/>\n<link rel=\"canonical\" href=\"https:\/\/www.cryoport.com\/fr\/solutions\/services-de-conseil\/evaluation-des-risques-lies-au-transport-maritime-et-qualification-des-voies-de-navigation\/\" \/>\n<meta property=\"og:locale\" content=\"fr_FR\" \/>\n<meta property=\"og:type\" content=\"article\" \/>\n<meta property=\"og:title\" content=\"\u00c9valuation des risques li\u00e9s au transport maritime et qualification des voies de navigation - Cryoport Systems\" \/>\n<meta property=\"og:description\" content=\"Cryoport Systems peut vous fournir une \u00e9valuation compl\u00e8te des risques li\u00e9s \u00e0 l&#039;exp\u00e9dition afin de vous aider \u00e0 prendre des d\u00e9cisions critiques en mati\u00e8re d&#039;exp\u00e9dition. D\u00e9couvrez comment.\" \/>\n<meta property=\"og:url\" content=\"https:\/\/www.cryoport.com\/fr\/solutions\/services-de-conseil\/evaluation-des-risques-lies-au-transport-maritime-et-qualification-des-voies-de-navigation\/\" \/>\n<meta property=\"og:site_name\" content=\"Cryoport Systems\" \/>\n<meta property=\"article:modified_time\" content=\"2026-02-12T19:48:55+00:00\" \/>\n<meta property=\"og:image\" content=\"https:\/\/www.cryoport.com\/wp-content\/uploads\/2025\/11\/Risk-Assessments-and-Lane-Quals.png\" \/>\n\t<meta property=\"og:image:width\" content=\"450\" \/>\n\t<meta property=\"og:image:height\" content=\"250\" \/>\n\t<meta property=\"og:image:type\" content=\"image\/png\" \/>\n<meta name=\"twitter:card\" content=\"summary_large_image\" \/>\n<meta name=\"twitter:site\" content=\"@cryoport\" \/>\n<script type=\"application\/ld+json\" class=\"yoast-schema-graph\">{\"@context\":\"https:\\\/\\\/schema.org\",\"@graph\":[{\"@type\":\"WebPage\",\"@id\":\"https:\\\/\\\/www.cryoport.com\\\/fr\\\/solutions\\\/services-de-conseil\\\/evaluation-des-risques-lies-au-transport-maritime-et-qualification-des-voies-de-navigation\\\/\",\"url\":\"https:\\\/\\\/www.cryoport.com\\\/fr\\\/solutions\\\/services-de-conseil\\\/evaluation-des-risques-lies-au-transport-maritime-et-qualification-des-voies-de-navigation\\\/\",\"name\":\"\u00c9valuation des risques li\u00e9s au transport maritime et qualification des voies de navigation - Cryoport Systems\",\"isPartOf\":{\"@id\":\"https:\\\/\\\/www.cryoport.com\\\/fr\\\/#website\"},\"primaryImageOfPage\":{\"@id\":\"https:\\\/\\\/www.cryoport.com\\\/fr\\\/solutions\\\/services-de-conseil\\\/evaluation-des-risques-lies-au-transport-maritime-et-qualification-des-voies-de-navigation\\\/#primaryimage\"},\"image\":{\"@id\":\"https:\\\/\\\/www.cryoport.com\\\/fr\\\/solutions\\\/services-de-conseil\\\/evaluation-des-risques-lies-au-transport-maritime-et-qualification-des-voies-de-navigation\\\/#primaryimage\"},\"thumbnailUrl\":\"https:\\\/\\\/www.cryoport.com\\\/wp-content\\\/uploads\\\/2025\\\/11\\\/Risk-Assessments-and-Lane-Quals.png\",\"datePublished\":\"2023-03-30T15:43:39+00:00\",\"dateModified\":\"2026-02-12T19:48:55+00:00\",\"description\":\"Cryoport Systems peut vous fournir une \u00e9valuation compl\u00e8te des risques li\u00e9s \u00e0 l'exp\u00e9dition afin de vous aider \u00e0 prendre des d\u00e9cisions critiques en mati\u00e8re d'exp\u00e9dition. D\u00e9couvrez comment.\",\"breadcrumb\":{\"@id\":\"https:\\\/\\\/www.cryoport.com\\\/fr\\\/solutions\\\/services-de-conseil\\\/evaluation-des-risques-lies-au-transport-maritime-et-qualification-des-voies-de-navigation\\\/#breadcrumb\"},\"inLanguage\":\"fr-FR\",\"potentialAction\":[{\"@type\":\"ReadAction\",\"target\":[\"https:\\\/\\\/www.cryoport.com\\\/fr\\\/solutions\\\/services-de-conseil\\\/evaluation-des-risques-lies-au-transport-maritime-et-qualification-des-voies-de-navigation\\\/\"]}]},{\"@type\":\"ImageObject\",\"inLanguage\":\"fr-FR\",\"@id\":\"https:\\\/\\\/www.cryoport.com\\\/fr\\\/solutions\\\/services-de-conseil\\\/evaluation-des-risques-lies-au-transport-maritime-et-qualification-des-voies-de-navigation\\\/#primaryimage\",\"url\":\"https:\\\/\\\/www.cryoport.com\\\/wp-content\\\/uploads\\\/2025\\\/11\\\/Risk-Assessments-and-Lane-Quals.png\",\"contentUrl\":\"https:\\\/\\\/www.cryoport.com\\\/wp-content\\\/uploads\\\/2025\\\/11\\\/Risk-Assessments-and-Lane-Quals.png\",\"width\":450,\"height\":250},{\"@type\":\"BreadcrumbList\",\"@id\":\"https:\\\/\\\/www.cryoport.com\\\/fr\\\/solutions\\\/services-de-conseil\\\/evaluation-des-risques-lies-au-transport-maritime-et-qualification-des-voies-de-navigation\\\/#breadcrumb\",\"itemListElement\":[{\"@type\":\"ListItem\",\"position\":1,\"name\":\"Home\",\"item\":\"https:\\\/\\\/www.cryoport.com\\\/fr\\\/homepage\\\/\"},{\"@type\":\"ListItem\",\"position\":2,\"name\":\"Solutions\",\"item\":\"https:\\\/\\\/www.cryoport.com\\\/fr\\\/solutions\\\/\"},{\"@type\":\"ListItem\",\"position\":3,\"name\":\"Services de conseil\",\"item\":\"https:\\\/\\\/www.cryoport.com\\\/fr\\\/solutions\\\/services-de-conseil\\\/\"},{\"@type\":\"ListItem\",\"position\":4,\"name\":\"\u00c9valuation des risques li\u00e9s au transport maritime et qualification des voies de navigation\"}]},{\"@type\":\"WebSite\",\"@id\":\"https:\\\/\\\/www.cryoport.com\\\/fr\\\/#website\",\"url\":\"https:\\\/\\\/www.cryoport.com\\\/fr\\\/\",\"name\":\"Cryoport Systems\",\"description\":\"Enabling the Future of Medicine\",\"publisher\":{\"@id\":\"https:\\\/\\\/www.cryoport.com\\\/fr\\\/#organization\"},\"potentialAction\":[{\"@type\":\"SearchAction\",\"target\":{\"@type\":\"EntryPoint\",\"urlTemplate\":\"https:\\\/\\\/www.cryoport.com\\\/fr\\\/?s={search_term_string}\"},\"query-input\":{\"@type\":\"PropertyValueSpecification\",\"valueRequired\":true,\"valueName\":\"search_term_string\"}}],\"inLanguage\":\"fr-FR\"},{\"@type\":\"Organization\",\"@id\":\"https:\\\/\\\/www.cryoport.com\\\/fr\\\/#organization\",\"name\":\"Cryoport Systems\",\"url\":\"https:\\\/\\\/www.cryoport.com\\\/fr\\\/\",\"logo\":{\"@type\":\"ImageObject\",\"inLanguage\":\"fr-FR\",\"@id\":\"https:\\\/\\\/www.cryoport.com\\\/fr\\\/#\\\/schema\\\/logo\\\/image\\\/\",\"url\":\"https:\\\/\\\/www.cryoport.com\\\/wp-content\\\/uploads\\\/2023\\\/12\\\/systems-square.png\",\"contentUrl\":\"https:\\\/\\\/www.cryoport.com\\\/wp-content\\\/uploads\\\/2023\\\/12\\\/systems-square.png\",\"width\":1200,\"height\":1200,\"caption\":\"Cryoport Systems\"},\"image\":{\"@id\":\"https:\\\/\\\/www.cryoport.com\\\/fr\\\/#\\\/schema\\\/logo\\\/image\\\/\"},\"sameAs\":[\"https:\\\/\\\/x.com\\\/cryoport\",\"https:\\\/\\\/www.linkedin.com\\\/company\\\/856887\",\"https:\\\/\\\/www.youtube.com\\\/user\\\/CryoportVideo\"]}]}<\/script>\n<!-- \/ Yoast SEO plugin. -->","yoast_head_json":{"title":"\u00c9valuation des risques li\u00e9s au transport maritime et qualification des voies de navigation - Cryoport Systems","description":"Cryoport Systems peut vous fournir une \u00e9valuation compl\u00e8te des risques li\u00e9s \u00e0 l'exp\u00e9dition afin de vous aider \u00e0 prendre des d\u00e9cisions critiques en mati\u00e8re d'exp\u00e9dition. D\u00e9couvrez comment.","robots":{"index":"index","follow":"follow","max-snippet":"max-snippet:-1","max-image-preview":"max-image-preview:large","max-video-preview":"max-video-preview:-1"},"canonical":"https:\/\/www.cryoport.com\/fr\/solutions\/services-de-conseil\/evaluation-des-risques-lies-au-transport-maritime-et-qualification-des-voies-de-navigation\/","og_locale":"fr_FR","og_type":"article","og_title":"\u00c9valuation des risques li\u00e9s au transport maritime et qualification des voies de navigation - Cryoport Systems","og_description":"Cryoport Systems peut vous fournir une \u00e9valuation compl\u00e8te des risques li\u00e9s \u00e0 l'exp\u00e9dition afin de vous aider \u00e0 prendre des d\u00e9cisions critiques en mati\u00e8re d'exp\u00e9dition. D\u00e9couvrez comment.","og_url":"https:\/\/www.cryoport.com\/fr\/solutions\/services-de-conseil\/evaluation-des-risques-lies-au-transport-maritime-et-qualification-des-voies-de-navigation\/","og_site_name":"Cryoport Systems","article_modified_time":"2026-02-12T19:48:55+00:00","og_image":[{"width":450,"height":250,"url":"https:\/\/www.cryoport.com\/wp-content\/uploads\/2025\/11\/Risk-Assessments-and-Lane-Quals.png","type":"image\/png"}],"twitter_card":"summary_large_image","twitter_site":"@cryoport","schema":{"@context":"https:\/\/schema.org","@graph":[{"@type":"WebPage","@id":"https:\/\/www.cryoport.com\/fr\/solutions\/services-de-conseil\/evaluation-des-risques-lies-au-transport-maritime-et-qualification-des-voies-de-navigation\/","url":"https:\/\/www.cryoport.com\/fr\/solutions\/services-de-conseil\/evaluation-des-risques-lies-au-transport-maritime-et-qualification-des-voies-de-navigation\/","name":"\u00c9valuation des risques li\u00e9s au transport maritime et qualification des voies de navigation - Cryoport Systems","isPartOf":{"@id":"https:\/\/www.cryoport.com\/fr\/#website"},"primaryImageOfPage":{"@id":"https:\/\/www.cryoport.com\/fr\/solutions\/services-de-conseil\/evaluation-des-risques-lies-au-transport-maritime-et-qualification-des-voies-de-navigation\/#primaryimage"},"image":{"@id":"https:\/\/www.cryoport.com\/fr\/solutions\/services-de-conseil\/evaluation-des-risques-lies-au-transport-maritime-et-qualification-des-voies-de-navigation\/#primaryimage"},"thumbnailUrl":"https:\/\/www.cryoport.com\/wp-content\/uploads\/2025\/11\/Risk-Assessments-and-Lane-Quals.png","datePublished":"2023-03-30T15:43:39+00:00","dateModified":"2026-02-12T19:48:55+00:00","description":"Cryoport Systems peut vous fournir une \u00e9valuation compl\u00e8te des risques li\u00e9s \u00e0 l'exp\u00e9dition afin de vous aider \u00e0 prendre des d\u00e9cisions critiques en mati\u00e8re d'exp\u00e9dition. D\u00e9couvrez comment.","breadcrumb":{"@id":"https:\/\/www.cryoport.com\/fr\/solutions\/services-de-conseil\/evaluation-des-risques-lies-au-transport-maritime-et-qualification-des-voies-de-navigation\/#breadcrumb"},"inLanguage":"fr-FR","potentialAction":[{"@type":"ReadAction","target":["https:\/\/www.cryoport.com\/fr\/solutions\/services-de-conseil\/evaluation-des-risques-lies-au-transport-maritime-et-qualification-des-voies-de-navigation\/"]}]},{"@type":"ImageObject","inLanguage":"fr-FR","@id":"https:\/\/www.cryoport.com\/fr\/solutions\/services-de-conseil\/evaluation-des-risques-lies-au-transport-maritime-et-qualification-des-voies-de-navigation\/#primaryimage","url":"https:\/\/www.cryoport.com\/wp-content\/uploads\/2025\/11\/Risk-Assessments-and-Lane-Quals.png","contentUrl":"https:\/\/www.cryoport.com\/wp-content\/uploads\/2025\/11\/Risk-Assessments-and-Lane-Quals.png","width":450,"height":250},{"@type":"BreadcrumbList","@id":"https:\/\/www.cryoport.com\/fr\/solutions\/services-de-conseil\/evaluation-des-risques-lies-au-transport-maritime-et-qualification-des-voies-de-navigation\/#breadcrumb","itemListElement":[{"@type":"ListItem","position":1,"name":"Home","item":"https:\/\/www.cryoport.com\/fr\/homepage\/"},{"@type":"ListItem","position":2,"name":"Solutions","item":"https:\/\/www.cryoport.com\/fr\/solutions\/"},{"@type":"ListItem","position":3,"name":"Services de conseil","item":"https:\/\/www.cryoport.com\/fr\/solutions\/services-de-conseil\/"},{"@type":"ListItem","position":4,"name":"\u00c9valuation des risques li\u00e9s au transport maritime et qualification des voies de navigation"}]},{"@type":"WebSite","@id":"https:\/\/www.cryoport.com\/fr\/#website","url":"https:\/\/www.cryoport.com\/fr\/","name":"Cryoport Systems","description":"Enabling the Future of Medicine","publisher":{"@id":"https:\/\/www.cryoport.com\/fr\/#organization"},"potentialAction":[{"@type":"SearchAction","target":{"@type":"EntryPoint","urlTemplate":"https:\/\/www.cryoport.com\/fr\/?s={search_term_string}"},"query-input":{"@type":"PropertyValueSpecification","valueRequired":true,"valueName":"search_term_string"}}],"inLanguage":"fr-FR"},{"@type":"Organization","@id":"https:\/\/www.cryoport.com\/fr\/#organization","name":"Cryoport Systems","url":"https:\/\/www.cryoport.com\/fr\/","logo":{"@type":"ImageObject","inLanguage":"fr-FR","@id":"https:\/\/www.cryoport.com\/fr\/#\/schema\/logo\/image\/","url":"https:\/\/www.cryoport.com\/wp-content\/uploads\/2023\/12\/systems-square.png","contentUrl":"https:\/\/www.cryoport.com\/wp-content\/uploads\/2023\/12\/systems-square.png","width":1200,"height":1200,"caption":"Cryoport Systems"},"image":{"@id":"https:\/\/www.cryoport.com\/fr\/#\/schema\/logo\/image\/"},"sameAs":["https:\/\/x.com\/cryoport","https:\/\/www.linkedin.com\/company\/856887","https:\/\/www.youtube.com\/user\/CryoportVideo"]}]}},"_links":{"self":[{"href":"https:\/\/www.cryoport.com\/fr\/wp-json\/wp\/v2\/pages\/23585","targetHints":{"allow":["GET"]}}],"collection":[{"href":"https:\/\/www.cryoport.com\/fr\/wp-json\/wp\/v2\/pages"}],"about":[{"href":"https:\/\/www.cryoport.com\/fr\/wp-json\/wp\/v2\/types\/page"}],"author":[{"embeddable":true,"href":"https:\/\/www.cryoport.com\/fr\/wp-json\/wp\/v2\/users\/1"}],"replies":[{"embeddable":true,"href":"https:\/\/www.cryoport.com\/fr\/wp-json\/wp\/v2\/comments?post=23585"}],"version-history":[{"count":1,"href":"https:\/\/www.cryoport.com\/fr\/wp-json\/wp\/v2\/pages\/23585\/revisions"}],"predecessor-version":[{"id":23623,"href":"https:\/\/www.cryoport.com\/fr\/wp-json\/wp\/v2\/pages\/23585\/revisions\/23623"}],"up":[{"embeddable":true,"href":"https:\/\/www.cryoport.com\/fr\/wp-json\/wp\/v2\/pages\/23620"}],"wp:featuredmedia":[{"embeddable":true,"href":"https:\/\/www.cryoport.com\/fr\/wp-json\/wp\/v2\/media\/21985"}],"wp:attachment":[{"href":"https:\/\/www.cryoport.com\/fr\/wp-json\/wp\/v2\/media?parent=23585"}],"curies":[{"name":"wp","href":"https:\/\/api.w.org\/{rel}","templated":true}]}}