{"id":23608,"date":"2023-02-23T18:18:39","date_gmt":"2023-02-23T18:18:39","guid":{"rendered":"https:\/\/www.cryoport.com\/kit-de-production\/"},"modified":"2026-02-12T14:54:41","modified_gmt":"2026-02-12T19:54:41","slug":"kit-de-production","status":"publish","type":"page","link":"https:\/\/www.cryoport.com\/fr\/solutions\/bioservices\/kit-de-production\/","title":{"rendered":"Kit de production"},"content":{"rendered":"","protected":false},"excerpt":{"rendered":"","protected":false},"author":1,"featured_media":21642,"parent":23627,"menu_order":0,"comment_status":"closed","ping_status":"closed","template":"","meta":{"_acf_changed":false,"footnotes":""},"class_list":["post-23608","page","type-page","status-publish","has-post-thumbnail","hentry"],"acf":[],"yoast_head":"<!-- This site is optimized with the Yoast SEO plugin v27.2 - https:\/\/yoast.com\/product\/yoast-seo-wordpress\/ -->\n<title>Kit de production - Cryoport Systems<\/title>\n<meta name=\"description\" content=\"Nos op\u00e9rations de production de kits peuvent concevoir des kits personnalis\u00e9s avec des fournitures cliniques et non cliniques \u00e0 n&#039;importe quelle temp\u00e9rature, y compris cryog\u00e9nique.\" \/>\n<meta name=\"robots\" content=\"index, follow, max-snippet:-1, max-image-preview:large, max-video-preview:-1\" \/>\n<link rel=\"canonical\" href=\"https:\/\/www.cryoport.com\/fr\/solutions\/bioservices\/kit-de-production\/\" \/>\n<meta property=\"og:locale\" content=\"fr_FR\" \/>\n<meta property=\"og:type\" content=\"article\" \/>\n<meta property=\"og:title\" content=\"Kit de production - Cryoport Systems\" \/>\n<meta property=\"og:description\" content=\"Nos op\u00e9rations de production de kits peuvent concevoir des kits personnalis\u00e9s avec des fournitures cliniques et non cliniques \u00e0 n&#039;importe quelle temp\u00e9rature, y compris cryog\u00e9nique.\" \/>\n<meta property=\"og:url\" content=\"https:\/\/www.cryoport.com\/fr\/solutions\/bioservices\/kit-de-production\/\" \/>\n<meta property=\"og:site_name\" content=\"Cryoport Systems\" \/>\n<meta property=\"article:modified_time\" content=\"2026-02-12T19:54:41+00:00\" \/>\n<meta property=\"og:image\" content=\"https:\/\/www.cryoport.com\/wp-content\/uploads\/2025\/11\/Kit-Production.png\" \/>\n\t<meta property=\"og:image:width\" content=\"450\" \/>\n\t<meta property=\"og:image:height\" content=\"250\" \/>\n\t<meta property=\"og:image:type\" content=\"image\/png\" \/>\n<meta name=\"twitter:card\" content=\"summary_large_image\" \/>\n<meta name=\"twitter:site\" content=\"@cryoport\" \/>\n<script type=\"application\/ld+json\" class=\"yoast-schema-graph\">{\"@context\":\"https:\/\/schema.org\",\"@graph\":[{\"@type\":\"WebPage\",\"@id\":\"https:\/\/www.cryoport.com\/fr\/solutions\/bioservices\/kit-de-production\/\",\"url\":\"https:\/\/www.cryoport.com\/fr\/solutions\/bioservices\/kit-de-production\/\",\"name\":\"Kit de production - Cryoport Systems\",\"isPartOf\":{\"@id\":\"https:\/\/www.cryoport.com\/fr\/#website\"},\"primaryImageOfPage\":{\"@id\":\"https:\/\/www.cryoport.com\/fr\/solutions\/bioservices\/kit-de-production\/#primaryimage\"},\"image\":{\"@id\":\"https:\/\/www.cryoport.com\/fr\/solutions\/bioservices\/kit-de-production\/#primaryimage\"},\"thumbnailUrl\":\"https:\/\/www.cryoport.com\/wp-content\/uploads\/2025\/11\/Kit-Production.png\",\"datePublished\":\"2023-02-23T18:18:39+00:00\",\"dateModified\":\"2026-02-12T19:54:41+00:00\",\"description\":\"Nos op\u00e9rations de production de kits peuvent concevoir des kits personnalis\u00e9s avec des fournitures cliniques et non cliniques \u00e0 n'importe quelle temp\u00e9rature, y compris cryog\u00e9nique.\",\"breadcrumb\":{\"@id\":\"https:\/\/www.cryoport.com\/fr\/solutions\/bioservices\/kit-de-production\/#breadcrumb\"},\"inLanguage\":\"fr-FR\",\"potentialAction\":[{\"@type\":\"ReadAction\",\"target\":[\"https:\/\/www.cryoport.com\/fr\/solutions\/bioservices\/kit-de-production\/\"]}]},{\"@type\":\"ImageObject\",\"inLanguage\":\"fr-FR\",\"@id\":\"https:\/\/www.cryoport.com\/fr\/solutions\/bioservices\/kit-de-production\/#primaryimage\",\"url\":\"https:\/\/www.cryoport.com\/wp-content\/uploads\/2025\/11\/Kit-Production.png\",\"contentUrl\":\"https:\/\/www.cryoport.com\/wp-content\/uploads\/2025\/11\/Kit-Production.png\",\"width\":450,\"height\":250},{\"@type\":\"BreadcrumbList\",\"@id\":\"https:\/\/www.cryoport.com\/fr\/solutions\/bioservices\/kit-de-production\/#breadcrumb\",\"itemListElement\":[{\"@type\":\"ListItem\",\"position\":1,\"name\":\"Home\",\"item\":\"https:\/\/www.cryoport.com\/fr\/homepage\/\"},{\"@type\":\"ListItem\",\"position\":2,\"name\":\"Solutions\",\"item\":\"https:\/\/www.cryoport.com\/fr\/solutions\/\"},{\"@type\":\"ListItem\",\"position\":3,\"name\":\"BioServices\",\"item\":\"https:\/\/www.cryoport.com\/fr\/solutions\/bioservices\/\"},{\"@type\":\"ListItem\",\"position\":4,\"name\":\"Kit de production\"}]},{\"@type\":\"WebSite\",\"@id\":\"https:\/\/www.cryoport.com\/fr\/#website\",\"url\":\"https:\/\/www.cryoport.com\/fr\/\",\"name\":\"Cryoport Systems\",\"description\":\"Enabling the Future of Medicine\",\"publisher\":{\"@id\":\"https:\/\/www.cryoport.com\/fr\/#organization\"},\"potentialAction\":[{\"@type\":\"SearchAction\",\"target\":{\"@type\":\"EntryPoint\",\"urlTemplate\":\"https:\/\/www.cryoport.com\/fr\/?s={search_term_string}\"},\"query-input\":{\"@type\":\"PropertyValueSpecification\",\"valueRequired\":true,\"valueName\":\"search_term_string\"}}],\"inLanguage\":\"fr-FR\"},{\"@type\":\"Organization\",\"@id\":\"https:\/\/www.cryoport.com\/fr\/#organization\",\"name\":\"Cryoport Systems\",\"url\":\"https:\/\/www.cryoport.com\/fr\/\",\"logo\":{\"@type\":\"ImageObject\",\"inLanguage\":\"fr-FR\",\"@id\":\"https:\/\/www.cryoport.com\/fr\/#\/schema\/logo\/image\/\",\"url\":\"https:\/\/www.cryoport.com\/wp-content\/uploads\/2023\/12\/systems-square.png\",\"contentUrl\":\"https:\/\/www.cryoport.com\/wp-content\/uploads\/2023\/12\/systems-square.png\",\"width\":1200,\"height\":1200,\"caption\":\"Cryoport Systems\"},\"image\":{\"@id\":\"https:\/\/www.cryoport.com\/fr\/#\/schema\/logo\/image\/\"},\"sameAs\":[\"https:\/\/x.com\/cryoport\",\"https:\/\/www.linkedin.com\/company\/856887\",\"https:\/\/www.youtube.com\/user\/CryoportVideo\"]}]}<\/script>\n<!-- \/ Yoast SEO plugin. -->","yoast_head_json":{"title":"Kit de production - Cryoport Systems","description":"Nos op\u00e9rations de production de kits peuvent concevoir des kits personnalis\u00e9s avec des fournitures cliniques et non cliniques \u00e0 n'importe quelle temp\u00e9rature, y compris cryog\u00e9nique.","robots":{"index":"index","follow":"follow","max-snippet":"max-snippet:-1","max-image-preview":"max-image-preview:large","max-video-preview":"max-video-preview:-1"},"canonical":"https:\/\/www.cryoport.com\/fr\/solutions\/bioservices\/kit-de-production\/","og_locale":"fr_FR","og_type":"article","og_title":"Kit de production - Cryoport Systems","og_description":"Nos op\u00e9rations de production de kits peuvent concevoir des kits personnalis\u00e9s avec des fournitures cliniques et non cliniques \u00e0 n'importe quelle temp\u00e9rature, y compris cryog\u00e9nique.","og_url":"https:\/\/www.cryoport.com\/fr\/solutions\/bioservices\/kit-de-production\/","og_site_name":"Cryoport Systems","article_modified_time":"2026-02-12T19:54:41+00:00","og_image":[{"width":450,"height":250,"url":"https:\/\/www.cryoport.com\/wp-content\/uploads\/2025\/11\/Kit-Production.png","type":"image\/png"}],"twitter_card":"summary_large_image","twitter_site":"@cryoport","schema":{"@context":"https:\/\/schema.org","@graph":[{"@type":"WebPage","@id":"https:\/\/www.cryoport.com\/fr\/solutions\/bioservices\/kit-de-production\/","url":"https:\/\/www.cryoport.com\/fr\/solutions\/bioservices\/kit-de-production\/","name":"Kit de production - Cryoport Systems","isPartOf":{"@id":"https:\/\/www.cryoport.com\/fr\/#website"},"primaryImageOfPage":{"@id":"https:\/\/www.cryoport.com\/fr\/solutions\/bioservices\/kit-de-production\/#primaryimage"},"image":{"@id":"https:\/\/www.cryoport.com\/fr\/solutions\/bioservices\/kit-de-production\/#primaryimage"},"thumbnailUrl":"https:\/\/www.cryoport.com\/wp-content\/uploads\/2025\/11\/Kit-Production.png","datePublished":"2023-02-23T18:18:39+00:00","dateModified":"2026-02-12T19:54:41+00:00","description":"Nos op\u00e9rations de production de kits peuvent concevoir des kits personnalis\u00e9s avec des fournitures cliniques et non cliniques \u00e0 n'importe quelle temp\u00e9rature, y compris cryog\u00e9nique.","breadcrumb":{"@id":"https:\/\/www.cryoport.com\/fr\/solutions\/bioservices\/kit-de-production\/#breadcrumb"},"inLanguage":"fr-FR","potentialAction":[{"@type":"ReadAction","target":["https:\/\/www.cryoport.com\/fr\/solutions\/bioservices\/kit-de-production\/"]}]},{"@type":"ImageObject","inLanguage":"fr-FR","@id":"https:\/\/www.cryoport.com\/fr\/solutions\/bioservices\/kit-de-production\/#primaryimage","url":"https:\/\/www.cryoport.com\/wp-content\/uploads\/2025\/11\/Kit-Production.png","contentUrl":"https:\/\/www.cryoport.com\/wp-content\/uploads\/2025\/11\/Kit-Production.png","width":450,"height":250},{"@type":"BreadcrumbList","@id":"https:\/\/www.cryoport.com\/fr\/solutions\/bioservices\/kit-de-production\/#breadcrumb","itemListElement":[{"@type":"ListItem","position":1,"name":"Home","item":"https:\/\/www.cryoport.com\/fr\/homepage\/"},{"@type":"ListItem","position":2,"name":"Solutions","item":"https:\/\/www.cryoport.com\/fr\/solutions\/"},{"@type":"ListItem","position":3,"name":"BioServices","item":"https:\/\/www.cryoport.com\/fr\/solutions\/bioservices\/"},{"@type":"ListItem","position":4,"name":"Kit de production"}]},{"@type":"WebSite","@id":"https:\/\/www.cryoport.com\/fr\/#website","url":"https:\/\/www.cryoport.com\/fr\/","name":"Cryoport Systems","description":"Enabling the Future of Medicine","publisher":{"@id":"https:\/\/www.cryoport.com\/fr\/#organization"},"potentialAction":[{"@type":"SearchAction","target":{"@type":"EntryPoint","urlTemplate":"https:\/\/www.cryoport.com\/fr\/?s={search_term_string}"},"query-input":{"@type":"PropertyValueSpecification","valueRequired":true,"valueName":"search_term_string"}}],"inLanguage":"fr-FR"},{"@type":"Organization","@id":"https:\/\/www.cryoport.com\/fr\/#organization","name":"Cryoport Systems","url":"https:\/\/www.cryoport.com\/fr\/","logo":{"@type":"ImageObject","inLanguage":"fr-FR","@id":"https:\/\/www.cryoport.com\/fr\/#\/schema\/logo\/image\/","url":"https:\/\/www.cryoport.com\/wp-content\/uploads\/2023\/12\/systems-square.png","contentUrl":"https:\/\/www.cryoport.com\/wp-content\/uploads\/2023\/12\/systems-square.png","width":1200,"height":1200,"caption":"Cryoport Systems"},"image":{"@id":"https:\/\/www.cryoport.com\/fr\/#\/schema\/logo\/image\/"},"sameAs":["https:\/\/x.com\/cryoport","https:\/\/www.linkedin.com\/company\/856887","https:\/\/www.youtube.com\/user\/CryoportVideo"]}]}},"_links":{"self":[{"href":"https:\/\/www.cryoport.com\/fr\/wp-json\/wp\/v2\/pages\/23608","targetHints":{"allow":["GET"]}}],"collection":[{"href":"https:\/\/www.cryoport.com\/fr\/wp-json\/wp\/v2\/pages"}],"about":[{"href":"https:\/\/www.cryoport.com\/fr\/wp-json\/wp\/v2\/types\/page"}],"author":[{"embeddable":true,"href":"https:\/\/www.cryoport.com\/fr\/wp-json\/wp\/v2\/users\/1"}],"replies":[{"embeddable":true,"href":"https:\/\/www.cryoport.com\/fr\/wp-json\/wp\/v2\/comments?post=23608"}],"version-history":[{"count":1,"href":"https:\/\/www.cryoport.com\/fr\/wp-json\/wp\/v2\/pages\/23608\/revisions"}],"predecessor-version":[{"id":23631,"href":"https:\/\/www.cryoport.com\/fr\/wp-json\/wp\/v2\/pages\/23608\/revisions\/23631"}],"up":[{"embeddable":true,"href":"https:\/\/www.cryoport.com\/fr\/wp-json\/wp\/v2\/pages\/23627"}],"wp:featuredmedia":[{"embeddable":true,"href":"https:\/\/www.cryoport.com\/fr\/wp-json\/wp\/v2\/media\/21642"}],"wp:attachment":[{"href":"https:\/\/www.cryoport.com\/fr\/wp-json\/wp\/v2\/media?parent=23608"}],"curies":[{"name":"wp","href":"https:\/\/api.w.org\/{rel}","templated":true}]}}