{"id":23657,"date":"2023-02-23T14:58:24","date_gmt":"2023-02-23T14:58:24","guid":{"rendered":"https:\/\/www.cryoport.com\/expertise-sectorielle\/produits-biologiques\/"},"modified":"2026-02-12T14:54:34","modified_gmt":"2026-02-12T19:54:34","slug":"produits-biologiques","status":"publish","type":"page","link":"https:\/\/www.cryoport.com\/fr\/expertise-sectorielle\/produits-biologiques\/","title":{"rendered":"Produits biologiques"},"content":{"rendered":"","protected":false},"excerpt":{"rendered":"","protected":false},"author":1,"featured_media":21847,"parent":23649,"menu_order":0,"comment_status":"closed","ping_status":"closed","template":"","meta":{"_acf_changed":false,"footnotes":""},"class_list":["post-23657","page","type-page","status-publish","has-post-thumbnail","hentry"],"acf":[],"yoast_head":"<!-- This site is optimized with the Yoast SEO plugin v27.4 - https:\/\/yoast.com\/product\/yoast-seo-wordpress\/ -->\n<title>Produits biologiques - Cryoport Systems<\/title>\n<meta name=\"description\" content=\"Vous pouvez \u00eatre confront\u00e9 \u00e0 de nombreux d\u00e9fis lors de l&#039;exp\u00e9dition de produits biologiques. D\u00e9couvrez comment Cryoport Systems peut vous aider gr\u00e2ce \u00e0 notre plateforme de services de r\u00e9duction des risques.\" \/>\n<meta name=\"robots\" content=\"index, follow, max-snippet:-1, max-image-preview:large, max-video-preview:-1\" \/>\n<link rel=\"canonical\" href=\"https:\/\/www.cryoport.com\/fr\/expertise-sectorielle\/produits-biologiques\/\" \/>\n<meta property=\"og:locale\" content=\"fr_FR\" \/>\n<meta property=\"og:type\" content=\"article\" \/>\n<meta property=\"og:title\" content=\"Produits biologiques - Cryoport Systems\" \/>\n<meta property=\"og:description\" content=\"Vous pouvez \u00eatre confront\u00e9 \u00e0 de nombreux d\u00e9fis lors de l&#039;exp\u00e9dition de produits biologiques. D\u00e9couvrez comment Cryoport Systems peut vous aider gr\u00e2ce \u00e0 notre plateforme de services de r\u00e9duction des risques.\" \/>\n<meta property=\"og:url\" content=\"https:\/\/www.cryoport.com\/fr\/expertise-sectorielle\/produits-biologiques\/\" \/>\n<meta property=\"og:site_name\" content=\"Cryoport Systems\" \/>\n<meta property=\"article:modified_time\" content=\"2026-02-12T19:54:34+00:00\" \/>\n<meta property=\"og:image\" content=\"https:\/\/www.cryoport.com\/wp-content\/uploads\/2025\/11\/Biologics.png\" \/>\n\t<meta property=\"og:image:width\" content=\"450\" \/>\n\t<meta property=\"og:image:height\" content=\"250\" \/>\n\t<meta property=\"og:image:type\" content=\"image\/png\" \/>\n<meta name=\"twitter:card\" content=\"summary_large_image\" \/>\n<meta name=\"twitter:site\" content=\"@cryoport\" \/>\n<script type=\"application\/ld+json\" class=\"yoast-schema-graph\">{\"@context\":\"https:\\\/\\\/schema.org\",\"@graph\":[{\"@type\":\"WebPage\",\"@id\":\"https:\\\/\\\/www.cryoport.com\\\/fr\\\/expertise-sectorielle\\\/produits-biologiques\\\/\",\"url\":\"https:\\\/\\\/www.cryoport.com\\\/fr\\\/expertise-sectorielle\\\/produits-biologiques\\\/\",\"name\":\"Produits biologiques - Cryoport Systems\",\"isPartOf\":{\"@id\":\"https:\\\/\\\/www.cryoport.com\\\/fr\\\/#website\"},\"primaryImageOfPage\":{\"@id\":\"https:\\\/\\\/www.cryoport.com\\\/fr\\\/expertise-sectorielle\\\/produits-biologiques\\\/#primaryimage\"},\"image\":{\"@id\":\"https:\\\/\\\/www.cryoport.com\\\/fr\\\/expertise-sectorielle\\\/produits-biologiques\\\/#primaryimage\"},\"thumbnailUrl\":\"https:\\\/\\\/www.cryoport.com\\\/wp-content\\\/uploads\\\/2025\\\/11\\\/Biologics.png\",\"datePublished\":\"2023-02-23T14:58:24+00:00\",\"dateModified\":\"2026-02-12T19:54:34+00:00\",\"description\":\"Vous pouvez \u00eatre confront\u00e9 \u00e0 de nombreux d\u00e9fis lors de l'exp\u00e9dition de produits biologiques. D\u00e9couvrez comment Cryoport Systems peut vous aider gr\u00e2ce \u00e0 notre plateforme de services de r\u00e9duction des risques.\",\"breadcrumb\":{\"@id\":\"https:\\\/\\\/www.cryoport.com\\\/fr\\\/expertise-sectorielle\\\/produits-biologiques\\\/#breadcrumb\"},\"inLanguage\":\"fr-FR\",\"potentialAction\":[{\"@type\":\"ReadAction\",\"target\":[\"https:\\\/\\\/www.cryoport.com\\\/fr\\\/expertise-sectorielle\\\/produits-biologiques\\\/\"]}]},{\"@type\":\"ImageObject\",\"inLanguage\":\"fr-FR\",\"@id\":\"https:\\\/\\\/www.cryoport.com\\\/fr\\\/expertise-sectorielle\\\/produits-biologiques\\\/#primaryimage\",\"url\":\"https:\\\/\\\/www.cryoport.com\\\/wp-content\\\/uploads\\\/2025\\\/11\\\/Biologics.png\",\"contentUrl\":\"https:\\\/\\\/www.cryoport.com\\\/wp-content\\\/uploads\\\/2025\\\/11\\\/Biologics.png\",\"width\":450,\"height\":250},{\"@type\":\"BreadcrumbList\",\"@id\":\"https:\\\/\\\/www.cryoport.com\\\/fr\\\/expertise-sectorielle\\\/produits-biologiques\\\/#breadcrumb\",\"itemListElement\":[{\"@type\":\"ListItem\",\"position\":1,\"name\":\"Home\",\"item\":\"https:\\\/\\\/www.cryoport.com\\\/fr\\\/homepage\\\/\"},{\"@type\":\"ListItem\",\"position\":2,\"name\":\"Expertise sectorielle\",\"item\":\"https:\\\/\\\/www.cryoport.com\\\/fr\\\/expertise-sectorielle\\\/\"},{\"@type\":\"ListItem\",\"position\":3,\"name\":\"Produits biologiques\"}]},{\"@type\":\"WebSite\",\"@id\":\"https:\\\/\\\/www.cryoport.com\\\/fr\\\/#website\",\"url\":\"https:\\\/\\\/www.cryoport.com\\\/fr\\\/\",\"name\":\"Cryoport Systems\",\"description\":\"Enabling the Future of Medicine\",\"publisher\":{\"@id\":\"https:\\\/\\\/www.cryoport.com\\\/fr\\\/#organization\"},\"potentialAction\":[{\"@type\":\"SearchAction\",\"target\":{\"@type\":\"EntryPoint\",\"urlTemplate\":\"https:\\\/\\\/www.cryoport.com\\\/fr\\\/?s={search_term_string}\"},\"query-input\":{\"@type\":\"PropertyValueSpecification\",\"valueRequired\":true,\"valueName\":\"search_term_string\"}}],\"inLanguage\":\"fr-FR\"},{\"@type\":\"Organization\",\"@id\":\"https:\\\/\\\/www.cryoport.com\\\/fr\\\/#organization\",\"name\":\"Cryoport Systems\",\"url\":\"https:\\\/\\\/www.cryoport.com\\\/fr\\\/\",\"logo\":{\"@type\":\"ImageObject\",\"inLanguage\":\"fr-FR\",\"@id\":\"https:\\\/\\\/www.cryoport.com\\\/fr\\\/#\\\/schema\\\/logo\\\/image\\\/\",\"url\":\"https:\\\/\\\/www.cryoport.com\\\/wp-content\\\/uploads\\\/2023\\\/12\\\/systems-square.png\",\"contentUrl\":\"https:\\\/\\\/www.cryoport.com\\\/wp-content\\\/uploads\\\/2023\\\/12\\\/systems-square.png\",\"width\":1200,\"height\":1200,\"caption\":\"Cryoport Systems\"},\"image\":{\"@id\":\"https:\\\/\\\/www.cryoport.com\\\/fr\\\/#\\\/schema\\\/logo\\\/image\\\/\"},\"sameAs\":[\"https:\\\/\\\/x.com\\\/cryoport\",\"https:\\\/\\\/www.linkedin.com\\\/company\\\/856887\",\"https:\\\/\\\/www.youtube.com\\\/user\\\/CryoportVideo\"]}]}<\/script>\n<!-- \/ Yoast SEO plugin. -->","yoast_head_json":{"title":"Produits biologiques - Cryoport Systems","description":"Vous pouvez \u00eatre confront\u00e9 \u00e0 de nombreux d\u00e9fis lors de l'exp\u00e9dition de produits biologiques. D\u00e9couvrez comment Cryoport Systems peut vous aider gr\u00e2ce \u00e0 notre plateforme de services de r\u00e9duction des risques.","robots":{"index":"index","follow":"follow","max-snippet":"max-snippet:-1","max-image-preview":"max-image-preview:large","max-video-preview":"max-video-preview:-1"},"canonical":"https:\/\/www.cryoport.com\/fr\/expertise-sectorielle\/produits-biologiques\/","og_locale":"fr_FR","og_type":"article","og_title":"Produits biologiques - Cryoport Systems","og_description":"Vous pouvez \u00eatre confront\u00e9 \u00e0 de nombreux d\u00e9fis lors de l'exp\u00e9dition de produits biologiques. D\u00e9couvrez comment Cryoport Systems peut vous aider gr\u00e2ce \u00e0 notre plateforme de services de r\u00e9duction des risques.","og_url":"https:\/\/www.cryoport.com\/fr\/expertise-sectorielle\/produits-biologiques\/","og_site_name":"Cryoport Systems","article_modified_time":"2026-02-12T19:54:34+00:00","og_image":[{"width":450,"height":250,"url":"https:\/\/www.cryoport.com\/wp-content\/uploads\/2025\/11\/Biologics.png","type":"image\/png"}],"twitter_card":"summary_large_image","twitter_site":"@cryoport","schema":{"@context":"https:\/\/schema.org","@graph":[{"@type":"WebPage","@id":"https:\/\/www.cryoport.com\/fr\/expertise-sectorielle\/produits-biologiques\/","url":"https:\/\/www.cryoport.com\/fr\/expertise-sectorielle\/produits-biologiques\/","name":"Produits biologiques - Cryoport Systems","isPartOf":{"@id":"https:\/\/www.cryoport.com\/fr\/#website"},"primaryImageOfPage":{"@id":"https:\/\/www.cryoport.com\/fr\/expertise-sectorielle\/produits-biologiques\/#primaryimage"},"image":{"@id":"https:\/\/www.cryoport.com\/fr\/expertise-sectorielle\/produits-biologiques\/#primaryimage"},"thumbnailUrl":"https:\/\/www.cryoport.com\/wp-content\/uploads\/2025\/11\/Biologics.png","datePublished":"2023-02-23T14:58:24+00:00","dateModified":"2026-02-12T19:54:34+00:00","description":"Vous pouvez \u00eatre confront\u00e9 \u00e0 de nombreux d\u00e9fis lors de l'exp\u00e9dition de produits biologiques. D\u00e9couvrez comment Cryoport Systems peut vous aider gr\u00e2ce \u00e0 notre plateforme de services de r\u00e9duction des risques.","breadcrumb":{"@id":"https:\/\/www.cryoport.com\/fr\/expertise-sectorielle\/produits-biologiques\/#breadcrumb"},"inLanguage":"fr-FR","potentialAction":[{"@type":"ReadAction","target":["https:\/\/www.cryoport.com\/fr\/expertise-sectorielle\/produits-biologiques\/"]}]},{"@type":"ImageObject","inLanguage":"fr-FR","@id":"https:\/\/www.cryoport.com\/fr\/expertise-sectorielle\/produits-biologiques\/#primaryimage","url":"https:\/\/www.cryoport.com\/wp-content\/uploads\/2025\/11\/Biologics.png","contentUrl":"https:\/\/www.cryoport.com\/wp-content\/uploads\/2025\/11\/Biologics.png","width":450,"height":250},{"@type":"BreadcrumbList","@id":"https:\/\/www.cryoport.com\/fr\/expertise-sectorielle\/produits-biologiques\/#breadcrumb","itemListElement":[{"@type":"ListItem","position":1,"name":"Home","item":"https:\/\/www.cryoport.com\/fr\/homepage\/"},{"@type":"ListItem","position":2,"name":"Expertise sectorielle","item":"https:\/\/www.cryoport.com\/fr\/expertise-sectorielle\/"},{"@type":"ListItem","position":3,"name":"Produits biologiques"}]},{"@type":"WebSite","@id":"https:\/\/www.cryoport.com\/fr\/#website","url":"https:\/\/www.cryoport.com\/fr\/","name":"Cryoport Systems","description":"Enabling the Future of Medicine","publisher":{"@id":"https:\/\/www.cryoport.com\/fr\/#organization"},"potentialAction":[{"@type":"SearchAction","target":{"@type":"EntryPoint","urlTemplate":"https:\/\/www.cryoport.com\/fr\/?s={search_term_string}"},"query-input":{"@type":"PropertyValueSpecification","valueRequired":true,"valueName":"search_term_string"}}],"inLanguage":"fr-FR"},{"@type":"Organization","@id":"https:\/\/www.cryoport.com\/fr\/#organization","name":"Cryoport Systems","url":"https:\/\/www.cryoport.com\/fr\/","logo":{"@type":"ImageObject","inLanguage":"fr-FR","@id":"https:\/\/www.cryoport.com\/fr\/#\/schema\/logo\/image\/","url":"https:\/\/www.cryoport.com\/wp-content\/uploads\/2023\/12\/systems-square.png","contentUrl":"https:\/\/www.cryoport.com\/wp-content\/uploads\/2023\/12\/systems-square.png","width":1200,"height":1200,"caption":"Cryoport Systems"},"image":{"@id":"https:\/\/www.cryoport.com\/fr\/#\/schema\/logo\/image\/"},"sameAs":["https:\/\/x.com\/cryoport","https:\/\/www.linkedin.com\/company\/856887","https:\/\/www.youtube.com\/user\/CryoportVideo"]}]}},"_links":{"self":[{"href":"https:\/\/www.cryoport.com\/fr\/wp-json\/wp\/v2\/pages\/23657","targetHints":{"allow":["GET"]}}],"collection":[{"href":"https:\/\/www.cryoport.com\/fr\/wp-json\/wp\/v2\/pages"}],"about":[{"href":"https:\/\/www.cryoport.com\/fr\/wp-json\/wp\/v2\/types\/page"}],"author":[{"embeddable":true,"href":"https:\/\/www.cryoport.com\/fr\/wp-json\/wp\/v2\/users\/1"}],"replies":[{"embeddable":true,"href":"https:\/\/www.cryoport.com\/fr\/wp-json\/wp\/v2\/comments?post=23657"}],"version-history":[{"count":1,"href":"https:\/\/www.cryoport.com\/fr\/wp-json\/wp\/v2\/pages\/23657\/revisions"}],"predecessor-version":[{"id":24782,"href":"https:\/\/www.cryoport.com\/fr\/wp-json\/wp\/v2\/pages\/23657\/revisions\/24782"}],"up":[{"embeddable":true,"href":"https:\/\/www.cryoport.com\/fr\/wp-json\/wp\/v2\/pages\/23649"}],"wp:featuredmedia":[{"embeddable":true,"href":"https:\/\/www.cryoport.com\/fr\/wp-json\/wp\/v2\/media\/21847"}],"wp:attachment":[{"href":"https:\/\/www.cryoport.com\/fr\/wp-json\/wp\/v2\/media?parent=23657"}],"curies":[{"name":"wp","href":"https:\/\/api.w.org\/{rel}","templated":true}]}}