{"id":23677,"date":"2023-02-23T14:58:36","date_gmt":"2023-02-23T14:58:36","guid":{"rendered":"https:\/\/www.cryoport.com\/expertise-sectorielle\/medecine-de-la-reproduction\/"},"modified":"2026-02-12T14:54:35","modified_gmt":"2026-02-12T19:54:35","slug":"medecine-de-la-reproduction","status":"publish","type":"page","link":"https:\/\/www.cryoport.com\/fr\/expertise-sectorielle\/medecine-de-la-reproduction\/","title":{"rendered":"M\u00e9decine de la reproduction"},"content":{"rendered":"","protected":false},"excerpt":{"rendered":"","protected":false},"author":1,"featured_media":18163,"parent":23649,"menu_order":0,"comment_status":"closed","ping_status":"closed","template":"","meta":{"_acf_changed":false,"footnotes":""},"class_list":["post-23677","page","type-page","status-publish","has-post-thumbnail","hentry"],"acf":[],"yoast_head":"<!-- This site is optimized with the Yoast SEO plugin v27.4 - https:\/\/yoast.com\/product\/yoast-seo-wordpress\/ -->\n<title>M\u00e9decine de la reproduction - Cryoport Systems<\/title>\n<meta name=\"description\" content=\"D\u00e9couvrez pourquoi nos services de logistique et de transport sont les plus fiables du march\u00e9 pour le transport de mat\u00e9riels de reproduction sensibles.\" \/>\n<meta name=\"robots\" content=\"index, follow, max-snippet:-1, max-image-preview:large, max-video-preview:-1\" \/>\n<link rel=\"canonical\" href=\"https:\/\/www.cryoport.com\/fr\/expertise-sectorielle\/medecine-de-la-reproduction\/\" \/>\n<meta property=\"og:locale\" content=\"fr_FR\" \/>\n<meta property=\"og:type\" content=\"article\" \/>\n<meta property=\"og:title\" content=\"M\u00e9decine de la reproduction - Cryoport Systems\" \/>\n<meta property=\"og:description\" content=\"D\u00e9couvrez pourquoi nos services de logistique et de transport sont les plus fiables du march\u00e9 pour le transport de mat\u00e9riels de reproduction sensibles.\" \/>\n<meta property=\"og:url\" content=\"https:\/\/www.cryoport.com\/fr\/expertise-sectorielle\/medecine-de-la-reproduction\/\" \/>\n<meta property=\"og:site_name\" content=\"Cryoport Systems\" \/>\n<meta property=\"article:modified_time\" content=\"2026-02-12T19:54:35+00:00\" \/>\n<meta property=\"og:image\" content=\"https:\/\/www.cryoport.com\/wp-content\/uploads\/2025\/05\/RM-Photo.png\" \/>\n\t<meta property=\"og:image:width\" content=\"450\" \/>\n\t<meta property=\"og:image:height\" content=\"250\" \/>\n\t<meta property=\"og:image:type\" content=\"image\/png\" \/>\n<meta name=\"twitter:card\" content=\"summary_large_image\" \/>\n<meta name=\"twitter:site\" content=\"@cryoport\" \/>\n<script type=\"application\/ld+json\" class=\"yoast-schema-graph\">{\"@context\":\"https:\\\/\\\/schema.org\",\"@graph\":[{\"@type\":\"WebPage\",\"@id\":\"https:\\\/\\\/www.cryoport.com\\\/fr\\\/expertise-sectorielle\\\/medecine-de-la-reproduction\\\/\",\"url\":\"https:\\\/\\\/www.cryoport.com\\\/fr\\\/expertise-sectorielle\\\/medecine-de-la-reproduction\\\/\",\"name\":\"M\u00e9decine de la reproduction - Cryoport Systems\",\"isPartOf\":{\"@id\":\"https:\\\/\\\/www.cryoport.com\\\/fr\\\/#website\"},\"primaryImageOfPage\":{\"@id\":\"https:\\\/\\\/www.cryoport.com\\\/fr\\\/expertise-sectorielle\\\/medecine-de-la-reproduction\\\/#primaryimage\"},\"image\":{\"@id\":\"https:\\\/\\\/www.cryoport.com\\\/fr\\\/expertise-sectorielle\\\/medecine-de-la-reproduction\\\/#primaryimage\"},\"thumbnailUrl\":\"https:\\\/\\\/www.cryoport.com\\\/wp-content\\\/uploads\\\/2025\\\/05\\\/RM-Photo.png\",\"datePublished\":\"2023-02-23T14:58:36+00:00\",\"dateModified\":\"2026-02-12T19:54:35+00:00\",\"description\":\"D\u00e9couvrez pourquoi nos services de logistique et de transport sont les plus fiables du march\u00e9 pour le transport de mat\u00e9riels de reproduction sensibles.\",\"breadcrumb\":{\"@id\":\"https:\\\/\\\/www.cryoport.com\\\/fr\\\/expertise-sectorielle\\\/medecine-de-la-reproduction\\\/#breadcrumb\"},\"inLanguage\":\"fr-FR\",\"potentialAction\":[{\"@type\":\"ReadAction\",\"target\":[\"https:\\\/\\\/www.cryoport.com\\\/fr\\\/expertise-sectorielle\\\/medecine-de-la-reproduction\\\/\"]}]},{\"@type\":\"ImageObject\",\"inLanguage\":\"fr-FR\",\"@id\":\"https:\\\/\\\/www.cryoport.com\\\/fr\\\/expertise-sectorielle\\\/medecine-de-la-reproduction\\\/#primaryimage\",\"url\":\"https:\\\/\\\/www.cryoport.com\\\/wp-content\\\/uploads\\\/2025\\\/05\\\/RM-Photo.png\",\"contentUrl\":\"https:\\\/\\\/www.cryoport.com\\\/wp-content\\\/uploads\\\/2025\\\/05\\\/RM-Photo.png\",\"width\":450,\"height\":250},{\"@type\":\"BreadcrumbList\",\"@id\":\"https:\\\/\\\/www.cryoport.com\\\/fr\\\/expertise-sectorielle\\\/medecine-de-la-reproduction\\\/#breadcrumb\",\"itemListElement\":[{\"@type\":\"ListItem\",\"position\":1,\"name\":\"Home\",\"item\":\"https:\\\/\\\/www.cryoport.com\\\/fr\\\/homepage\\\/\"},{\"@type\":\"ListItem\",\"position\":2,\"name\":\"Expertise sectorielle\",\"item\":\"https:\\\/\\\/www.cryoport.com\\\/fr\\\/expertise-sectorielle\\\/\"},{\"@type\":\"ListItem\",\"position\":3,\"name\":\"M\u00e9decine de la reproduction\"}]},{\"@type\":\"WebSite\",\"@id\":\"https:\\\/\\\/www.cryoport.com\\\/fr\\\/#website\",\"url\":\"https:\\\/\\\/www.cryoport.com\\\/fr\\\/\",\"name\":\"Cryoport Systems\",\"description\":\"Enabling the Future of Medicine\",\"publisher\":{\"@id\":\"https:\\\/\\\/www.cryoport.com\\\/fr\\\/#organization\"},\"potentialAction\":[{\"@type\":\"SearchAction\",\"target\":{\"@type\":\"EntryPoint\",\"urlTemplate\":\"https:\\\/\\\/www.cryoport.com\\\/fr\\\/?s={search_term_string}\"},\"query-input\":{\"@type\":\"PropertyValueSpecification\",\"valueRequired\":true,\"valueName\":\"search_term_string\"}}],\"inLanguage\":\"fr-FR\"},{\"@type\":\"Organization\",\"@id\":\"https:\\\/\\\/www.cryoport.com\\\/fr\\\/#organization\",\"name\":\"Cryoport Systems\",\"url\":\"https:\\\/\\\/www.cryoport.com\\\/fr\\\/\",\"logo\":{\"@type\":\"ImageObject\",\"inLanguage\":\"fr-FR\",\"@id\":\"https:\\\/\\\/www.cryoport.com\\\/fr\\\/#\\\/schema\\\/logo\\\/image\\\/\",\"url\":\"https:\\\/\\\/www.cryoport.com\\\/wp-content\\\/uploads\\\/2023\\\/12\\\/systems-square.png\",\"contentUrl\":\"https:\\\/\\\/www.cryoport.com\\\/wp-content\\\/uploads\\\/2023\\\/12\\\/systems-square.png\",\"width\":1200,\"height\":1200,\"caption\":\"Cryoport Systems\"},\"image\":{\"@id\":\"https:\\\/\\\/www.cryoport.com\\\/fr\\\/#\\\/schema\\\/logo\\\/image\\\/\"},\"sameAs\":[\"https:\\\/\\\/x.com\\\/cryoport\",\"https:\\\/\\\/www.linkedin.com\\\/company\\\/856887\",\"https:\\\/\\\/www.youtube.com\\\/user\\\/CryoportVideo\"]}]}<\/script>\n<!-- \/ Yoast SEO plugin. -->","yoast_head_json":{"title":"M\u00e9decine de la reproduction - Cryoport Systems","description":"D\u00e9couvrez pourquoi nos services de logistique et de transport sont les plus fiables du march\u00e9 pour le transport de mat\u00e9riels de reproduction sensibles.","robots":{"index":"index","follow":"follow","max-snippet":"max-snippet:-1","max-image-preview":"max-image-preview:large","max-video-preview":"max-video-preview:-1"},"canonical":"https:\/\/www.cryoport.com\/fr\/expertise-sectorielle\/medecine-de-la-reproduction\/","og_locale":"fr_FR","og_type":"article","og_title":"M\u00e9decine de la reproduction - Cryoport Systems","og_description":"D\u00e9couvrez pourquoi nos services de logistique et de transport sont les plus fiables du march\u00e9 pour le transport de mat\u00e9riels de reproduction sensibles.","og_url":"https:\/\/www.cryoport.com\/fr\/expertise-sectorielle\/medecine-de-la-reproduction\/","og_site_name":"Cryoport Systems","article_modified_time":"2026-02-12T19:54:35+00:00","og_image":[{"width":450,"height":250,"url":"https:\/\/www.cryoport.com\/wp-content\/uploads\/2025\/05\/RM-Photo.png","type":"image\/png"}],"twitter_card":"summary_large_image","twitter_site":"@cryoport","schema":{"@context":"https:\/\/schema.org","@graph":[{"@type":"WebPage","@id":"https:\/\/www.cryoport.com\/fr\/expertise-sectorielle\/medecine-de-la-reproduction\/","url":"https:\/\/www.cryoport.com\/fr\/expertise-sectorielle\/medecine-de-la-reproduction\/","name":"M\u00e9decine de la reproduction - Cryoport Systems","isPartOf":{"@id":"https:\/\/www.cryoport.com\/fr\/#website"},"primaryImageOfPage":{"@id":"https:\/\/www.cryoport.com\/fr\/expertise-sectorielle\/medecine-de-la-reproduction\/#primaryimage"},"image":{"@id":"https:\/\/www.cryoport.com\/fr\/expertise-sectorielle\/medecine-de-la-reproduction\/#primaryimage"},"thumbnailUrl":"https:\/\/www.cryoport.com\/wp-content\/uploads\/2025\/05\/RM-Photo.png","datePublished":"2023-02-23T14:58:36+00:00","dateModified":"2026-02-12T19:54:35+00:00","description":"D\u00e9couvrez pourquoi nos services de logistique et de transport sont les plus fiables du march\u00e9 pour le transport de mat\u00e9riels de reproduction sensibles.","breadcrumb":{"@id":"https:\/\/www.cryoport.com\/fr\/expertise-sectorielle\/medecine-de-la-reproduction\/#breadcrumb"},"inLanguage":"fr-FR","potentialAction":[{"@type":"ReadAction","target":["https:\/\/www.cryoport.com\/fr\/expertise-sectorielle\/medecine-de-la-reproduction\/"]}]},{"@type":"ImageObject","inLanguage":"fr-FR","@id":"https:\/\/www.cryoport.com\/fr\/expertise-sectorielle\/medecine-de-la-reproduction\/#primaryimage","url":"https:\/\/www.cryoport.com\/wp-content\/uploads\/2025\/05\/RM-Photo.png","contentUrl":"https:\/\/www.cryoport.com\/wp-content\/uploads\/2025\/05\/RM-Photo.png","width":450,"height":250},{"@type":"BreadcrumbList","@id":"https:\/\/www.cryoport.com\/fr\/expertise-sectorielle\/medecine-de-la-reproduction\/#breadcrumb","itemListElement":[{"@type":"ListItem","position":1,"name":"Home","item":"https:\/\/www.cryoport.com\/fr\/homepage\/"},{"@type":"ListItem","position":2,"name":"Expertise sectorielle","item":"https:\/\/www.cryoport.com\/fr\/expertise-sectorielle\/"},{"@type":"ListItem","position":3,"name":"M\u00e9decine de la reproduction"}]},{"@type":"WebSite","@id":"https:\/\/www.cryoport.com\/fr\/#website","url":"https:\/\/www.cryoport.com\/fr\/","name":"Cryoport Systems","description":"Enabling the Future of Medicine","publisher":{"@id":"https:\/\/www.cryoport.com\/fr\/#organization"},"potentialAction":[{"@type":"SearchAction","target":{"@type":"EntryPoint","urlTemplate":"https:\/\/www.cryoport.com\/fr\/?s={search_term_string}"},"query-input":{"@type":"PropertyValueSpecification","valueRequired":true,"valueName":"search_term_string"}}],"inLanguage":"fr-FR"},{"@type":"Organization","@id":"https:\/\/www.cryoport.com\/fr\/#organization","name":"Cryoport Systems","url":"https:\/\/www.cryoport.com\/fr\/","logo":{"@type":"ImageObject","inLanguage":"fr-FR","@id":"https:\/\/www.cryoport.com\/fr\/#\/schema\/logo\/image\/","url":"https:\/\/www.cryoport.com\/wp-content\/uploads\/2023\/12\/systems-square.png","contentUrl":"https:\/\/www.cryoport.com\/wp-content\/uploads\/2023\/12\/systems-square.png","width":1200,"height":1200,"caption":"Cryoport Systems"},"image":{"@id":"https:\/\/www.cryoport.com\/fr\/#\/schema\/logo\/image\/"},"sameAs":["https:\/\/x.com\/cryoport","https:\/\/www.linkedin.com\/company\/856887","https:\/\/www.youtube.com\/user\/CryoportVideo"]}]}},"_links":{"self":[{"href":"https:\/\/www.cryoport.com\/fr\/wp-json\/wp\/v2\/pages\/23677","targetHints":{"allow":["GET"]}}],"collection":[{"href":"https:\/\/www.cryoport.com\/fr\/wp-json\/wp\/v2\/pages"}],"about":[{"href":"https:\/\/www.cryoport.com\/fr\/wp-json\/wp\/v2\/types\/page"}],"author":[{"embeddable":true,"href":"https:\/\/www.cryoport.com\/fr\/wp-json\/wp\/v2\/users\/1"}],"replies":[{"embeddable":true,"href":"https:\/\/www.cryoport.com\/fr\/wp-json\/wp\/v2\/comments?post=23677"}],"version-history":[{"count":1,"href":"https:\/\/www.cryoport.com\/fr\/wp-json\/wp\/v2\/pages\/23677\/revisions"}],"predecessor-version":[{"id":24784,"href":"https:\/\/www.cryoport.com\/fr\/wp-json\/wp\/v2\/pages\/23677\/revisions\/24784"}],"up":[{"embeddable":true,"href":"https:\/\/www.cryoport.com\/fr\/wp-json\/wp\/v2\/pages\/23649"}],"wp:featuredmedia":[{"embeddable":true,"href":"https:\/\/www.cryoport.com\/fr\/wp-json\/wp\/v2\/media\/18163"}],"wp:attachment":[{"href":"https:\/\/www.cryoport.com\/fr\/wp-json\/wp\/v2\/media?parent=23677"}],"curies":[{"name":"wp","href":"https:\/\/api.w.org\/{rel}","templated":true}]}}