{"id":23684,"date":"2023-01-13T04:16:46","date_gmt":"2023-01-13T04:16:46","guid":{"rendered":"https:\/\/www.cryoport.com\/solutions\/services-de-conseil\/qualification-des-performances-des-systemes-dexpedition-et-des-emballages\/"},"modified":"2026-02-12T14:55:07","modified_gmt":"2026-02-12T19:55:07","slug":"qualification-des-performances-des-systemes-dexpedition-et-des-emballages","status":"publish","type":"page","link":"https:\/\/www.cryoport.com\/fr\/solutions\/services-de-conseil\/qualification-des-performances-des-systemes-dexpedition-et-des-emballages\/","title":{"rendered":"Qualification des performances des syst\u00e8mes d&rsquo;exp\u00e9dition et des emballages"},"content":{"rendered":"","protected":false},"excerpt":{"rendered":"","protected":false},"author":1,"featured_media":21980,"parent":23620,"menu_order":0,"comment_status":"closed","ping_status":"closed","template":"","meta":{"_acf_changed":false,"footnotes":""},"class_list":["post-23684","page","type-page","status-publish","has-post-thumbnail","hentry"],"acf":[],"yoast_head":"<!-- This site is optimized with the Yoast SEO plugin v27.4 - https:\/\/yoast.com\/product\/yoast-seo-wordpress\/ -->\n<title>Qualification des performances des syst\u00e8mes d&#039;exp\u00e9dition et des emballages - Cryoport Systems<\/title>\n<meta name=\"description\" content=\"Cryoport Consulting Services produira des qualifications d&#039;emballage compl\u00e8tes pour v\u00e9rifier l&#039;int\u00e9grit\u00e9 de l&#039;emballage. En savoir plus.\" \/>\n<meta name=\"robots\" content=\"index, follow, max-snippet:-1, max-image-preview:large, max-video-preview:-1\" \/>\n<link rel=\"canonical\" href=\"https:\/\/www.cryoport.com\/fr\/solutions\/services-de-conseil\/qualification-des-performances-des-systemes-dexpedition-et-des-emballages\/\" \/>\n<meta property=\"og:locale\" content=\"fr_FR\" \/>\n<meta property=\"og:type\" content=\"article\" \/>\n<meta property=\"og:title\" content=\"Qualification des performances des syst\u00e8mes d&#039;exp\u00e9dition et des emballages - Cryoport Systems\" \/>\n<meta property=\"og:description\" content=\"Cryoport Consulting Services produira des qualifications d&#039;emballage compl\u00e8tes pour v\u00e9rifier l&#039;int\u00e9grit\u00e9 de l&#039;emballage. En savoir plus.\" \/>\n<meta property=\"og:url\" content=\"https:\/\/www.cryoport.com\/fr\/solutions\/services-de-conseil\/qualification-des-performances-des-systemes-dexpedition-et-des-emballages\/\" \/>\n<meta property=\"og:site_name\" content=\"Cryoport Systems\" \/>\n<meta property=\"article:modified_time\" content=\"2026-02-12T19:55:07+00:00\" \/>\n<meta property=\"og:image\" content=\"https:\/\/www.cryoport.com\/wp-content\/uploads\/2025\/11\/Packaging-Qualifications.png\" \/>\n\t<meta property=\"og:image:width\" content=\"450\" \/>\n\t<meta property=\"og:image:height\" content=\"250\" \/>\n\t<meta property=\"og:image:type\" content=\"image\/png\" \/>\n<meta name=\"twitter:card\" content=\"summary_large_image\" \/>\n<meta name=\"twitter:site\" content=\"@cryoport\" \/>\n<script type=\"application\/ld+json\" class=\"yoast-schema-graph\">{\"@context\":\"https:\\\/\\\/schema.org\",\"@graph\":[{\"@type\":\"WebPage\",\"@id\":\"https:\\\/\\\/www.cryoport.com\\\/fr\\\/solutions\\\/services-de-conseil\\\/qualification-des-performances-des-systemes-dexpedition-et-des-emballages\\\/\",\"url\":\"https:\\\/\\\/www.cryoport.com\\\/fr\\\/solutions\\\/services-de-conseil\\\/qualification-des-performances-des-systemes-dexpedition-et-des-emballages\\\/\",\"name\":\"Qualification des performances des syst\u00e8mes d'exp\u00e9dition et des emballages - Cryoport Systems\",\"isPartOf\":{\"@id\":\"https:\\\/\\\/www.cryoport.com\\\/fr\\\/#website\"},\"primaryImageOfPage\":{\"@id\":\"https:\\\/\\\/www.cryoport.com\\\/fr\\\/solutions\\\/services-de-conseil\\\/qualification-des-performances-des-systemes-dexpedition-et-des-emballages\\\/#primaryimage\"},\"image\":{\"@id\":\"https:\\\/\\\/www.cryoport.com\\\/fr\\\/solutions\\\/services-de-conseil\\\/qualification-des-performances-des-systemes-dexpedition-et-des-emballages\\\/#primaryimage\"},\"thumbnailUrl\":\"https:\\\/\\\/www.cryoport.com\\\/wp-content\\\/uploads\\\/2025\\\/11\\\/Packaging-Qualifications.png\",\"datePublished\":\"2023-01-13T04:16:46+00:00\",\"dateModified\":\"2026-02-12T19:55:07+00:00\",\"description\":\"Cryoport Consulting Services produira des qualifications d'emballage compl\u00e8tes pour v\u00e9rifier l'int\u00e9grit\u00e9 de l'emballage. En savoir plus.\",\"breadcrumb\":{\"@id\":\"https:\\\/\\\/www.cryoport.com\\\/fr\\\/solutions\\\/services-de-conseil\\\/qualification-des-performances-des-systemes-dexpedition-et-des-emballages\\\/#breadcrumb\"},\"inLanguage\":\"fr-FR\",\"potentialAction\":[{\"@type\":\"ReadAction\",\"target\":[\"https:\\\/\\\/www.cryoport.com\\\/fr\\\/solutions\\\/services-de-conseil\\\/qualification-des-performances-des-systemes-dexpedition-et-des-emballages\\\/\"]}]},{\"@type\":\"ImageObject\",\"inLanguage\":\"fr-FR\",\"@id\":\"https:\\\/\\\/www.cryoport.com\\\/fr\\\/solutions\\\/services-de-conseil\\\/qualification-des-performances-des-systemes-dexpedition-et-des-emballages\\\/#primaryimage\",\"url\":\"https:\\\/\\\/www.cryoport.com\\\/wp-content\\\/uploads\\\/2025\\\/11\\\/Packaging-Qualifications.png\",\"contentUrl\":\"https:\\\/\\\/www.cryoport.com\\\/wp-content\\\/uploads\\\/2025\\\/11\\\/Packaging-Qualifications.png\",\"width\":450,\"height\":250},{\"@type\":\"BreadcrumbList\",\"@id\":\"https:\\\/\\\/www.cryoport.com\\\/fr\\\/solutions\\\/services-de-conseil\\\/qualification-des-performances-des-systemes-dexpedition-et-des-emballages\\\/#breadcrumb\",\"itemListElement\":[{\"@type\":\"ListItem\",\"position\":1,\"name\":\"Home\",\"item\":\"https:\\\/\\\/www.cryoport.com\\\/fr\\\/homepage\\\/\"},{\"@type\":\"ListItem\",\"position\":2,\"name\":\"Solutions\",\"item\":\"https:\\\/\\\/www.cryoport.com\\\/fr\\\/solutions\\\/\"},{\"@type\":\"ListItem\",\"position\":3,\"name\":\"Services de conseil\",\"item\":\"https:\\\/\\\/www.cryoport.com\\\/fr\\\/solutions\\\/services-de-conseil\\\/\"},{\"@type\":\"ListItem\",\"position\":4,\"name\":\"Qualification des performances des syst\u00e8mes d&rsquo;exp\u00e9dition et des emballages\"}]},{\"@type\":\"WebSite\",\"@id\":\"https:\\\/\\\/www.cryoport.com\\\/fr\\\/#website\",\"url\":\"https:\\\/\\\/www.cryoport.com\\\/fr\\\/\",\"name\":\"Cryoport Systems\",\"description\":\"Enabling the Future of Medicine\",\"publisher\":{\"@id\":\"https:\\\/\\\/www.cryoport.com\\\/fr\\\/#organization\"},\"potentialAction\":[{\"@type\":\"SearchAction\",\"target\":{\"@type\":\"EntryPoint\",\"urlTemplate\":\"https:\\\/\\\/www.cryoport.com\\\/fr\\\/?s={search_term_string}\"},\"query-input\":{\"@type\":\"PropertyValueSpecification\",\"valueRequired\":true,\"valueName\":\"search_term_string\"}}],\"inLanguage\":\"fr-FR\"},{\"@type\":\"Organization\",\"@id\":\"https:\\\/\\\/www.cryoport.com\\\/fr\\\/#organization\",\"name\":\"Cryoport Systems\",\"url\":\"https:\\\/\\\/www.cryoport.com\\\/fr\\\/\",\"logo\":{\"@type\":\"ImageObject\",\"inLanguage\":\"fr-FR\",\"@id\":\"https:\\\/\\\/www.cryoport.com\\\/fr\\\/#\\\/schema\\\/logo\\\/image\\\/\",\"url\":\"https:\\\/\\\/www.cryoport.com\\\/wp-content\\\/uploads\\\/2023\\\/12\\\/systems-square.png\",\"contentUrl\":\"https:\\\/\\\/www.cryoport.com\\\/wp-content\\\/uploads\\\/2023\\\/12\\\/systems-square.png\",\"width\":1200,\"height\":1200,\"caption\":\"Cryoport Systems\"},\"image\":{\"@id\":\"https:\\\/\\\/www.cryoport.com\\\/fr\\\/#\\\/schema\\\/logo\\\/image\\\/\"},\"sameAs\":[\"https:\\\/\\\/x.com\\\/cryoport\",\"https:\\\/\\\/www.linkedin.com\\\/company\\\/856887\",\"https:\\\/\\\/www.youtube.com\\\/user\\\/CryoportVideo\"]}]}<\/script>\n<!-- \/ Yoast SEO plugin. -->","yoast_head_json":{"title":"Qualification des performances des syst\u00e8mes d'exp\u00e9dition et des emballages - Cryoport Systems","description":"Cryoport Consulting Services produira des qualifications d'emballage compl\u00e8tes pour v\u00e9rifier l'int\u00e9grit\u00e9 de l'emballage. En savoir plus.","robots":{"index":"index","follow":"follow","max-snippet":"max-snippet:-1","max-image-preview":"max-image-preview:large","max-video-preview":"max-video-preview:-1"},"canonical":"https:\/\/www.cryoport.com\/fr\/solutions\/services-de-conseil\/qualification-des-performances-des-systemes-dexpedition-et-des-emballages\/","og_locale":"fr_FR","og_type":"article","og_title":"Qualification des performances des syst\u00e8mes d'exp\u00e9dition et des emballages - Cryoport Systems","og_description":"Cryoport Consulting Services produira des qualifications d'emballage compl\u00e8tes pour v\u00e9rifier l'int\u00e9grit\u00e9 de l'emballage. En savoir plus.","og_url":"https:\/\/www.cryoport.com\/fr\/solutions\/services-de-conseil\/qualification-des-performances-des-systemes-dexpedition-et-des-emballages\/","og_site_name":"Cryoport Systems","article_modified_time":"2026-02-12T19:55:07+00:00","og_image":[{"width":450,"height":250,"url":"https:\/\/www.cryoport.com\/wp-content\/uploads\/2025\/11\/Packaging-Qualifications.png","type":"image\/png"}],"twitter_card":"summary_large_image","twitter_site":"@cryoport","schema":{"@context":"https:\/\/schema.org","@graph":[{"@type":"WebPage","@id":"https:\/\/www.cryoport.com\/fr\/solutions\/services-de-conseil\/qualification-des-performances-des-systemes-dexpedition-et-des-emballages\/","url":"https:\/\/www.cryoport.com\/fr\/solutions\/services-de-conseil\/qualification-des-performances-des-systemes-dexpedition-et-des-emballages\/","name":"Qualification des performances des syst\u00e8mes d'exp\u00e9dition et des emballages - Cryoport Systems","isPartOf":{"@id":"https:\/\/www.cryoport.com\/fr\/#website"},"primaryImageOfPage":{"@id":"https:\/\/www.cryoport.com\/fr\/solutions\/services-de-conseil\/qualification-des-performances-des-systemes-dexpedition-et-des-emballages\/#primaryimage"},"image":{"@id":"https:\/\/www.cryoport.com\/fr\/solutions\/services-de-conseil\/qualification-des-performances-des-systemes-dexpedition-et-des-emballages\/#primaryimage"},"thumbnailUrl":"https:\/\/www.cryoport.com\/wp-content\/uploads\/2025\/11\/Packaging-Qualifications.png","datePublished":"2023-01-13T04:16:46+00:00","dateModified":"2026-02-12T19:55:07+00:00","description":"Cryoport Consulting Services produira des qualifications d'emballage compl\u00e8tes pour v\u00e9rifier l'int\u00e9grit\u00e9 de l'emballage. En savoir plus.","breadcrumb":{"@id":"https:\/\/www.cryoport.com\/fr\/solutions\/services-de-conseil\/qualification-des-performances-des-systemes-dexpedition-et-des-emballages\/#breadcrumb"},"inLanguage":"fr-FR","potentialAction":[{"@type":"ReadAction","target":["https:\/\/www.cryoport.com\/fr\/solutions\/services-de-conseil\/qualification-des-performances-des-systemes-dexpedition-et-des-emballages\/"]}]},{"@type":"ImageObject","inLanguage":"fr-FR","@id":"https:\/\/www.cryoport.com\/fr\/solutions\/services-de-conseil\/qualification-des-performances-des-systemes-dexpedition-et-des-emballages\/#primaryimage","url":"https:\/\/www.cryoport.com\/wp-content\/uploads\/2025\/11\/Packaging-Qualifications.png","contentUrl":"https:\/\/www.cryoport.com\/wp-content\/uploads\/2025\/11\/Packaging-Qualifications.png","width":450,"height":250},{"@type":"BreadcrumbList","@id":"https:\/\/www.cryoport.com\/fr\/solutions\/services-de-conseil\/qualification-des-performances-des-systemes-dexpedition-et-des-emballages\/#breadcrumb","itemListElement":[{"@type":"ListItem","position":1,"name":"Home","item":"https:\/\/www.cryoport.com\/fr\/homepage\/"},{"@type":"ListItem","position":2,"name":"Solutions","item":"https:\/\/www.cryoport.com\/fr\/solutions\/"},{"@type":"ListItem","position":3,"name":"Services de conseil","item":"https:\/\/www.cryoport.com\/fr\/solutions\/services-de-conseil\/"},{"@type":"ListItem","position":4,"name":"Qualification des performances des syst\u00e8mes d&rsquo;exp\u00e9dition et des emballages"}]},{"@type":"WebSite","@id":"https:\/\/www.cryoport.com\/fr\/#website","url":"https:\/\/www.cryoport.com\/fr\/","name":"Cryoport Systems","description":"Enabling the Future of Medicine","publisher":{"@id":"https:\/\/www.cryoport.com\/fr\/#organization"},"potentialAction":[{"@type":"SearchAction","target":{"@type":"EntryPoint","urlTemplate":"https:\/\/www.cryoport.com\/fr\/?s={search_term_string}"},"query-input":{"@type":"PropertyValueSpecification","valueRequired":true,"valueName":"search_term_string"}}],"inLanguage":"fr-FR"},{"@type":"Organization","@id":"https:\/\/www.cryoport.com\/fr\/#organization","name":"Cryoport Systems","url":"https:\/\/www.cryoport.com\/fr\/","logo":{"@type":"ImageObject","inLanguage":"fr-FR","@id":"https:\/\/www.cryoport.com\/fr\/#\/schema\/logo\/image\/","url":"https:\/\/www.cryoport.com\/wp-content\/uploads\/2023\/12\/systems-square.png","contentUrl":"https:\/\/www.cryoport.com\/wp-content\/uploads\/2023\/12\/systems-square.png","width":1200,"height":1200,"caption":"Cryoport Systems"},"image":{"@id":"https:\/\/www.cryoport.com\/fr\/#\/schema\/logo\/image\/"},"sameAs":["https:\/\/x.com\/cryoport","https:\/\/www.linkedin.com\/company\/856887","https:\/\/www.youtube.com\/user\/CryoportVideo"]}]}},"_links":{"self":[{"href":"https:\/\/www.cryoport.com\/fr\/wp-json\/wp\/v2\/pages\/23684","targetHints":{"allow":["GET"]}}],"collection":[{"href":"https:\/\/www.cryoport.com\/fr\/wp-json\/wp\/v2\/pages"}],"about":[{"href":"https:\/\/www.cryoport.com\/fr\/wp-json\/wp\/v2\/types\/page"}],"author":[{"embeddable":true,"href":"https:\/\/www.cryoport.com\/fr\/wp-json\/wp\/v2\/users\/1"}],"replies":[{"embeddable":true,"href":"https:\/\/www.cryoport.com\/fr\/wp-json\/wp\/v2\/comments?post=23684"}],"version-history":[{"count":1,"href":"https:\/\/www.cryoport.com\/fr\/wp-json\/wp\/v2\/pages\/23684\/revisions"}],"predecessor-version":[{"id":24770,"href":"https:\/\/www.cryoport.com\/fr\/wp-json\/wp\/v2\/pages\/23684\/revisions\/24770"}],"up":[{"embeddable":true,"href":"https:\/\/www.cryoport.com\/fr\/wp-json\/wp\/v2\/pages\/23620"}],"wp:featuredmedia":[{"embeddable":true,"href":"https:\/\/www.cryoport.com\/fr\/wp-json\/wp\/v2\/media\/21980"}],"wp:attachment":[{"href":"https:\/\/www.cryoport.com\/fr\/wp-json\/wp\/v2\/media?parent=23684"}],"curies":[{"name":"wp","href":"https:\/\/api.w.org\/{rel}","templated":true}]}}